{"id":189,"date":"2024-04-22T16:52:24","date_gmt":"2024-04-22T16:52:24","guid":{"rendered":"https:\/\/economizavuelo.com\/?page_id=189"},"modified":"2025-06-11T14:10:14","modified_gmt":"2025-06-11T14:10:14","slug":"about","status":"publish","type":"page","link":"https:\/\/economizavuelo.com\/ro\/about\/","title":{"rendered":"Pe"},"content":{"rendered":"<!--advertisement--><div class=\"mx-5 sm:mx-0 sm:text-3xl text-2xl font-medium title-font mb-4 text-gray-900 text-left\">\n<h2 class=\"wp-block-heading\" id=\"h-o-que-voce-quer-aprender-hoje\">Ce vrei s\u0103 \u00eenve\u021bi ast\u0103zi?<\/h2>\n<\/div><div class=\"mx-5 sm:mx-0 prose leading-relaxed text-lg mb-5 text-left wp-paragraph\">\n<p>Nodul <strong>Salva\u021bi zborul<\/strong>, misiunea noastr\u0103 este simpl\u0103: s\u0103 v\u0103 ajut\u0103m s\u0103 c\u0103l\u0103tori\u021bi mai mult \u0219i s\u0103 cheltui\u021bi mai pu\u021bin. Am compilat sfaturi practice, trucuri inteligente \u0219i informa\u021bii valoroase pentru a face c\u0103l\u0103toriile dvs. - cu avionul, ma\u0219ina sau hotelul - mai accesibile \u0219i mai satisf\u0103c\u0103toare.<\/p>\n<\/div><div class=\"mx-5 sm:mx-0 prose leading-relaxed text-lg mb-5 text-left wp-paragraph\">\n<p>Aici ve\u021bi g\u0103si <strong>strategii pentru a economisi la biletele de avion<\/strong>, <strong>\u00eenchiriere auto, finan\u021bare \u0219i op\u021biuni de abonament<\/strong>, \u00een plus fa\u021b\u0103 de <strong>sugestii de \u00eenchiriere a unei case de vacan\u021b\u0103<\/strong> care se potrivesc bugetului dumneavoastr\u0103. Credem c\u0103 explorarea lumii nu trebuie s\u0103 fie costisitoare - ave\u021bi nevoie doar de instrumentele potrivite.<\/p>\n<\/div><div class=\"mx-5 sm:mx-0 prose leading-relaxed text-lg mb-5 text-left wp-paragraph\">\n<p>Angajamentul nostru este s\u0103 v\u0103 \u021binem bine informa\u021bi despre <strong>finan\u021be personale<\/strong>, <strong>Cele mai bune practici de planificare a c\u0103l\u0103toriilor<\/strong> \u015fi <strong>resurse pentru a transforma fiecare c\u0103l\u0103torie \u00eentr-o experien\u021b\u0103 mai economic\u0103, sigur\u0103 \u0219i de neuitat<\/strong>.<\/p>\n<\/div><!--advertisement--><div class=\"mx-5 sm:mx-0 sm:text-3xl text-2xl font-medium title-font mb-4 text-gray-900 text-left\">\n<h2 class=\"wp-block-heading\" id=\"h-quem-somos\">Cine suntem noi?<\/h2>\n<\/div><div class=\"mx-5 sm:mx-0 prose leading-relaxed text-lg mb-5 text-left wp-paragraph\">\n<p>Minuto Vip este o platform\u0103 de jurnalism \u0219i con\u021binut care opereaz\u0103 at\u00e2t \u00een Brazilia, c\u00e2t \u0219i \u00een Estonia. Misiunea noastr\u0103 este s\u0103 oferim \u00een mod constant cel mai bun con\u021binut, indiferent unde te afli. Vrem s\u0103 fim companionul t\u0103u \u00een c\u0103l\u0103toria ta c\u0103tre c\u0103l\u0103torii mai ieftine.<\/p>\n<\/div><!--advertisement--><div class=\"mx-5 sm:mx-0 sm:text-3xl text-2xl font-medium title-font mb-4 text-gray-900 text-left\">\n<h2 class=\"wp-block-heading\" id=\"h-nos-ajude-a-melhorar\">Ajuta\u021bi-ne s\u0103 ne \u00eembun\u0103t\u0103\u021bim<\/h2>\n<\/div><div class=\"mx-5 sm:mx-0 prose leading-relaxed text-lg mb-5 text-left wp-paragraph\">\n<p>Apreciem foarte mult sugestiile dumneavoastr\u0103. Nu ezita\u021bi s\u0103 ne trimite\u021bi un mesaj pe pagina de contact.<\/p>\n<\/div>","protected":false},"excerpt":{"rendered":"<p>Ce vrei s\u0103 \u00eenve\u021bi ast\u0103zi? La Economiza Vuelo, misiunea noastr\u0103 este simpl\u0103: s\u0103 te ajut\u0103m s\u0103 c\u0103l\u0103tore\u0219ti mai mult \u0219i s\u0103 cheltuie\u0219ti mai pu\u021bin. Am adunat sfaturi practice, trucuri inteligente \u0219i informa\u021bii valoroase pentru a face c\u0103l\u0103toriile tale - cu avionul, ma\u0219ina sau hotelul - mai accesibile \u0219i mai profitabile. Aici vei g\u0103si strategii pentru a economisi la biletele de avion, op\u021biuni... <a class=\"more-link\" href=\"https:\/\/economizavuelo.com\/ro\/about\/\">Continu\u0103 s\u0103 cite\u0219ti <span class=\"screen-reader-text\">Pe<\/span><\/a><\/p>","protected":false},"author":6,"featured_media":0,"parent":0,"menu_order":0,"comment_status":"closed","ping_status":"closed","template":"","meta":{"footnotes":""},"yoast_head":"<!-- This site is optimized with the Yoast SEO plugin v23.3 - https:\/\/yoast.com\/wordpress\/plugins\/seo\/ -->\n<title>Sobre - Economiza Vuelo<\/title>\n<meta name=\"robots\" content=\"index, follow, max-snippet:-1, max-image-preview:large, max-video-preview:-1\" \/>\n<link rel=\"canonical\" href=\"https:\/\/economizavuelo.com\/ro\/about\/\" \/>\n<meta property=\"og:locale\" content=\"ro_RO\" \/>\n<meta property=\"og:type\" content=\"article\" \/>\n<meta property=\"og:title\" content=\"Sobre - Economiza Vuelo\" \/>\n<meta property=\"og:description\" content=\"O que voc\u00ea quer aprender hoje? No Economiza Vuelo, nossa miss\u00e3o \u00e9 simples: ajudar voc\u00ea a viajar mais e gastar menos. Reunimos dicas pr\u00e1ticas, truques inteligentes e informa\u00e7\u00f5es valiosas para que suas viagens \u2014 de avi\u00e3o, carro ou hospedagem \u2014 sejam mais acess\u00edveis e gratificantes. Aqui voc\u00ea encontra estrat\u00e9gias para economizar em passagens a\u00e9reas, op\u00e7\u00f5es&hellip; Continue reading Sobre\" \/>\n<meta property=\"og:url\" content=\"https:\/\/economizavuelo.com\/ro\/about\/\" \/>\n<meta property=\"og:site_name\" content=\"Economiza Vuelo\" \/>\n<meta property=\"article:modified_time\" content=\"2025-06-11T14:10:14+00:00\" \/>\n<meta name=\"twitter:card\" content=\"summary_large_image\" \/>\n<meta name=\"twitter:label1\" content=\"Est. reading time\" \/>\n\t<meta name=\"twitter:data1\" content=\"1 minut\" \/>\n<script type=\"application\/ld+json\" class=\"yoast-schema-graph\">{\"@context\":\"https:\/\/schema.org\",\"@graph\":[{\"@type\":\"WebPage\",\"@id\":\"https:\/\/economizavuelo.com\/about\/\",\"url\":\"https:\/\/economizavuelo.com\/about\/\",\"name\":\"Sobre - Economiza Vuelo\",\"isPartOf\":{\"@id\":\"https:\/\/economizavuelo.com\/#website\"},\"datePublished\":\"2024-04-22T16:52:24+00:00\",\"dateModified\":\"2025-06-11T14:10:14+00:00\",\"breadcrumb\":{\"@id\":\"https:\/\/economizavuelo.com\/about\/#breadcrumb\"},\"inLanguage\":\"ro-RO\",\"potentialAction\":[{\"@type\":\"ReadAction\",\"target\":[\"https:\/\/economizavuelo.com\/about\/\"]}]},{\"@type\":\"BreadcrumbList\",\"@id\":\"https:\/\/economizavuelo.com\/about\/#breadcrumb\",\"itemListElement\":[{\"@type\":\"ListItem\",\"position\":1,\"name\":\"Home\",\"item\":\"https:\/\/economizavuelo.com\/\"},{\"@type\":\"ListItem\",\"position\":2,\"name\":\"Sobre\"}]},{\"@type\":\"WebSite\",\"@id\":\"https:\/\/economizavuelo.com\/#website\",\"url\":\"https:\/\/economizavuelo.com\/\",\"name\":\"Economiza Vuelo\",\"description\":\"\",\"potentialAction\":[{\"@type\":\"SearchAction\",\"target\":{\"@type\":\"EntryPoint\",\"urlTemplate\":\"https:\/\/economizavuelo.com\/?s={search_term_string}\"},\"query-input\":\"required name=search_term_string\"}],\"inLanguage\":\"ro-RO\"}]}<\/script>\n<!-- \/ Yoast SEO plugin. -->","yoast_head_json":{"title":"Sobre - Economiza Vuelo","robots":{"index":"index","follow":"follow","max-snippet":"max-snippet:-1","max-image-preview":"max-image-preview:large","max-video-preview":"max-video-preview:-1"},"canonical":"https:\/\/economizavuelo.com\/ro\/about\/","og_locale":"ro_RO","og_type":"article","og_title":"Sobre - Economiza Vuelo","og_description":"O que voc\u00ea quer aprender hoje? No Economiza Vuelo, nossa miss\u00e3o \u00e9 simples: ajudar voc\u00ea a viajar mais e gastar menos. Reunimos dicas pr\u00e1ticas, truques inteligentes e informa\u00e7\u00f5es valiosas para que suas viagens \u2014 de avi\u00e3o, carro ou hospedagem \u2014 sejam mais acess\u00edveis e gratificantes. Aqui voc\u00ea encontra estrat\u00e9gias para economizar em passagens a\u00e9reas, op\u00e7\u00f5es&hellip; Continue reading Sobre","og_url":"https:\/\/economizavuelo.com\/ro\/about\/","og_site_name":"Economiza Vuelo","article_modified_time":"2025-06-11T14:10:14+00:00","twitter_card":"summary_large_image","twitter_misc":{"Est. reading time":"1 minut"},"schema":{"@context":"https:\/\/schema.org","@graph":[{"@type":"WebPage","@id":"https:\/\/economizavuelo.com\/about\/","url":"https:\/\/economizavuelo.com\/about\/","name":"Sobre - Economiza Vuelo","isPartOf":{"@id":"https:\/\/economizavuelo.com\/#website"},"datePublished":"2024-04-22T16:52:24+00:00","dateModified":"2025-06-11T14:10:14+00:00","breadcrumb":{"@id":"https:\/\/economizavuelo.com\/about\/#breadcrumb"},"inLanguage":"ro-RO","potentialAction":[{"@type":"ReadAction","target":["https:\/\/economizavuelo.com\/about\/"]}]},{"@type":"BreadcrumbList","@id":"https:\/\/economizavuelo.com\/about\/#breadcrumb","itemListElement":[{"@type":"ListItem","position":1,"name":"Home","item":"https:\/\/economizavuelo.com\/"},{"@type":"ListItem","position":2,"name":"Sobre"}]},{"@type":"WebSite","@id":"https:\/\/economizavuelo.com\/#website","url":"https:\/\/economizavuelo.com\/","name":"Economiza Vuelo","description":"","potentialAction":[{"@type":"SearchAction","target":{"@type":"EntryPoint","urlTemplate":"https:\/\/economizavuelo.com\/?s={search_term_string}"},"query-input":"required name=search_term_string"}],"inLanguage":"ro-RO"}]}},"_links":{"self":[{"href":"https:\/\/economizavuelo.com\/ro\/wp-json\/wp\/v2\/pages\/189"}],"collection":[{"href":"https:\/\/economizavuelo.com\/ro\/wp-json\/wp\/v2\/pages"}],"about":[{"href":"https:\/\/economizavuelo.com\/ro\/wp-json\/wp\/v2\/types\/page"}],"author":[{"embeddable":true,"href":"https:\/\/economizavuelo.com\/ro\/wp-json\/wp\/v2\/users\/6"}],"replies":[{"embeddable":true,"href":"https:\/\/economizavuelo.com\/ro\/wp-json\/wp\/v2\/comments?post=189"}],"version-history":[{"count":3,"href":"https:\/\/economizavuelo.com\/ro\/wp-json\/wp\/v2\/pages\/189\/revisions"}],"predecessor-version":[{"id":806,"href":"https:\/\/economizavuelo.com\/ro\/wp-json\/wp\/v2\/pages\/189\/revisions\/806"}],"wp:attachment":[{"href":"https:\/\/economizavuelo.com\/ro\/wp-json\/wp\/v2\/media?parent=189"}],"curies":[{"name":"wp","href":"https:\/\/api.w.org\/{rel}","templated":true}]}}