{"id":187,"date":"2024-04-22T14:47:16","date_gmt":"2024-04-22T14:47:16","guid":{"rendered":"https:\/\/economizavuelo.com\/?page_id=187"},"modified":"2025-08-29T12:26:51","modified_gmt":"2025-08-29T12:26:51","slug":"terms","status":"publish","type":"page","link":"https:\/\/economizavuelo.com\/ro\/terms\/","title":{"rendered":"Termeni \u0219i condi\u021bii generale de utilizare"},"content":{"rendered":"<!--advertisement--><div class=\"mx-5 sm:mx-0 sm:text-3xl text-2xl font-medium title-font mb-4 text-gray-900 text-left\">\n<h2 class=\"wp-block-heading\" id=\"h-economiza-vuelo\">Salva\u021bi zborul<\/h2>\n<\/div><div class=\"mx-5 sm:mx-0 prose leading-relaxed text-lg mb-5 text-left wp-paragraph\">\n<p>Economiza Vuelo, o societate cu r\u0103spundere limitat\u0103 (LLC) eston\u0103, cunoscut\u0103 \u0219i sub numele de MINUTO VIP O\u00dc, \u00eenregistrat\u0103 sub num\u0103rul 16698741 \u0219i cu sediul central \u00een Tallinn, strada Rotermanni tn 14-32, cod po\u0219tal 10111, Harju, Estonia, este creatorul, proprietarul \u0219i administratorul site-ului web Economiza Vuelo, accesibil prin intermediul domeniului economiavuelo.com.<\/p>\n<\/div><div class=\"mx-5 sm:mx-0 prose leading-relaxed text-lg mb-5 text-left wp-paragraph\">\n<p>Economiza Vuelo este o platform\u0103 online dedicat\u0103 furniz\u0103rii de con\u021binut informativ \u0219i analize pe o varietate de subiecte, inclusiv, dar f\u0103r\u0103 a se limita la, economii de c\u0103l\u0103torie, sfaturi pentru zboruri cu reducere, destina\u021bii populare \u0219i alte subiecte legate de c\u0103l\u0103torii.<\/p>\n<\/div><div class=\"mx-5 sm:mx-0 prose leading-relaxed text-lg mb-5 text-left wp-paragraph\">\n<p>Utilizatorii pot accesa Termenii \u0219i Condi\u021biile Generale de Utilizare \u00een orice moment prin intermediul urm\u0103torului link: <a style=\" color:;\" href=\"https:\/\/economizavuelo.com\/ro\/terms\/\">https:\/\/economizavuelo.com\/terms\/<\/a>.&nbsp;<\/p>\n<\/div><div class=\"mx-5 sm:mx-0 prose leading-relaxed text-lg mb-5 text-left wp-paragraph\">\n<p>Ace\u0219ti Termeni, \u00eempreun\u0103 cu utilizarea Site-ului Web de c\u0103tre dvs., sunt completa\u021bi de prevederile din Politica de confiden\u021bialitate Economiza Vuelo, accesibil\u0103 la: <a style=\" color:;\" href=\"https:\/\/economizavuelo.com\/ro\/privacy-policy\/\">https:\/\/economizavuelo.com\/privacy-policy\/<\/a>\u0219i sunt supuse legisla\u021biei \u00een vigoare.<\/p>\n<\/div><div class=\"mx-5 sm:mx-0 prose leading-relaxed text-lg mb-5 text-left wp-paragraph\">\n<p>Prin urmare, Termenii \u0219i Condi\u021biile Generale de Utilizare au ca scop clarificarea responsabilit\u0103\u021bilor, angajamentelor \u0219i \u00eendatoririlor tuturor utilizatorilor la accesarea \u0219i\/sau utilizarea site-ului web Economiza Vuelo, a\u0219a cum se prezint\u0103 mai jos.<\/p>\n<\/div><div class=\"mx-5 sm:mx-0 prose leading-relaxed text-lg mb-5 text-left wp-paragraph\">\n<p>Este esen\u021bial s\u0103 subliniem faptul c\u0103 nu suntem implica\u021bi \u00een analiza \u0219i\/sau aprobarea solicit\u0103rilor sau propunerilor, iar decizia final\u0103 cu privire la astfel de aspecte apar\u021bine exclusiv utilizatorilor, conform propriilor criterii \u0219i politici.<\/p>\n<\/div><!--advertisement--><div class=\"mx-5 sm:mx-0 sm:text-3xl text-2xl font-medium title-font mb-4 text-gray-900 text-left\">\n<h2 class=\"wp-block-heading\" id=\"h-1-da-aceitacao\">1. ACCEPTAREA<\/h2>\n<\/div><div class=\"mx-5 sm:mx-0 prose leading-relaxed text-lg mb-5 text-left wp-paragraph\">\n<p>1.1. Prin aderarea la Economiza Vuelo, utilizatorul \u00ee\u0219i EXPRIM\u0102 acordul de a adopta Termenii \u0219i Condi\u021biile Generale de Utilizare \u0219i <a style=\" color:;\" href=\"https:\/\/economizavuelo.com\/ro\/privacy-policy\/\">Politica de confiden\u021bialitate Economiza Vuelo.<\/a><\/p>\n<\/div><div class=\"mx-5 sm:mx-0 prose leading-relaxed text-lg mb-5 text-left wp-paragraph\">\n<p>1.2. Utilizarea Economiza Vuelo de c\u0103tre utilizator implic\u0103 declara\u021bia c\u0103 are cel pu\u021bin 18 ani \u0219i are capacitate juridic\u0103 deplin\u0103 pentru a accepta ace\u0219ti Termeni \u0219i Condi\u021bii de Utilizare \u00een toate scopurile legale.<\/p>\n<\/div><div class=\"mx-5 sm:mx-0 prose leading-relaxed text-lg mb-5 text-left wp-paragraph\">\n<p>1.3. \u00cen cazul \u00een care utilizatorul nu \u00eendepline\u0219te criteriile men\u021bionate mai sus \u0219i\/sau nu este de acord, chiar \u0219i par\u021bial, cu condi\u021biile prezentate, acesta trebuie s\u0103 se ab\u021bin\u0103 de la accesarea \u0219i\/sau utilizarea serviciilor \u0219i con\u021binutului puse la dispozi\u021bie de Economiza Vuelo, precum \u0219i a site-urilor web \u0219i serviciilor administrate de aceasta.<\/p>\n<\/div><!--advertisement--><div class=\"mx-5 sm:mx-0 sm:text-3xl text-2xl font-medium title-font mb-4 text-gray-900 text-left\">\n<h2 class=\"wp-block-heading\" id=\"h-2-contato\">2. CONTACT<\/h2>\n<\/div><div class=\"mx-5 sm:mx-0 prose leading-relaxed text-lg mb-5 text-left wp-paragraph\">\n<p>2.1. Utilizatorii sunt autoriza\u021bi s\u0103 utilizeze acest serviciu pentru a clarifica nel\u0103muriri, a rezolva probleme, a depune reclama\u021bii sau a ob\u021bine mai multe informa\u021bii despre produsele\/serviciile oferite de Economiza Vuelo.<\/p>\n<\/div><div class=\"mx-5 sm:mx-0 prose leading-relaxed text-lg mb-5 text-left wp-paragraph\">\n<p>2.2. Contactul se poate face prin intermediul paginii de contact.<\/p>\n<\/div><!--advertisement--><div class=\"mx-5 sm:mx-0 sm:text-3xl text-2xl font-medium title-font mb-4 text-gray-900 text-left\">\n<h2 class=\"wp-block-heading\" id=\"h-3-das-responsabilidades-das-partes\">3. RESPONSABILIT\u0102\u021aILE P\u0102R\u021aILOR<\/h2>\n<\/div><div class=\"mx-5 sm:mx-0 prose leading-relaxed text-lg mb-5 text-left wp-paragraph\">\n<p>3.1. Este esen\u021bial ca utilizatorul s\u0103 examineze cu aten\u021bie toate clauzele con\u021binute \u00een ace\u0219ti Termeni \u0219i \u00een <a style=\" color:;\" href=\"https:\/\/economizavuelo.com\/ro\/privacy-policy\/\">Politica de confiden\u021bialitate<\/a>Prin utilizarea serviciilor \u0219i\/sau produselor oferite de Economiza Vuelo, sunte\u021bi de acord pe deplin cu toate clauzele \u0219i condi\u021biile descrise \u00een prezentul document.<\/p>\n<\/div><div class=\"mx-5 sm:mx-0 prose leading-relaxed text-lg mb-5 text-left wp-paragraph\">\n<p>3.2. Economiza Vuelo ofer\u0103 linkuri \u0219i\/sau direc\u021bioneaz\u0103 utilizatorul c\u0103tre alte site-uri web, unde este posibil\u0103 contractarea de servicii \u0219i\/sau achizi\u021bionarea de produse de la companii ter\u021be, f\u0103r\u0103 nicio interven\u021bie din partea Economiza Vuelo.<\/p>\n<\/div><div class=\"mx-5 sm:mx-0 prose leading-relaxed text-lg mb-5 text-left wp-paragraph\">\n<p>3.3. Dac\u0103 utilizatorul este direc\u021bionat c\u0103tre site-ul web al unei companii de publicitate, este esen\u021bial ca acesta s\u0103 citeasc\u0103 \u0219i s\u0103 fie de acord \u00een mod explicit cu termenii \u0219i condi\u021biile de utilizare, precum \u0219i cu politica de confiden\u021bialitate a companiei \u00een cauz\u0103.<\/p>\n<\/div><div class=\"mx-5 sm:mx-0 prose leading-relaxed text-lg mb-5 text-left wp-paragraph\">\n<p>3.4. Economiza Vuelo este exonerat\u0103 de orice responsabilitate cu privire la termenii de utilizare \u0219i politicile de confiden\u021bialitate ale companiilor promovate, precum \u0219i la informa\u021biile despre serviciile\/produsele promovate, precum \u0219i serviciile\/produsele furnizate sau contractate de c\u0103tre astfel de companii.<\/p>\n<\/div><div class=\"mx-5 sm:mx-0 prose leading-relaxed text-lg mb-5 text-left wp-paragraph\">\n<p>3.5. Economiza Vuelo nu este responsabil\u0103 pentru niciun software r\u0103u inten\u021bionat care poate compromite sau modifica set\u0103rile dispozitivelor utilizatorilor \u00een timpul navig\u0103rii pe internet sau al transferului de date.<\/p>\n<\/div><div class=\"mx-5 sm:mx-0 prose leading-relaxed text-lg mb-5 text-left wp-paragraph\">\n<p>3.6. Este responsabilitatea exclusiv\u0103 a utilizatorilor s\u0103 men\u021bin\u0103 actualizate sistemul de operare \u0219i programele antivirus ale dispozitivelor lor.<\/p>\n<\/div><div class=\"mx-5 sm:mx-0 prose leading-relaxed text-lg mb-5 text-left wp-paragraph\">\n<p>3.7. Economiza Vuelo nu este responsabil\u0103 pentru nicio pierdere sau daun\u0103 rezultat\u0103 din utilizarea necorespunz\u0103toare a site-ului web \u0219i\/sau din evenimente imprevizibile.<\/p>\n<\/div><div class=\"mx-5 sm:mx-0 prose leading-relaxed text-lg mb-5 text-left wp-paragraph\">\n<p>3.8. Economiza Vuelo nu are ca practic\u0103 solicitarea depozitelor sau a transferurilor bancare ca o condi\u021bie pentru acordarea sau aprobarea produselor financiare.<\/p>\n<\/div><div class=\"mx-5 sm:mx-0 prose leading-relaxed text-lg mb-5 text-left wp-paragraph\">\n<p>3.9. Economiza Vuelo nu trimite e-mailuri pentru confirmarea datelor sau \u00eenregistrarea acestora cu ata\u0219amente executabile sau link-uri de desc\u0103rcare. Dac\u0103 primi\u021bi un e-mail suspect, v\u0103 rug\u0103m s\u0103 ne contacta\u021bi prin intermediul paginii de contact.<\/p>\n<\/div><div class=\"mx-5 sm:mx-0 prose leading-relaxed text-lg mb-5 text-left wp-paragraph\">\n<p>3.10. Este responsabilitatea utilizatorului s\u0103: evite \u00eenc\u0103lcarea drepturilor ter\u021bilor; s\u0103 nu utilizeze Economiza Vuelo pentru activit\u0103\u021bi ilegale sau necorespunz\u0103toare; \u0219i s\u0103 respecte pe deplin Termenii \u0219i Politica de confiden\u021bialitate, precum \u0219i legisla\u021bia \u00een vigoare.<\/p>\n<\/div><!--advertisement--><div class=\"mx-5 sm:mx-0 sm:text-3xl text-2xl font-medium title-font mb-4 text-gray-900 text-left\">\n<h2 class=\"wp-block-heading\" id=\"h-4-da-modificacao-dos-termos-e-condicoes\">4. MODIFICAREA TERMENILOR \u0218I CONDI\u021aIILOR<\/h2>\n<\/div><div class=\"mx-5 sm:mx-0 prose leading-relaxed text-lg mb-5 text-left wp-paragraph\">\n<p>4.1. Termenii \u0219i Condi\u021biile Generale de Utilizare ale Economiza Vuelo pot fi modificate, completate sau \u00eenlocuite \u00een orice moment, la discre\u021bia exclusiv\u0103 a Economiza Vuelo, f\u0103r\u0103 a fi necesar\u0103 notificarea sau notificarea prealabil\u0103 a utilizatorilor.<\/p>\n<\/div><div class=\"mx-5 sm:mx-0 prose leading-relaxed text-lg mb-5 text-left wp-paragraph\">\n<p>4.2. Oricine nu este de acord cu ace\u0219ti Termeni, care sunt obligatorii \u0219i obligatorii, trebuie s\u0103 evite utilizarea site-ului web Economiza Vuelo.<\/p>\n<\/div><!--advertisement--><div class=\"mx-5 sm:mx-0 sm:text-3xl text-2xl font-medium title-font mb-4 text-gray-900 text-left\">\n<h2 class=\"wp-block-heading\" id=\"h-5-vigencia-e-prazo-decadencial\">5. VALABILITATEA \u0218I PERIOADA DECADEN\u021aIAL\u0102<\/h2>\n<\/div><div class=\"mx-5 sm:mx-0 prose leading-relaxed text-lg mb-5 text-left wp-paragraph\">\n<p>5.1. Prezentele Condi\u021bii Generale de Utilizare sunt valabile pe termen nelimitat. Reclama\u021biile legale sau administrative care decurg din utilizarea Economiza Vuelo trebuie depuse \u00een termen de 90 de zile de la evenimentul care le-a generat.<\/p>\n<\/div><!--advertisement--><div class=\"mx-5 sm:mx-0 sm:text-3xl text-2xl font-medium title-font mb-4 text-gray-900 text-left\">\n<h2 class=\"wp-block-heading\" id=\"h-6-da-legislacao-e-foro-de-eleicao\">6. LEGISLA\u021aIE \u0218I JURISDIC\u021aIE<\/h2>\n<\/div><div class=\"mx-5 sm:mx-0 prose leading-relaxed text-lg mb-5 text-left wp-paragraph\">\n<p>6.1. Prezentele Condi\u021bii Generale de Utilizare, \u00eempreun\u0103 cu Politica de Confiden\u021bialitate, sunt guvernate de legile Republicii Federative a Braziliei.<\/p>\n<\/div><div class=\"mx-5 sm:mx-0 prose leading-relaxed text-lg mb-5 text-left wp-paragraph\">\n<p>6.2. \u00cen ceea ce prive\u0219te orice aspect legat de ace\u0219ti Termeni \u0219i de Politica de confiden\u021bialitate, p\u0103r\u021bile convin \u00een mod explicit \u0219i renun\u021b\u0103 la orice alt\u0103 instan\u021b\u0103, supun\u00e2ndu-se Camerei de Comer\u021b din Tallinn, Estonia (Curtea de Arbitraj a Camerei de Comer\u021b \u0219i Industrie din Estonia), pentru solu\u021bionarea oric\u0103ror \u00eentreb\u0103ri sau \u00eendoieli care decurg din ace\u0219ti termeni de utilizare.<\/p>\n<\/div>","protected":false},"excerpt":{"rendered":"<p>Economiza Vuelo Economiza Vuelo, o societate cu r\u0103spundere limitat\u0103 (LLC, cunoscut\u0103 \u0219i sub numele de MINUTO VIP O\u00dc) din Estonia, \u00eenregistrat\u0103 sub num\u0103rul 16698741 \u0219i cu sediul central \u00een Tallinn, pe strada Rotermanni tn 14-32, cod po\u0219tal 10111, Harju, Estonia, este creatorul, proprietarul \u0219i administratorul site-ului web Economiza Vuelo, accesibil prin intermediul domeniului economiavuelo.com. Economiza Vuelo este o... <a class=\"more-link\" href=\"https:\/\/economizavuelo.com\/ro\/terms\/\">Continu\u0103 s\u0103 cite\u0219ti <span class=\"screen-reader-text\">Termeni \u0219i condi\u021bii generale de utilizare<\/span><\/a><\/p>","protected":false},"author":6,"featured_media":0,"parent":0,"menu_order":0,"comment_status":"closed","ping_status":"closed","template":"","meta":{"footnotes":""},"yoast_head":"<!-- This site is optimized with the Yoast SEO plugin v23.3 - https:\/\/yoast.com\/wordpress\/plugins\/seo\/ -->\n<title>Termos e Condi\u00e7\u00f5es Gerais de Uso - Economiza Vuelo<\/title>\n<meta name=\"robots\" content=\"index, follow, max-snippet:-1, max-image-preview:large, max-video-preview:-1\" \/>\n<link rel=\"canonical\" href=\"https:\/\/economizavuelo.com\/ro\/terms\/\" \/>\n<meta property=\"og:locale\" content=\"ro_RO\" \/>\n<meta property=\"og:type\" content=\"article\" \/>\n<meta property=\"og:title\" content=\"Termos e Condi\u00e7\u00f5es Gerais de Uso - Economiza Vuelo\" \/>\n<meta property=\"og:description\" content=\"Economiza Vuelo O Economiza Vuelo, uma empresa de responsabilidade limitada estoniana (LLC, tamb\u00e9m conhecida como MINUTO VIP O\u00dc), registrada sob o n\u00famero 16698741 e sediada em Tallinn, na Rua Rotermanni tn 14-32, CEP 10111, Harju, Est\u00f4nia, \u00e9 a criadora, propriet\u00e1ria e mantenedora do site Economiza Vuelo, acess\u00edvel pelo dom\u00ednio economizavuelo.com. O Economiza Vuelo \u00e9 uma&hellip; Continue reading Termos e Condi\u00e7\u00f5es Gerais de Uso\" \/>\n<meta property=\"og:url\" content=\"https:\/\/economizavuelo.com\/ro\/terms\/\" \/>\n<meta property=\"og:site_name\" content=\"Economiza Vuelo\" \/>\n<meta property=\"article:modified_time\" content=\"2025-08-29T12:26:51+00:00\" \/>\n<meta name=\"twitter:card\" content=\"summary_large_image\" \/>\n<meta name=\"twitter:label1\" content=\"Est. reading time\" \/>\n\t<meta name=\"twitter:data1\" content=\"5 minute\" \/>\n<script type=\"application\/ld+json\" class=\"yoast-schema-graph\">{\"@context\":\"https:\/\/schema.org\",\"@graph\":[{\"@type\":\"WebPage\",\"@id\":\"https:\/\/economizavuelo.com\/terms\/\",\"url\":\"https:\/\/economizavuelo.com\/terms\/\",\"name\":\"Termos e Condi\u00e7\u00f5es Gerais de Uso - Economiza Vuelo\",\"isPartOf\":{\"@id\":\"https:\/\/economizavuelo.com\/#website\"},\"datePublished\":\"2024-04-22T14:47:16+00:00\",\"dateModified\":\"2025-08-29T12:26:51+00:00\",\"breadcrumb\":{\"@id\":\"https:\/\/economizavuelo.com\/terms\/#breadcrumb\"},\"inLanguage\":\"ro-RO\",\"potentialAction\":[{\"@type\":\"ReadAction\",\"target\":[\"https:\/\/economizavuelo.com\/terms\/\"]}]},{\"@type\":\"BreadcrumbList\",\"@id\":\"https:\/\/economizavuelo.com\/terms\/#breadcrumb\",\"itemListElement\":[{\"@type\":\"ListItem\",\"position\":1,\"name\":\"Home\",\"item\":\"https:\/\/economizavuelo.com\/\"},{\"@type\":\"ListItem\",\"position\":2,\"name\":\"Termos e Condi\u00e7\u00f5es Gerais de Uso\"}]},{\"@type\":\"WebSite\",\"@id\":\"https:\/\/economizavuelo.com\/#website\",\"url\":\"https:\/\/economizavuelo.com\/\",\"name\":\"Economiza Vuelo\",\"description\":\"\",\"potentialAction\":[{\"@type\":\"SearchAction\",\"target\":{\"@type\":\"EntryPoint\",\"urlTemplate\":\"https:\/\/economizavuelo.com\/?s={search_term_string}\"},\"query-input\":\"required name=search_term_string\"}],\"inLanguage\":\"ro-RO\"}]}<\/script>\n<!-- \/ Yoast SEO plugin. -->","yoast_head_json":{"title":"Termos e Condi\u00e7\u00f5es Gerais de Uso - Economiza Vuelo","robots":{"index":"index","follow":"follow","max-snippet":"max-snippet:-1","max-image-preview":"max-image-preview:large","max-video-preview":"max-video-preview:-1"},"canonical":"https:\/\/economizavuelo.com\/ro\/terms\/","og_locale":"ro_RO","og_type":"article","og_title":"Termos e Condi\u00e7\u00f5es Gerais de Uso - Economiza Vuelo","og_description":"Economiza Vuelo O Economiza Vuelo, uma empresa de responsabilidade limitada estoniana (LLC, tamb\u00e9m conhecida como MINUTO VIP O\u00dc), registrada sob o n\u00famero 16698741 e sediada em Tallinn, na Rua Rotermanni tn 14-32, CEP 10111, Harju, Est\u00f4nia, \u00e9 a criadora, propriet\u00e1ria e mantenedora do site Economiza Vuelo, acess\u00edvel pelo dom\u00ednio economizavuelo.com. O Economiza Vuelo \u00e9 uma&hellip; Continue reading Termos e Condi\u00e7\u00f5es Gerais de Uso","og_url":"https:\/\/economizavuelo.com\/ro\/terms\/","og_site_name":"Economiza Vuelo","article_modified_time":"2025-08-29T12:26:51+00:00","twitter_card":"summary_large_image","twitter_misc":{"Est. reading time":"5 minute"},"schema":{"@context":"https:\/\/schema.org","@graph":[{"@type":"WebPage","@id":"https:\/\/economizavuelo.com\/terms\/","url":"https:\/\/economizavuelo.com\/terms\/","name":"Termos e Condi\u00e7\u00f5es Gerais de Uso - Economiza Vuelo","isPartOf":{"@id":"https:\/\/economizavuelo.com\/#website"},"datePublished":"2024-04-22T14:47:16+00:00","dateModified":"2025-08-29T12:26:51+00:00","breadcrumb":{"@id":"https:\/\/economizavuelo.com\/terms\/#breadcrumb"},"inLanguage":"ro-RO","potentialAction":[{"@type":"ReadAction","target":["https:\/\/economizavuelo.com\/terms\/"]}]},{"@type":"BreadcrumbList","@id":"https:\/\/economizavuelo.com\/terms\/#breadcrumb","itemListElement":[{"@type":"ListItem","position":1,"name":"Home","item":"https:\/\/economizavuelo.com\/"},{"@type":"ListItem","position":2,"name":"Termos e Condi\u00e7\u00f5es Gerais de Uso"}]},{"@type":"WebSite","@id":"https:\/\/economizavuelo.com\/#website","url":"https:\/\/economizavuelo.com\/","name":"Economiza Vuelo","description":"","potentialAction":[{"@type":"SearchAction","target":{"@type":"EntryPoint","urlTemplate":"https:\/\/economizavuelo.com\/?s={search_term_string}"},"query-input":"required name=search_term_string"}],"inLanguage":"ro-RO"}]}},"_links":{"self":[{"href":"https:\/\/economizavuelo.com\/ro\/wp-json\/wp\/v2\/pages\/187"}],"collection":[{"href":"https:\/\/economizavuelo.com\/ro\/wp-json\/wp\/v2\/pages"}],"about":[{"href":"https:\/\/economizavuelo.com\/ro\/wp-json\/wp\/v2\/types\/page"}],"author":[{"embeddable":true,"href":"https:\/\/economizavuelo.com\/ro\/wp-json\/wp\/v2\/users\/6"}],"replies":[{"embeddable":true,"href":"https:\/\/economizavuelo.com\/ro\/wp-json\/wp\/v2\/comments?post=187"}],"version-history":[{"count":3,"href":"https:\/\/economizavuelo.com\/ro\/wp-json\/wp\/v2\/pages\/187\/revisions"}],"predecessor-version":[{"id":920,"href":"https:\/\/economizavuelo.com\/ro\/wp-json\/wp\/v2\/pages\/187\/revisions\/920"}],"wp:attachment":[{"href":"https:\/\/economizavuelo.com\/ro\/wp-json\/wp\/v2\/media?parent=187"}],"curies":[{"name":"wp","href":"https:\/\/api.w.org\/{rel}","templated":true}]}}