{"id":189,"date":"2024-04-22T16:52:24","date_gmt":"2024-04-22T16:52:24","guid":{"rendered":"https:\/\/economizavuelo.com\/?page_id=189"},"modified":"2025-06-11T14:10:14","modified_gmt":"2025-06-11T14:10:14","slug":"about","status":"publish","type":"page","link":"https:\/\/economizavuelo.com\/pt_pt\/about\/","title":{"rendered":"Sobre"},"content":{"rendered":"<!--advertisement--><div class=\"mx-5 sm:mx-0 sm:text-3xl text-2xl font-medium title-font mb-4 text-gray-900 text-left\">\n<h2 class=\"wp-block-heading\" id=\"h-o-que-voce-quer-aprender-hoje\">O que voc\u00ea quer aprender hoje?<\/h2>\n<\/div><div class=\"mx-5 sm:mx-0 prose leading-relaxed text-lg mb-5 text-left wp-paragraph\">\n<p>No <strong>Economiza Vuelo<\/strong>, nossa miss\u00e3o \u00e9 simples: ajudar voc\u00ea a viajar mais e gastar menos. Reunimos dicas pr\u00e1ticas, truques inteligentes e informa\u00e7\u00f5es valiosas para que suas viagens \u2014 de avi\u00e3o, carro ou hospedagem \u2014 sejam mais acess\u00edveis e gratificantes.<\/p>\n<\/div><div class=\"mx-5 sm:mx-0 prose leading-relaxed text-lg mb-5 text-left wp-paragraph\">\n<p>Aqui voc\u00ea encontra <strong>estrat\u00e9gias para economizar em passagens a\u00e9reas<\/strong>, <strong>op\u00e7\u00f5es de aluguel, financiamento e assinatura de carros<\/strong>, al\u00e9m de <strong>sugest\u00f5es de aluguel de casas de temporada<\/strong> que cabem no seu bolso. Acreditamos que explorar o mundo n\u00e3o precisa ser caro \u2014 basta ter as ferramentas certas.<\/p>\n<\/div><div class=\"mx-5 sm:mx-0 prose leading-relaxed text-lg mb-5 text-left wp-paragraph\">\n<p>Nosso compromisso \u00e9 mant\u00ea-lo bem-informado sobre <strong>finan\u00e7as pessoais<\/strong>, <strong>melhores pr\u00e1ticas de planejamento de viagem<\/strong> e <strong>recursos para transformar cada jornada em uma experi\u00eancia mais econ\u00f4mica, segura e inesquec\u00edvel<\/strong>.<\/p>\n<\/div><!--advertisement--><div class=\"mx-5 sm:mx-0 sm:text-3xl text-2xl font-medium title-font mb-4 text-gray-900 text-left\">\n<h2 class=\"wp-block-heading\" id=\"h-quem-somos\">Quem somos?<\/h2>\n<\/div><div class=\"mx-5 sm:mx-0 prose leading-relaxed text-lg mb-5 text-left wp-paragraph\">\n<p>O Minuto Vip \u00e9 uma plataforma de Jornalismo e Conte\u00fado, presente tanto no Brasil quanto na Est\u00f4nia. Nossa miss\u00e3o \u00e9 oferecer frequentemente o melhor conte\u00fado, independentemente de onde voc\u00ea esteja. Queremos ser seu companheiro na jornada para viajar mais barato.<\/p>\n<\/div><!--advertisement--><div class=\"mx-5 sm:mx-0 sm:text-3xl text-2xl font-medium title-font mb-4 text-gray-900 text-left\">\n<h2 class=\"wp-block-heading\" id=\"h-nos-ajude-a-melhorar\">Nos ajude a melhorar<\/h2>\n<\/div><div class=\"mx-5 sm:mx-0 prose leading-relaxed text-lg mb-5 text-left wp-paragraph\">\n<p>Valorizamos muito suas sugest\u00f5es. Sinta-se \u00e0 vontade para nos enviar uma mensagem no p\u00e1gina de contato.<\/p>\n<\/div>","protected":false},"excerpt":{"rendered":"<p>O que voc\u00ea quer aprender hoje? No Economiza Vuelo, nossa miss\u00e3o \u00e9 simples: ajudar voc\u00ea a viajar mais e gastar menos. Reunimos dicas pr\u00e1ticas, truques inteligentes e informa\u00e7\u00f5es valiosas para que suas viagens \u2014 de avi\u00e3o, carro ou hospedagem \u2014 sejam mais acess\u00edveis e gratificantes. Aqui voc\u00ea encontra estrat\u00e9gias para economizar em passagens a\u00e9reas, op\u00e7\u00f5es&hellip; <a class=\"more-link\" href=\"https:\/\/economizavuelo.com\/pt_pt\/about\/\">Continue reading <span class=\"screen-reader-text\">Sobre<\/span><\/a><\/p>","protected":false},"author":6,"featured_media":0,"parent":0,"menu_order":0,"comment_status":"closed","ping_status":"closed","template":"","meta":{"footnotes":""},"yoast_head":"<!-- This site is optimized with the Yoast SEO plugin v23.3 - https:\/\/yoast.com\/wordpress\/plugins\/seo\/ -->\n<title>Sobre - Economiza Vuelo<\/title>\n<meta name=\"robots\" content=\"index, follow, max-snippet:-1, max-image-preview:large, max-video-preview:-1\" \/>\n<link rel=\"canonical\" href=\"https:\/\/economizavuelo.com\/pt_pt\/about\/\" \/>\n<meta property=\"og:locale\" content=\"pt_PT\" \/>\n<meta property=\"og:type\" content=\"article\" \/>\n<meta property=\"og:title\" content=\"Sobre - Economiza Vuelo\" \/>\n<meta property=\"og:description\" content=\"O que voc\u00ea quer aprender hoje? No Economiza Vuelo, nossa miss\u00e3o \u00e9 simples: ajudar voc\u00ea a viajar mais e gastar menos. Reunimos dicas pr\u00e1ticas, truques inteligentes e informa\u00e7\u00f5es valiosas para que suas viagens \u2014 de avi\u00e3o, carro ou hospedagem \u2014 sejam mais acess\u00edveis e gratificantes. Aqui voc\u00ea encontra estrat\u00e9gias para economizar em passagens a\u00e9reas, op\u00e7\u00f5es&hellip; Continue reading Sobre\" \/>\n<meta property=\"og:url\" content=\"https:\/\/economizavuelo.com\/pt_pt\/about\/\" \/>\n<meta property=\"og:site_name\" content=\"Economiza Vuelo\" \/>\n<meta property=\"article:modified_time\" content=\"2025-06-11T14:10:14+00:00\" \/>\n<meta name=\"twitter:card\" content=\"summary_large_image\" \/>\n<meta name=\"twitter:label1\" content=\"Est. reading time\" \/>\n\t<meta name=\"twitter:data1\" content=\"1 minuto\" \/>\n<script type=\"application\/ld+json\" class=\"yoast-schema-graph\">{\"@context\":\"https:\/\/schema.org\",\"@graph\":[{\"@type\":\"WebPage\",\"@id\":\"https:\/\/economizavuelo.com\/about\/\",\"url\":\"https:\/\/economizavuelo.com\/about\/\",\"name\":\"Sobre - Economiza Vuelo\",\"isPartOf\":{\"@id\":\"https:\/\/economizavuelo.com\/#website\"},\"datePublished\":\"2024-04-22T16:52:24+00:00\",\"dateModified\":\"2025-06-11T14:10:14+00:00\",\"breadcrumb\":{\"@id\":\"https:\/\/economizavuelo.com\/about\/#breadcrumb\"},\"inLanguage\":\"pt-PT\",\"potentialAction\":[{\"@type\":\"ReadAction\",\"target\":[\"https:\/\/economizavuelo.com\/about\/\"]}]},{\"@type\":\"BreadcrumbList\",\"@id\":\"https:\/\/economizavuelo.com\/about\/#breadcrumb\",\"itemListElement\":[{\"@type\":\"ListItem\",\"position\":1,\"name\":\"Home\",\"item\":\"https:\/\/economizavuelo.com\/\"},{\"@type\":\"ListItem\",\"position\":2,\"name\":\"Sobre\"}]},{\"@type\":\"WebSite\",\"@id\":\"https:\/\/economizavuelo.com\/#website\",\"url\":\"https:\/\/economizavuelo.com\/\",\"name\":\"Economiza Vuelo\",\"description\":\"\",\"potentialAction\":[{\"@type\":\"SearchAction\",\"target\":{\"@type\":\"EntryPoint\",\"urlTemplate\":\"https:\/\/economizavuelo.com\/?s={search_term_string}\"},\"query-input\":\"required name=search_term_string\"}],\"inLanguage\":\"pt-PT\"}]}<\/script>\n<!-- \/ Yoast SEO plugin. -->","yoast_head_json":{"title":"Sobre - Economiza Vuelo","robots":{"index":"index","follow":"follow","max-snippet":"max-snippet:-1","max-image-preview":"max-image-preview:large","max-video-preview":"max-video-preview:-1"},"canonical":"https:\/\/economizavuelo.com\/pt_pt\/about\/","og_locale":"pt_PT","og_type":"article","og_title":"Sobre - Economiza Vuelo","og_description":"O que voc\u00ea quer aprender hoje? No Economiza Vuelo, nossa miss\u00e3o \u00e9 simples: ajudar voc\u00ea a viajar mais e gastar menos. Reunimos dicas pr\u00e1ticas, truques inteligentes e informa\u00e7\u00f5es valiosas para que suas viagens \u2014 de avi\u00e3o, carro ou hospedagem \u2014 sejam mais acess\u00edveis e gratificantes. Aqui voc\u00ea encontra estrat\u00e9gias para economizar em passagens a\u00e9reas, op\u00e7\u00f5es&hellip; Continue reading Sobre","og_url":"https:\/\/economizavuelo.com\/pt_pt\/about\/","og_site_name":"Economiza Vuelo","article_modified_time":"2025-06-11T14:10:14+00:00","twitter_card":"summary_large_image","twitter_misc":{"Est. reading time":"1 minuto"},"schema":{"@context":"https:\/\/schema.org","@graph":[{"@type":"WebPage","@id":"https:\/\/economizavuelo.com\/about\/","url":"https:\/\/economizavuelo.com\/about\/","name":"Sobre - Economiza Vuelo","isPartOf":{"@id":"https:\/\/economizavuelo.com\/#website"},"datePublished":"2024-04-22T16:52:24+00:00","dateModified":"2025-06-11T14:10:14+00:00","breadcrumb":{"@id":"https:\/\/economizavuelo.com\/about\/#breadcrumb"},"inLanguage":"pt-PT","potentialAction":[{"@type":"ReadAction","target":["https:\/\/economizavuelo.com\/about\/"]}]},{"@type":"BreadcrumbList","@id":"https:\/\/economizavuelo.com\/about\/#breadcrumb","itemListElement":[{"@type":"ListItem","position":1,"name":"Home","item":"https:\/\/economizavuelo.com\/"},{"@type":"ListItem","position":2,"name":"Sobre"}]},{"@type":"WebSite","@id":"https:\/\/economizavuelo.com\/#website","url":"https:\/\/economizavuelo.com\/","name":"Economiza Vuelo","description":"","potentialAction":[{"@type":"SearchAction","target":{"@type":"EntryPoint","urlTemplate":"https:\/\/economizavuelo.com\/?s={search_term_string}"},"query-input":"required name=search_term_string"}],"inLanguage":"pt-PT"}]}},"_links":{"self":[{"href":"https:\/\/economizavuelo.com\/pt_pt\/wp-json\/wp\/v2\/pages\/189"}],"collection":[{"href":"https:\/\/economizavuelo.com\/pt_pt\/wp-json\/wp\/v2\/pages"}],"about":[{"href":"https:\/\/economizavuelo.com\/pt_pt\/wp-json\/wp\/v2\/types\/page"}],"author":[{"embeddable":true,"href":"https:\/\/economizavuelo.com\/pt_pt\/wp-json\/wp\/v2\/users\/6"}],"replies":[{"embeddable":true,"href":"https:\/\/economizavuelo.com\/pt_pt\/wp-json\/wp\/v2\/comments?post=189"}],"version-history":[{"count":3,"href":"https:\/\/economizavuelo.com\/pt_pt\/wp-json\/wp\/v2\/pages\/189\/revisions"}],"predecessor-version":[{"id":806,"href":"https:\/\/economizavuelo.com\/pt_pt\/wp-json\/wp\/v2\/pages\/189\/revisions\/806"}],"wp:attachment":[{"href":"https:\/\/economizavuelo.com\/pt_pt\/wp-json\/wp\/v2\/media?parent=189"}],"curies":[{"name":"wp","href":"https:\/\/api.w.org\/{rel}","templated":true}]}}