{"id":189,"date":"2024-04-22T16:52:24","date_gmt":"2024-04-22T16:52:24","guid":{"rendered":"https:\/\/economizavuelo.com\/?page_id=189"},"modified":"2025-06-11T14:10:14","modified_gmt":"2025-06-11T14:10:14","slug":"about","status":"publish","type":"page","link":"https:\/\/economizavuelo.com\/pl\/about\/","title":{"rendered":"NA"},"content":{"rendered":"<!--advertisement--><div class=\"mx-5 sm:mx-0 sm:text-3xl text-2xl font-medium title-font mb-4 text-gray-900 text-left\">\n<h2 class=\"wp-block-heading\" id=\"h-o-que-voce-quer-aprender-hoje\">Czego chcesz si\u0119 dzi\u015b nauczy\u0107?<\/h2>\n<\/div><div class=\"mx-5 sm:mx-0 prose leading-relaxed text-lg mb-5 text-left wp-paragraph\">\n<p>W\u0119ze\u0142 <strong>Zapisz lot<\/strong>Nasza misja jest prosta: pom\u00f3c Ci podr\u00f3\u017cowa\u0107 wi\u0119cej i wydawa\u0107 mniej. Zebrali\u015bmy praktyczne wskaz\u00f3wki, sprytne triki i cenne informacje, aby Twoje podr\u00f3\u017ce \u2013 samolotem, samochodem czy hotelem \u2013 by\u0142y bardziej przyst\u0119pne cenowo i satysfakcjonuj\u0105ce.<\/p>\n<\/div><div class=\"mx-5 sm:mx-0 prose leading-relaxed text-lg mb-5 text-left wp-paragraph\">\n<p>Tutaj znajdziesz <strong>strategie oszcz\u0119dzania pieni\u0119dzy na biletach lotniczych<\/strong>, <strong>wynajem samochod\u00f3w, finansowanie i opcje subskrypcji<\/strong>, opr\u00f3cz <strong>propozycje dom\u00f3w na wynajem wakacyjny<\/strong> kt\u00f3re mieszcz\u0105 si\u0119 w kieszeni. Wierzymy, \u017ce odkrywanie \u015bwiata nie musi by\u0107 drogie \u2014 potrzebujesz tylko odpowiednich narz\u0119dzi.<\/p>\n<\/div><div class=\"mx-5 sm:mx-0 prose leading-relaxed text-lg mb-5 text-left wp-paragraph\">\n<p>Naszym zobowi\u0105zaniem jest zapewnienie Pa\u0144stwu dost\u0119pu do aktualnych informacji <strong>finanse osobiste<\/strong>, <strong>najlepsze praktyki planowania podr\u00f3\u017cy<\/strong> I <strong>Zasoby, kt\u00f3re sprawi\u0105, \u017ce ka\u017cda podr\u00f3\u017c stanie si\u0119 bardziej ekonomicznym, bezpiecznym i niezapomnianym prze\u017cyciem.<\/strong>.<\/p>\n<\/div><!--advertisement--><div class=\"mx-5 sm:mx-0 sm:text-3xl text-2xl font-medium title-font mb-4 text-gray-900 text-left\">\n<h2 class=\"wp-block-heading\" id=\"h-quem-somos\">Kim jeste\u015bmy?<\/h2>\n<\/div><div class=\"mx-5 sm:mx-0 prose leading-relaxed text-lg mb-5 text-left wp-paragraph\">\n<p>Minuto Vip to platforma dziennikarska i contentowa obecna w Brazylii i Estonii. Nasz\u0105 misj\u0105 jest konsekwentne oferowanie najlepszych tre\u015bci, niezale\u017cnie od tego, gdzie si\u0119 znajdujesz. Chcemy by\u0107 Twoim towarzyszem w podr\u00f3\u017cy, aby podr\u00f3\u017cowa\u0107 taniej.<\/p>\n<\/div><!--advertisement--><div class=\"mx-5 sm:mx-0 sm:text-3xl text-2xl font-medium title-font mb-4 text-gray-900 text-left\">\n<h2 class=\"wp-block-heading\" id=\"h-nos-ajude-a-melhorar\">Pom\u00f3\u017c nam si\u0119 doskonali\u0107.<\/h2>\n<\/div><div class=\"mx-5 sm:mx-0 prose leading-relaxed text-lg mb-5 text-left wp-paragraph\">\n<p>Bardzo cenimy Twoje sugestie. Mo\u017cesz wys\u0142a\u0107 nam wiadomo\u015b\u0107 za po\u015brednictwem strony kontaktowej.<\/p>\n<\/div>","protected":false},"excerpt":{"rendered":"<p>Czego chcesz si\u0119 dzi\u015b nauczy\u0107? W Economiza Vuelo nasza misja jest prosta: pom\u00f3c Ci podr\u00f3\u017cowa\u0107 wi\u0119cej i wydawa\u0107 mniej. Zebrali\u015bmy praktyczne wskaz\u00f3wki, sprytne triki i cenne informacje, aby Twoje podr\u00f3\u017ce \u2013 samolotem, samochodem lub noclegiem \u2013 by\u0142y bardziej przyst\u0119pne cenowo i satysfakcjonuj\u0105ce. Tutaj znajdziesz strategie oszcz\u0119dzania na biletach lotniczych, opcjach\u2026 <a class=\"more-link\" href=\"https:\/\/economizavuelo.com\/pl\/about\/\">Czytaj dalej <span class=\"screen-reader-text\">NA<\/span><\/a><\/p>","protected":false},"author":6,"featured_media":0,"parent":0,"menu_order":0,"comment_status":"closed","ping_status":"closed","template":"","meta":{"footnotes":""},"yoast_head":"<!-- This site is optimized with the Yoast SEO plugin v23.3 - https:\/\/yoast.com\/wordpress\/plugins\/seo\/ -->\n<title>Sobre - Economiza Vuelo<\/title>\n<meta name=\"robots\" content=\"index, follow, max-snippet:-1, max-image-preview:large, max-video-preview:-1\" \/>\n<link rel=\"canonical\" href=\"https:\/\/economizavuelo.com\/pl\/about\/\" \/>\n<meta property=\"og:locale\" content=\"pl_PL\" \/>\n<meta property=\"og:type\" content=\"article\" \/>\n<meta property=\"og:title\" content=\"Sobre - Economiza Vuelo\" \/>\n<meta property=\"og:description\" content=\"O que voc\u00ea quer aprender hoje? No Economiza Vuelo, nossa miss\u00e3o \u00e9 simples: ajudar voc\u00ea a viajar mais e gastar menos. Reunimos dicas pr\u00e1ticas, truques inteligentes e informa\u00e7\u00f5es valiosas para que suas viagens \u2014 de avi\u00e3o, carro ou hospedagem \u2014 sejam mais acess\u00edveis e gratificantes. Aqui voc\u00ea encontra estrat\u00e9gias para economizar em passagens a\u00e9reas, op\u00e7\u00f5es&hellip; Continue reading Sobre\" \/>\n<meta property=\"og:url\" content=\"https:\/\/economizavuelo.com\/pl\/about\/\" \/>\n<meta property=\"og:site_name\" content=\"Economiza Vuelo\" \/>\n<meta property=\"article:modified_time\" content=\"2025-06-11T14:10:14+00:00\" \/>\n<meta name=\"twitter:card\" content=\"summary_large_image\" \/>\n<meta name=\"twitter:label1\" content=\"Est. reading time\" \/>\n\t<meta name=\"twitter:data1\" content=\"1 minuta\" \/>\n<script type=\"application\/ld+json\" class=\"yoast-schema-graph\">{\"@context\":\"https:\/\/schema.org\",\"@graph\":[{\"@type\":\"WebPage\",\"@id\":\"https:\/\/economizavuelo.com\/about\/\",\"url\":\"https:\/\/economizavuelo.com\/about\/\",\"name\":\"Sobre - Economiza Vuelo\",\"isPartOf\":{\"@id\":\"https:\/\/economizavuelo.com\/#website\"},\"datePublished\":\"2024-04-22T16:52:24+00:00\",\"dateModified\":\"2025-06-11T14:10:14+00:00\",\"breadcrumb\":{\"@id\":\"https:\/\/economizavuelo.com\/about\/#breadcrumb\"},\"inLanguage\":\"pl-PL\",\"potentialAction\":[{\"@type\":\"ReadAction\",\"target\":[\"https:\/\/economizavuelo.com\/about\/\"]}]},{\"@type\":\"BreadcrumbList\",\"@id\":\"https:\/\/economizavuelo.com\/about\/#breadcrumb\",\"itemListElement\":[{\"@type\":\"ListItem\",\"position\":1,\"name\":\"Home\",\"item\":\"https:\/\/economizavuelo.com\/\"},{\"@type\":\"ListItem\",\"position\":2,\"name\":\"Sobre\"}]},{\"@type\":\"WebSite\",\"@id\":\"https:\/\/economizavuelo.com\/#website\",\"url\":\"https:\/\/economizavuelo.com\/\",\"name\":\"Economiza Vuelo\",\"description\":\"\",\"potentialAction\":[{\"@type\":\"SearchAction\",\"target\":{\"@type\":\"EntryPoint\",\"urlTemplate\":\"https:\/\/economizavuelo.com\/?s={search_term_string}\"},\"query-input\":\"required name=search_term_string\"}],\"inLanguage\":\"pl-PL\"}]}<\/script>\n<!-- \/ Yoast SEO plugin. -->","yoast_head_json":{"title":"Sobre - Economiza Vuelo","robots":{"index":"index","follow":"follow","max-snippet":"max-snippet:-1","max-image-preview":"max-image-preview:large","max-video-preview":"max-video-preview:-1"},"canonical":"https:\/\/economizavuelo.com\/pl\/about\/","og_locale":"pl_PL","og_type":"article","og_title":"Sobre - Economiza Vuelo","og_description":"O que voc\u00ea quer aprender hoje? No Economiza Vuelo, nossa miss\u00e3o \u00e9 simples: ajudar voc\u00ea a viajar mais e gastar menos. Reunimos dicas pr\u00e1ticas, truques inteligentes e informa\u00e7\u00f5es valiosas para que suas viagens \u2014 de avi\u00e3o, carro ou hospedagem \u2014 sejam mais acess\u00edveis e gratificantes. Aqui voc\u00ea encontra estrat\u00e9gias para economizar em passagens a\u00e9reas, op\u00e7\u00f5es&hellip; Continue reading Sobre","og_url":"https:\/\/economizavuelo.com\/pl\/about\/","og_site_name":"Economiza Vuelo","article_modified_time":"2025-06-11T14:10:14+00:00","twitter_card":"summary_large_image","twitter_misc":{"Est. reading time":"1 minuta"},"schema":{"@context":"https:\/\/schema.org","@graph":[{"@type":"WebPage","@id":"https:\/\/economizavuelo.com\/about\/","url":"https:\/\/economizavuelo.com\/about\/","name":"Sobre - Economiza Vuelo","isPartOf":{"@id":"https:\/\/economizavuelo.com\/#website"},"datePublished":"2024-04-22T16:52:24+00:00","dateModified":"2025-06-11T14:10:14+00:00","breadcrumb":{"@id":"https:\/\/economizavuelo.com\/about\/#breadcrumb"},"inLanguage":"pl-PL","potentialAction":[{"@type":"ReadAction","target":["https:\/\/economizavuelo.com\/about\/"]}]},{"@type":"BreadcrumbList","@id":"https:\/\/economizavuelo.com\/about\/#breadcrumb","itemListElement":[{"@type":"ListItem","position":1,"name":"Home","item":"https:\/\/economizavuelo.com\/"},{"@type":"ListItem","position":2,"name":"Sobre"}]},{"@type":"WebSite","@id":"https:\/\/economizavuelo.com\/#website","url":"https:\/\/economizavuelo.com\/","name":"Economiza Vuelo","description":"","potentialAction":[{"@type":"SearchAction","target":{"@type":"EntryPoint","urlTemplate":"https:\/\/economizavuelo.com\/?s={search_term_string}"},"query-input":"required name=search_term_string"}],"inLanguage":"pl-PL"}]}},"_links":{"self":[{"href":"https:\/\/economizavuelo.com\/pl\/wp-json\/wp\/v2\/pages\/189"}],"collection":[{"href":"https:\/\/economizavuelo.com\/pl\/wp-json\/wp\/v2\/pages"}],"about":[{"href":"https:\/\/economizavuelo.com\/pl\/wp-json\/wp\/v2\/types\/page"}],"author":[{"embeddable":true,"href":"https:\/\/economizavuelo.com\/pl\/wp-json\/wp\/v2\/users\/6"}],"replies":[{"embeddable":true,"href":"https:\/\/economizavuelo.com\/pl\/wp-json\/wp\/v2\/comments?post=189"}],"version-history":[{"count":3,"href":"https:\/\/economizavuelo.com\/pl\/wp-json\/wp\/v2\/pages\/189\/revisions"}],"predecessor-version":[{"id":806,"href":"https:\/\/economizavuelo.com\/pl\/wp-json\/wp\/v2\/pages\/189\/revisions\/806"}],"wp:attachment":[{"href":"https:\/\/economizavuelo.com\/pl\/wp-json\/wp\/v2\/media?parent=189"}],"curies":[{"name":"wp","href":"https:\/\/api.w.org\/{rel}","templated":true}]}}