{"id":187,"date":"2024-04-22T14:47:16","date_gmt":"2024-04-22T14:47:16","guid":{"rendered":"https:\/\/economizavuelo.com\/?page_id=187"},"modified":"2025-08-29T12:26:51","modified_gmt":"2025-08-29T12:26:51","slug":"terms","status":"publish","type":"page","link":"https:\/\/economizavuelo.com\/pl\/terms\/","title":{"rendered":"Og\u00f3lne warunki korzystania"},"content":{"rendered":"<!--advertisement--><div class=\"mx-5 sm:mx-0 sm:text-3xl text-2xl font-medium title-font mb-4 text-gray-900 text-left\">\n<h2 class=\"wp-block-heading\" id=\"h-economiza-vuelo\">Zapisz lot<\/h2>\n<\/div><div class=\"mx-5 sm:mx-0 prose leading-relaxed text-lg mb-5 text-left wp-paragraph\">\n<p>Economiza Vuelo, esto\u0144ska sp\u00f3\u0142ka z ograniczon\u0105 odpowiedzialno\u015bci\u0105 (LLC, znana r\u00f3wnie\u017c jako MINUTO VIP O\u00dc), zarejestrowana pod numerem 16698741, z siedzib\u0105 w Tallinie, przy ul. Rotermanni tn 14-32, kod pocztowy 10111, Harju, Estonia, jest tw\u00f3rc\u0105, w\u0142a\u015bcicielem i administratorem witryny Economiza Vuelo, dost\u0119pnej za po\u015brednictwem domeny economizavuelo.com.<\/p>\n<\/div><div class=\"mx-5 sm:mx-0 prose leading-relaxed text-lg mb-5 text-left wp-paragraph\">\n<p>Economiza Vuelo to platforma internetowa udost\u0119pniaj\u0105ca tre\u015bci informacyjne i analizy na r\u00f3\u017cne tematy, w tym m.in. oszcz\u0119dzanie na podr\u00f3\u017cach, wskaz\u00f3wki dotycz\u0105ce tanich lot\u00f3w, popularne kierunki i inne zagadnienia zwi\u0105zane z podr\u00f3\u017cowaniem.<\/p>\n<\/div><div class=\"mx-5 sm:mx-0 prose leading-relaxed text-lg mb-5 text-left wp-paragraph\">\n<p>U\u017cytkownicy mog\u0105 w ka\u017cdej chwili uzyska\u0107 dost\u0119p do naszych Og\u00f3lnych Warunk\u00f3w Korzystania, klikaj\u0105c poni\u017cszy link: <a style=\" color:;\" href=\"https:\/\/economizavuelo.com\/pl\/terms\/\">https:\/\/economizavuelo.com\/terms\/<\/a>.&nbsp;<\/p>\n<\/div><div class=\"mx-5 sm:mx-0 prose leading-relaxed text-lg mb-5 text-left wp-paragraph\">\n<p>Niniejsze Warunki, a tak\u017ce korzystanie ze strony internetowej, uzupe\u0142niane s\u0105 postanowieniami Polityki Prywatno\u015bci Economiza Vuelo, dost\u0119pnej pod adresem: <a style=\" color:;\" href=\"https:\/\/economizavuelo.com\/pl\/privacy-policy\/\">https:\/\/economizavuelo.com\/privacy-policy\/<\/a>i podlegaj\u0105 obowi\u0105zuj\u0105cym przepisom prawa.<\/p>\n<\/div><div class=\"mx-5 sm:mx-0 prose leading-relaxed text-lg mb-5 text-left wp-paragraph\">\n<p>W zwi\u0105zku z powy\u017cszym celem niniejszych Og\u00f3lnych Warunk\u00f3w Korzystania jest wyja\u015bnienie obowi\u0105zk\u00f3w, zobowi\u0105za\u0144 i powinno\u015bci wszystkich u\u017cytkownik\u00f3w uzyskuj\u0105cych dost\u0119p do witryny Economiza Vuelo i\/lub korzystaj\u0105cych z niej, zgodnie z opisem poni\u017cej.<\/p>\n<\/div><div class=\"mx-5 sm:mx-0 prose leading-relaxed text-lg mb-5 text-left wp-paragraph\">\n<p>Nale\u017cy podkre\u015bli\u0107, \u017ce nie bierzemy udzia\u0142u w analizie i\/lub zatwierdzaniu wniosk\u00f3w lub propozycji, a ostateczn\u0105 decyzj\u0119 w tych sprawach podejmuj\u0105 wy\u0142\u0105cznie u\u017cytkownicy, wed\u0142ug w\u0142asnych kryteri\u00f3w i zasad.<\/p>\n<\/div><!--advertisement--><div class=\"mx-5 sm:mx-0 sm:text-3xl text-2xl font-medium title-font mb-4 text-gray-900 text-left\">\n<h2 class=\"wp-block-heading\" id=\"h-1-da-aceitacao\">1. AKCEPTACJA<\/h2>\n<\/div><div class=\"mx-5 sm:mx-0 prose leading-relaxed text-lg mb-5 text-left wp-paragraph\">\n<p>1.1. Do\u0142\u0105czaj\u0105c do Economiza Vuelo, u\u017cytkownik WYRA\u017bA zgod\u0119 na przyj\u0119cie Og\u00f3lnych Warunk\u00f3w Korzystania i Regulaminu. <a style=\" color:;\" href=\"https:\/\/economizavuelo.com\/pl\/privacy-policy\/\">Polityka prywatno\u015bci Economiza Vuelo.<\/a><\/p>\n<\/div><div class=\"mx-5 sm:mx-0 prose leading-relaxed text-lg mb-5 text-left wp-paragraph\">\n<p>1.2. Korzystanie z serwisu Economiza Vuelo przez u\u017cytkownika oznacza o\u015bwiadczenie, \u017ce ma on uko\u0144czone 18 lat i posiada pe\u0142n\u0105 zdolno\u015b\u0107 do czynno\u015bci prawnych, umo\u017cliwiaj\u0105c\u0105 akceptacj\u0119 niniejszego Regulaminu w rozumieniu prawa.<\/p>\n<\/div><div class=\"mx-5 sm:mx-0 prose leading-relaxed text-lg mb-5 text-left wp-paragraph\">\n<p>1.3. Je\u017celi u\u017cytkownik nie spe\u0142nia powy\u017cszych kryteri\u00f3w i\/lub nie zgadza si\u0119, cho\u0107by cz\u0119\u015bciowo, z przedstawionymi warunkami, powinien powstrzyma\u0107 si\u0119 od dost\u0119pu i\/lub korzystania z us\u0142ug i tre\u015bci udost\u0119pnianych przez Economiza Vuelo, a tak\u017ce ze stron internetowych i us\u0142ug przez ni\u0105 zarz\u0105dzanych.<\/p>\n<\/div><!--advertisement--><div class=\"mx-5 sm:mx-0 sm:text-3xl text-2xl font-medium title-font mb-4 text-gray-900 text-left\">\n<h2 class=\"wp-block-heading\" id=\"h-2-contato\">2. KONTAKT<\/h2>\n<\/div><div class=\"mx-5 sm:mx-0 prose leading-relaxed text-lg mb-5 text-left wp-paragraph\">\n<p>2.1. U\u017cytkownicy s\u0105 uprawnieni do korzystania z niniejszej us\u0142ugi w celu wyja\u015bnienia w\u0105tpliwo\u015bci, rozwi\u0105zania problem\u00f3w, z\u0142o\u017cenia reklamacji lub uzyskania dodatkowych informacji na temat produkt\u00f3w\/us\u0142ug oferowanych przez Economiza Vuelo.<\/p>\n<\/div><div class=\"mx-5 sm:mx-0 prose leading-relaxed text-lg mb-5 text-left wp-paragraph\">\n<p>2.2. Kontakt mo\u017cliwy jest poprzez stron\u0119 kontaktow\u0105.<\/p>\n<\/div><!--advertisement--><div class=\"mx-5 sm:mx-0 sm:text-3xl text-2xl font-medium title-font mb-4 text-gray-900 text-left\">\n<h2 class=\"wp-block-heading\" id=\"h-3-das-responsabilidades-das-partes\">3. ODPOWIEDZIALNO\u015a\u0106 STRON<\/h2>\n<\/div><div class=\"mx-5 sm:mx-0 prose leading-relaxed text-lg mb-5 text-left wp-paragraph\">\n<p>3.1. U\u017cytkownik powinien dok\u0142adnie zapozna\u0107 si\u0119 ze wszystkimi postanowieniami zawartymi w niniejszym Regulaminie oraz w Regulaminie. <a style=\" color:;\" href=\"https:\/\/economizavuelo.com\/pl\/privacy-policy\/\">Polityka prywatno\u015bci<\/a>Korzystaj\u0105c z us\u0142ug i\/lub produkt\u00f3w oferowanych przez Economiza Vuelo, w pe\u0142ni akceptujesz wszystkie warunki opisane w niniejszym dokumencie.<\/p>\n<\/div><div class=\"mx-5 sm:mx-0 prose leading-relaxed text-lg mb-5 text-left wp-paragraph\">\n<p>3.2. Economiza Vuelo udost\u0119pnia linki i\/lub kieruje u\u017cytkownika do innych stron internetowych, na kt\u00f3rych mo\u017cliwe jest zawieranie um\u00f3w o \u015bwiadczenie us\u0142ug i\/lub kupowanie produkt\u00f3w od firm zewn\u0119trznych, bez jakiejkolwiek ingerencji ze strony Economiza Vuelo.<\/p>\n<\/div><div class=\"mx-5 sm:mx-0 prose leading-relaxed text-lg mb-5 text-left wp-paragraph\">\n<p>3.3. Je\u017celi u\u017cytkownik zostanie przekierowany na stron\u0119 internetow\u0105 firmy reklamowej, konieczne jest zapoznanie si\u0119 z regulaminem korzystania z witryny oraz polityk\u0105 prywatno\u015bci danej firmy i wyra\u017ane ich zaakceptowanie.<\/p>\n<\/div><div class=\"mx-5 sm:mx-0 prose leading-relaxed text-lg mb-5 text-left wp-paragraph\">\n<p>3.4. Economiza Vuelo nie ponosi \u017cadnej odpowiedzialno\u015bci za warunki korzystania i polityk\u0119 prywatno\u015bci reklamowanych firm, jak r\u00f3wnie\u017c za informacje dotycz\u0105ce reklamowanych us\u0142ug\/produkt\u00f3w oraz za us\u0142ugi\/produkty \u015bwiadczone lub zamawiane przez te firmy.<\/p>\n<\/div><div class=\"mx-5 sm:mx-0 prose leading-relaxed text-lg mb-5 text-left wp-paragraph\">\n<p>3.5. Economiza Vuelo nie ponosi odpowiedzialno\u015bci za \u017cadne z\u0142o\u015bliwe oprogramowanie, kt\u00f3re mo\u017ce naruszy\u0107 lub zmieni\u0107 ustawienia urz\u0105dze\u0144 u\u017cytkownik\u00f3w podczas przegl\u0105dania Internetu lub przesy\u0142ania danych.<\/p>\n<\/div><div class=\"mx-5 sm:mx-0 prose leading-relaxed text-lg mb-5 text-left wp-paragraph\">\n<p>3.6. U\u017cytkownicy ponosz\u0105 wy\u0142\u0105czn\u0105 odpowiedzialno\u015b\u0107 za aktualizacj\u0119 systemu operacyjnego i program\u00f3w antywirusowych na swoich urz\u0105dzeniach.<\/p>\n<\/div><div class=\"mx-5 sm:mx-0 prose leading-relaxed text-lg mb-5 text-left wp-paragraph\">\n<p>3.7. Economiza Vuelo nie ponosi odpowiedzialno\u015bci za straty lub szkody wynikaj\u0105ce z niew\u0142a\u015bciwego korzystania ze strony internetowej i\/lub nieprzewidzianych zdarze\u0144.<\/p>\n<\/div><div class=\"mx-5 sm:mx-0 prose leading-relaxed text-lg mb-5 text-left wp-paragraph\">\n<p>3.8. Economiza Vuelo nie wymaga depozyt\u00f3w ani przelew\u00f3w bankowych jako warunku udzielenia lub zatwierdzenia produkt\u00f3w finansowych.<\/p>\n<\/div><div class=\"mx-5 sm:mx-0 prose leading-relaxed text-lg mb-5 text-left wp-paragraph\">\n<p>3.9. Economiza Vuelo nie wysy\u0142a wiadomo\u015bci e-mail z potwierdzeniem danych lub rejestracji zawieraj\u0105cych pliki wykonywalne lub linki do pobrania. W przypadku otrzymania podejrzanej wiadomo\u015bci prosimy o kontakt za po\u015brednictwem strony kontaktowej.<\/p>\n<\/div><div class=\"mx-5 sm:mx-0 prose leading-relaxed text-lg mb-5 text-left wp-paragraph\">\n<p>3.10. U\u017cytkownik jest zobowi\u0105zany do: unikania naruszania praw os\u00f3b trzecich, nieu\u017cywania Economiza Vuelo do dzia\u0142a\u0144 niezgodnych z prawem lub niew\u0142a\u015bciwych oraz pe\u0142nego przestrzegania Regulaminu i Polityki Prywatno\u015bci, a tak\u017ce obowi\u0105zuj\u0105cych przepis\u00f3w prawa.<\/p>\n<\/div><!--advertisement--><div class=\"mx-5 sm:mx-0 sm:text-3xl text-2xl font-medium title-font mb-4 text-gray-900 text-left\">\n<h2 class=\"wp-block-heading\" id=\"h-4-da-modificacao-dos-termos-e-condicoes\">4. ZMIANA WARUNK\u00d3W<\/h2>\n<\/div><div class=\"mx-5 sm:mx-0 prose leading-relaxed text-lg mb-5 text-left wp-paragraph\">\n<p>4.1. Og\u00f3lne Warunki Korzystania z Economiza Vuelo mog\u0105 by\u0107 w dowolnym momencie modyfikowane, uzupe\u0142niane lub zast\u0119powane wed\u0142ug wy\u0142\u0105cznego uznania Economiza Vuelo, bez konieczno\u015bci wcze\u015bniejszego powiadomienia u\u017cytkownik\u00f3w.<\/p>\n<\/div><div class=\"mx-5 sm:mx-0 prose leading-relaxed text-lg mb-5 text-left wp-paragraph\">\n<p>4.2. Ka\u017cdy, kto nie zgadza si\u0119 z niniejszymi Warunkami, kt\u00f3re s\u0105 obowi\u0105zkowe i wi\u0105\u017c\u0105ce, powinien powstrzyma\u0107 si\u0119 od korzystania ze strony internetowej Economiza Vuelo.<\/p>\n<\/div><!--advertisement--><div class=\"mx-5 sm:mx-0 sm:text-3xl text-2xl font-medium title-font mb-4 text-gray-900 text-left\">\n<h2 class=\"wp-block-heading\" id=\"h-5-vigencia-e-prazo-decadencial\">5. WA\u017bNO\u015a\u0106 I OKRES WA\u017bNO\u015aCI<\/h2>\n<\/div><div class=\"mx-5 sm:mx-0 prose leading-relaxed text-lg mb-5 text-left wp-paragraph\">\n<p>5.1. Niniejsze Og\u00f3lne Warunki Korzystania obowi\u0105zuj\u0105 bezterminowo. Wszelkie roszczenia prawne lub administracyjne wynikaj\u0105ce z korzystania z Economiza Vuelo musz\u0105 zosta\u0107 zg\u0142oszone w ci\u0105gu 90 dni od zdarzenia, kt\u00f3re je spowodowa\u0142o.<\/p>\n<\/div><!--advertisement--><div class=\"mx-5 sm:mx-0 sm:text-3xl text-2xl font-medium title-font mb-4 text-gray-900 text-left\">\n<h2 class=\"wp-block-heading\" id=\"h-6-da-legislacao-e-foro-de-eleicao\">6. USTAWODAWSTWO I WYB\u00d3R FORUM<\/h2>\n<\/div><div class=\"mx-5 sm:mx-0 prose leading-relaxed text-lg mb-5 text-left wp-paragraph\">\n<p>6.1. Niniejsze Og\u00f3lne Warunki Korzystania wraz z Polityk\u0105 Prywatno\u015bci podlegaj\u0105 prawu Federacyjnej Republiki Brazylii.<\/p>\n<\/div><div class=\"mx-5 sm:mx-0 prose leading-relaxed text-lg mb-5 text-left wp-paragraph\">\n<p>6.2. W odniesieniu do wszelkich kwestii zwi\u0105zanych z niniejszymi Warunkami i Polityk\u0105 Prywatno\u015bci, strony wyra\u017anie zgadzaj\u0105 si\u0119 i zrzekaj\u0105 si\u0119 jakiejkolwiek innej w\u0142a\u015bciwo\u015bci miejscowej, poddaj\u0105c wszelkie pytania lub spory wynikaj\u0105ce z niniejszych Warunk\u00f3w U\u017cytkowania pod rozstrzygni\u0119cie S\u0105du Arbitra\u017cowego Esto\u0144skiej Izby Handlowo-Przemys\u0142owej w Tallinie w Estonii.<\/p>\n<\/div>","protected":false},"excerpt":{"rendered":"<p>Economiza Vuelo, esto\u0144ska sp\u00f3\u0142ka z ograniczon\u0105 odpowiedzialno\u015bci\u0105 (LLC, znana r\u00f3wnie\u017c jako MINUTO VIP O\u00dc), zarejestrowana pod numerem 16698741 z siedzib\u0105 w Tallinie, przy ul. Rotermanni tn 14-32, kod pocztowy 10111, Harju, Estonia, jest tw\u00f3rc\u0105, w\u0142a\u015bcicielem i administratorem strony internetowej Economiza Vuelo, dost\u0119pnej pod domen\u0105 economizavuelo.com. Economiza Vuelo to\u2026 <a class=\"more-link\" href=\"https:\/\/economizavuelo.com\/pl\/terms\/\">Czytaj dalej <span class=\"screen-reader-text\">Og\u00f3lne warunki korzystania<\/span><\/a><\/p>","protected":false},"author":6,"featured_media":0,"parent":0,"menu_order":0,"comment_status":"closed","ping_status":"closed","template":"","meta":{"footnotes":""},"yoast_head":"<!-- This site is optimized with the Yoast SEO plugin v23.3 - https:\/\/yoast.com\/wordpress\/plugins\/seo\/ -->\n<title>Termos e Condi\u00e7\u00f5es Gerais de Uso - Economiza Vuelo<\/title>\n<meta name=\"robots\" content=\"index, follow, max-snippet:-1, max-image-preview:large, max-video-preview:-1\" \/>\n<link rel=\"canonical\" href=\"https:\/\/economizavuelo.com\/pl\/terms\/\" \/>\n<meta property=\"og:locale\" content=\"pl_PL\" \/>\n<meta property=\"og:type\" content=\"article\" \/>\n<meta property=\"og:title\" content=\"Termos e Condi\u00e7\u00f5es Gerais de Uso - Economiza Vuelo\" \/>\n<meta property=\"og:description\" content=\"Economiza Vuelo O Economiza Vuelo, uma empresa de responsabilidade limitada estoniana (LLC, tamb\u00e9m conhecida como MINUTO VIP O\u00dc), registrada sob o n\u00famero 16698741 e sediada em Tallinn, na Rua Rotermanni tn 14-32, CEP 10111, Harju, Est\u00f4nia, \u00e9 a criadora, propriet\u00e1ria e mantenedora do site Economiza Vuelo, acess\u00edvel pelo dom\u00ednio economizavuelo.com. O Economiza Vuelo \u00e9 uma&hellip; Continue reading Termos e Condi\u00e7\u00f5es Gerais de Uso\" \/>\n<meta property=\"og:url\" content=\"https:\/\/economizavuelo.com\/pl\/terms\/\" \/>\n<meta property=\"og:site_name\" content=\"Economiza Vuelo\" \/>\n<meta property=\"article:modified_time\" content=\"2025-08-29T12:26:51+00:00\" \/>\n<meta name=\"twitter:card\" content=\"summary_large_image\" \/>\n<meta name=\"twitter:label1\" content=\"Est. reading time\" \/>\n\t<meta name=\"twitter:data1\" content=\"5 minut\" \/>\n<script type=\"application\/ld+json\" class=\"yoast-schema-graph\">{\"@context\":\"https:\/\/schema.org\",\"@graph\":[{\"@type\":\"WebPage\",\"@id\":\"https:\/\/economizavuelo.com\/terms\/\",\"url\":\"https:\/\/economizavuelo.com\/terms\/\",\"name\":\"Termos e Condi\u00e7\u00f5es Gerais de Uso - Economiza Vuelo\",\"isPartOf\":{\"@id\":\"https:\/\/economizavuelo.com\/#website\"},\"datePublished\":\"2024-04-22T14:47:16+00:00\",\"dateModified\":\"2025-08-29T12:26:51+00:00\",\"breadcrumb\":{\"@id\":\"https:\/\/economizavuelo.com\/terms\/#breadcrumb\"},\"inLanguage\":\"pl-PL\",\"potentialAction\":[{\"@type\":\"ReadAction\",\"target\":[\"https:\/\/economizavuelo.com\/terms\/\"]}]},{\"@type\":\"BreadcrumbList\",\"@id\":\"https:\/\/economizavuelo.com\/terms\/#breadcrumb\",\"itemListElement\":[{\"@type\":\"ListItem\",\"position\":1,\"name\":\"Home\",\"item\":\"https:\/\/economizavuelo.com\/\"},{\"@type\":\"ListItem\",\"position\":2,\"name\":\"Termos e Condi\u00e7\u00f5es Gerais de Uso\"}]},{\"@type\":\"WebSite\",\"@id\":\"https:\/\/economizavuelo.com\/#website\",\"url\":\"https:\/\/economizavuelo.com\/\",\"name\":\"Economiza Vuelo\",\"description\":\"\",\"potentialAction\":[{\"@type\":\"SearchAction\",\"target\":{\"@type\":\"EntryPoint\",\"urlTemplate\":\"https:\/\/economizavuelo.com\/?s={search_term_string}\"},\"query-input\":\"required name=search_term_string\"}],\"inLanguage\":\"pl-PL\"}]}<\/script>\n<!-- \/ Yoast SEO plugin. -->","yoast_head_json":{"title":"Termos e Condi\u00e7\u00f5es Gerais de Uso - Economiza Vuelo","robots":{"index":"index","follow":"follow","max-snippet":"max-snippet:-1","max-image-preview":"max-image-preview:large","max-video-preview":"max-video-preview:-1"},"canonical":"https:\/\/economizavuelo.com\/pl\/terms\/","og_locale":"pl_PL","og_type":"article","og_title":"Termos e Condi\u00e7\u00f5es Gerais de Uso - Economiza Vuelo","og_description":"Economiza Vuelo O Economiza Vuelo, uma empresa de responsabilidade limitada estoniana (LLC, tamb\u00e9m conhecida como MINUTO VIP O\u00dc), registrada sob o n\u00famero 16698741 e sediada em Tallinn, na Rua Rotermanni tn 14-32, CEP 10111, Harju, Est\u00f4nia, \u00e9 a criadora, propriet\u00e1ria e mantenedora do site Economiza Vuelo, acess\u00edvel pelo dom\u00ednio economizavuelo.com. O Economiza Vuelo \u00e9 uma&hellip; Continue reading Termos e Condi\u00e7\u00f5es Gerais de Uso","og_url":"https:\/\/economizavuelo.com\/pl\/terms\/","og_site_name":"Economiza Vuelo","article_modified_time":"2025-08-29T12:26:51+00:00","twitter_card":"summary_large_image","twitter_misc":{"Est. reading time":"5 minut"},"schema":{"@context":"https:\/\/schema.org","@graph":[{"@type":"WebPage","@id":"https:\/\/economizavuelo.com\/terms\/","url":"https:\/\/economizavuelo.com\/terms\/","name":"Termos e Condi\u00e7\u00f5es Gerais de Uso - Economiza Vuelo","isPartOf":{"@id":"https:\/\/economizavuelo.com\/#website"},"datePublished":"2024-04-22T14:47:16+00:00","dateModified":"2025-08-29T12:26:51+00:00","breadcrumb":{"@id":"https:\/\/economizavuelo.com\/terms\/#breadcrumb"},"inLanguage":"pl-PL","potentialAction":[{"@type":"ReadAction","target":["https:\/\/economizavuelo.com\/terms\/"]}]},{"@type":"BreadcrumbList","@id":"https:\/\/economizavuelo.com\/terms\/#breadcrumb","itemListElement":[{"@type":"ListItem","position":1,"name":"Home","item":"https:\/\/economizavuelo.com\/"},{"@type":"ListItem","position":2,"name":"Termos e Condi\u00e7\u00f5es Gerais de Uso"}]},{"@type":"WebSite","@id":"https:\/\/economizavuelo.com\/#website","url":"https:\/\/economizavuelo.com\/","name":"Economiza Vuelo","description":"","potentialAction":[{"@type":"SearchAction","target":{"@type":"EntryPoint","urlTemplate":"https:\/\/economizavuelo.com\/?s={search_term_string}"},"query-input":"required name=search_term_string"}],"inLanguage":"pl-PL"}]}},"_links":{"self":[{"href":"https:\/\/economizavuelo.com\/pl\/wp-json\/wp\/v2\/pages\/187"}],"collection":[{"href":"https:\/\/economizavuelo.com\/pl\/wp-json\/wp\/v2\/pages"}],"about":[{"href":"https:\/\/economizavuelo.com\/pl\/wp-json\/wp\/v2\/types\/page"}],"author":[{"embeddable":true,"href":"https:\/\/economizavuelo.com\/pl\/wp-json\/wp\/v2\/users\/6"}],"replies":[{"embeddable":true,"href":"https:\/\/economizavuelo.com\/pl\/wp-json\/wp\/v2\/comments?post=187"}],"version-history":[{"count":3,"href":"https:\/\/economizavuelo.com\/pl\/wp-json\/wp\/v2\/pages\/187\/revisions"}],"predecessor-version":[{"id":920,"href":"https:\/\/economizavuelo.com\/pl\/wp-json\/wp\/v2\/pages\/187\/revisions\/920"}],"wp:attachment":[{"href":"https:\/\/economizavuelo.com\/pl\/wp-json\/wp\/v2\/media?parent=187"}],"curies":[{"name":"wp","href":"https:\/\/api.w.org\/{rel}","templated":true}]}}