{"id":184,"date":"2024-04-22T13:58:14","date_gmt":"2024-04-22T13:58:14","guid":{"rendered":"https:\/\/economizavuelo.com\/?page_id=184"},"modified":"2025-03-28T12:08:44","modified_gmt":"2025-03-28T12:08:44","slug":"privacy-policy","status":"publish","type":"page","link":"https:\/\/economizavuelo.com\/it\/privacy-policy\/","title":{"rendered":"politica sulla riservatezza"},"content":{"rendered":"<!--advertisement--><div class=\"mx-5 sm:mx-0 sm:text-3xl text-2xl font-medium title-font mb-4 text-gray-900 text-left\">\n<h2 class=\"wp-block-heading\" id=\"h-economiza-vuelo\">Salva Vuelo<\/h2>\n<\/div><div class=\"mx-5 sm:mx-0 prose leading-relaxed text-lg mb-5 text-left wp-paragraph\">\n<p>Aggiornato il 28 marzo 2025.<\/p>\n<\/div><div class=\"mx-5 sm:mx-0 prose leading-relaxed text-lg mb-5 text-left wp-paragraph\">\n<p>In Economiza Vuelo, la nostra priorit\u00e0 \u00e8 fornire un&#039;esperienza sicura e rispettosa sulla nostra piattaforma, garantendo che la tua privacy sia protetta in ogni momento.<\/p>\n<\/div><div class=\"mx-5 sm:mx-0 prose leading-relaxed text-lg mb-5 text-left wp-paragraph\">\n<p>Raccogliamo una variet\u00e0 di informazioni, tra cui nome, indirizzo email, numero di telefono e altro. Questi dati sono essenziali per personalizzare e ottimizzare la tua interazione sulla nostra pagina.<\/p>\n<\/div><div class=\"mx-5 sm:mx-0 prose leading-relaxed text-lg mb-5 text-left wp-paragraph\">\n<p>Utilizzando Economiza Vuelo, accetti le pratiche delineate nella presente Informativa sulla privacy. Pertanto, in caso di disaccordo totale o parziale con qualsiasi punto presentato, ti chiediamo di evitare di utilizzare i nostri servizi.<\/p>\n<\/div><div class=\"mx-5 sm:mx-0 prose leading-relaxed text-lg mb-5 text-left wp-paragraph\">\n<p>Sottolineiamo che la nostra Informativa sulla Privacy e le nostre Condizioni Generali d&#039;Uso sono documenti che possono essere aggiornati senza preavviso, riflettendo il nostro impegno a mantenere questi documenti allineati con le esigenze in continua evoluzione dei nostri utenti e con la legislazione applicabile.<\/p>\n<\/div><div class=\"mx-5 sm:mx-0 prose leading-relaxed text-lg mb-5 text-left wp-paragraph\">\n<p>Ti consigliamo vivamente di rivedere regolarmente sia l&#039;Informativa sulla privacy che i Termini e condizioni generali d&#039;uso. In questo modo rimarrai aggiornato sulla raccolta e sull&#039;utilizzo dei tuoi dati in questo servizio.<\/p>\n<\/div><div class=\"mx-5 sm:mx-0 prose leading-relaxed text-lg mb-5 text-left wp-paragraph\">\n<p>\u00c8 importante evidenziare che eventuali modifiche apportate ai presenti termini entreranno in vigore non appena pubblicate sul sito. Se vengono apportate modifiche all&#039;Informativa sulla privacy di questo servizio, sarai avvisato dell&#039;aggiornamento qui nella pagina.<\/p>\n<\/div><div class=\"mx-5 sm:mx-0 prose leading-relaxed text-lg mb-5 text-left wp-paragraph\">\n<p>La nostra priorit\u00e0 \u00e8 garantire privacy e trasparenza nel trattamento dei tuoi dati, sempre nel rispetto della normativa applicabile sulla protezione dei dati. \u00c8 essenziale leggere e comprendere i tuoi diritti e il modo in cui le tue informazioni vengono trattate presso Economiza Vuelo. Le Condizioni Generali d&#039;Uso sono disponibili all&#039;indirizzo: https:\/\/economizavuelo.com\/termos-de-uso&nbsp;<\/p>\n<\/div><!--advertisement--><div class=\"mx-5 sm:mx-0 sm:text-3xl text-2xl font-medium title-font mb-4 text-gray-900 text-left\">\n<h2 class=\"wp-block-heading\" id=\"h-consentimento-e-utilizacao-do-site\">Consenso e Utilizzo del Sito<\/h2>\n<\/div><div class=\"mx-5 sm:mx-0 prose leading-relaxed text-lg mb-5 text-left wp-paragraph\">\n<p>Utilizzando Economiza Vuelo, accetti l&#039;Informativa sulla privacy qui presentata e i Termini di utilizzo, che possono essere consultati all&#039;indirizzo: https:\/\/economizavuelo.com\/termos-de-uso&nbsp;<\/p>\n<\/div><div class=\"mx-5 sm:mx-0 prose leading-relaxed text-lg mb-5 text-left wp-paragraph\">\n<p>\u00c8 essenziale accettare la presente Policy e i Termini per garantire un&#039;esperienza di navigazione sicura e personalizzata su questo servizio.<\/p>\n<\/div><!--advertisement--><div class=\"mx-5 sm:mx-0 sm:text-3xl text-2xl font-medium title-font mb-4 text-gray-900 text-left\">\n<h3 class=\"wp-block-heading\"><strong>Utilizzo dell&#039;intelligenza artificiale (IA)<\/strong><\/h3>\n<\/div><div class=\"mx-5 sm:mx-0 prose leading-relaxed text-lg mb-5 text-left wp-paragraph\">\n<p>Economiza Vuelo utilizza strumenti avanzati di Intelligenza Artificiale per supportare la creazione di testi, contenuti informativi ed elementi grafici presentati sul nostro sito web. <strong>Questa tecnologia ci aiuta a produrre materiali pi\u00f9 rapidi, innovativi e personalizzati, migliorando costantemente la qualit\u00e0 della tua esperienza di navigazione sul nostro sito.<\/strong><\/p>\n<\/div><div class=\"mx-5 sm:mx-0 prose leading-relaxed text-lg mb-5 text-left wp-paragraph\">\n<p>Tutte le informazioni generate tramite l&#039;Intelligenza Artificiale sono sottoposte a un rigoroso processo di verifica e modifica effettuato dal nostro team specializzato. <strong>In questo modo garantiamo che ogni contenuto sia in linea con i nostri standard di chiarezza, pertinenza e accuratezza.<\/strong><\/p>\n<\/div><div class=\"mx-5 sm:mx-0 prose leading-relaxed text-lg mb-5 text-left wp-paragraph\">\n<p>Ci impegniamo a utilizzare la tecnologia in modo responsabile, dando sempre priorit\u00e0 alla trasparenza e alla sicurezza dei dati personali dei nostri utenti. Se hai domande o desideri avere maggiori dettagli su come utilizziamo l&#039;intelligenza artificiale nella produzione di contenuti o immagini specifici, non esitare a contattarci. Apprezziamo il tuo interesse e siamo sempre pronti a rispondere.<\/p>\n<\/div><!--advertisement--><div class=\"mx-5 sm:mx-0 sm:text-3xl text-2xl font-medium title-font mb-4 text-gray-900 text-left\">\n<h2 class=\"wp-block-heading\" id=\"h-visao-geral-para-os-usuarios\">Panoramica per gli utenti<\/h2>\n<\/div><div class=\"mx-5 sm:mx-0 prose leading-relaxed text-lg mb-5 text-left wp-paragraph\">\n<p>Economiza Vuelo si concentra sulla fornitura di contenuti pertinenti e aggiornati per facilitare l&#039;accesso alla conoscenza. Ci\u00f2 consente agli utenti di navigare e consumare contenuti senza doversi registrare, privilegiando un&#039;esperienza semplice e veloce.<\/p>\n<\/div><div class=\"mx-5 sm:mx-0 prose leading-relaxed text-lg mb-5 text-left wp-paragraph\">\n<p>Rispettiamo gli standard internazionali per proteggere i tuoi dati, riconoscendo, tuttavia, che nessuna misura di sicurezza \u00e8 infallibile. Miglioriamo continuamente le nostre pratiche e tecnologie, tra cui crittografia, controllo degli accessi e conformit\u00e0 alle policy, per garantire la sicurezza dei tuoi dati. Ci\u00f2 include la protezione contro l&#039;uso non autorizzato, l&#039;abuso o la divulgazione delle tue informazioni personali.<\/p>\n<\/div><div class=\"mx-5 sm:mx-0 prose leading-relaxed text-lg mb-5 text-left wp-paragraph\">\n<p>\u00c8 importante notare che non richiederemo mai pagamenti o importi monetari per rilasciare prodotti o servizi a nome di Economiza Vuelo. Se ricevi una richiesta di questo tipo per nostro conto, ti chiediamo di contattarci immediatamente.<\/p>\n<\/div><div class=\"mx-5 sm:mx-0 prose leading-relaxed text-lg mb-5 text-left wp-paragraph\">\n<p>Il nostro impegno \u00e8 mantenere le informazioni sempre aggiornate e precise. Tuttavia, \u00e8 importante sottolineare che non possiamo garantire che tutte le informazioni disponibili qui siano completamente accurate rispetto ad altre fonti. Pertanto, quando si ordinano prodotti o servizi, \u00e8 consigliabile rivedere attentamente i termini e le condizioni d&#039;uso.<\/p>\n<\/div><div class=\"mx-5 sm:mx-0 prose leading-relaxed text-lg mb-5 text-left wp-paragraph\">\n<p>Sebbene riceviamo premi per pubblicit\u00e0 e consigli sui prodotti, il nostro team si dedica alla creazione di contenuti pertinenti e di alta qualit\u00e0 per gli utenti. Sebbene i nostri partner possano influenzare i contenuti, il nostro obiettivo principale \u00e8 fornire sempre informazioni aggiornate e affidabili.<\/p>\n<\/div><div class=\"mx-5 sm:mx-0 prose leading-relaxed text-lg mb-5 text-left wp-paragraph\">\n<p>Tuttavia, a causa della diversit\u00e0 delle informazioni sulla nostra piattaforma, non possiamo garantire la qualit\u00e0 o l&#039;aggiornamento di tutte.<\/p>\n<\/div><div class=\"mx-5 sm:mx-0 prose leading-relaxed text-lg mb-5 text-left wp-paragraph\">\n<p>Per garantire la sicurezza delle tue informazioni personali, utilizziamo misure preventive e seguiamo le migliori pratiche del settore per prevenire danni ai dati. Come, ad esempio, perdita, uso improprio, accesso non autorizzato, divulgazione, alterazione o distruzione dei dati.<\/p>\n<\/div><!--advertisement--><div class=\"mx-5 sm:mx-0 sm:text-3xl text-2xl font-medium title-font mb-4 text-gray-900 text-left\">\n<h2 class=\"wp-block-heading\" id=\"h-conexoes-com-sites-externos\">Collegamenti a siti esterni<\/h2>\n<\/div><div class=\"mx-5 sm:mx-0 prose leading-relaxed text-lg mb-5 text-left wp-paragraph\">\n<p>Economiza Vuelo stabilisce collegamenti con varie fonti esterne che, nella nostra analisi, possono fornire informazioni o strumenti utili ai nostri utenti. \u00c8 importante notare, tuttavia, che la nostra Informativa sulla privacy non si estende a questi siti Web esterni. Pertanto, non ci assumiamo alcuna responsabilit\u00e0 per le politiche sulla privacy o i contenuti presenti su questi siti. Ci\u00f2 significa che non esercitiamo controllo su tali fonti esterne e pertanto non possiamo essere ritenuti responsabili per qualsiasi interazione con prodotti o servizi di terzi.<\/p>\n<\/div><div class=\"mx-5 sm:mx-0 prose leading-relaxed text-lg mb-5 text-left wp-paragraph\">\n<p>Quando lasci il sito web di Economiza Vuelo o vieni reindirizzato a un sito web o a un&#039;applicazione di terze parti, sarai soggetto alle politiche sulla privacy di quel sito web specifico, non pi\u00f9 alle nostre. Ci\u00f2 implica che la nostra Informativa sulla privacy e i Termini di servizio non si applicheranno alla tua esperienza online in questi casi.<\/p>\n<\/div><div class=\"mx-5 sm:mx-0 prose leading-relaxed text-lg mb-5 text-left wp-paragraph\">\n<p>Inoltre, vorremmo sottolineare che, se decidi di revocare il tuo consenso all&#039;uso dei tuoi dati, sia per il contatto, la raccolta, l&#039;uso o la divulgazione delle tue informazioni, sei completamente libero di farlo. Per farlo, contattaci a <a style=\" color:;\" href=\"https:\/\/economizavuelo.com\/it\/contact\/\">https:\/\/economizavuelo.com\/contact\/<\/a>e risponderemo tempestivamente alla tua richiesta.<\/p>\n<\/div><div class=\"mx-5 sm:mx-0 prose leading-relaxed text-lg mb-5 text-left wp-paragraph\">\n<p>Questo approccio flessibile mira a garantirti il controllo su tutti i tuoi dati personali, in linea con il nostro impegno per la trasparenza e il rispetto della tua privacy.<\/p>\n<\/div><!--advertisement--><div class=\"mx-5 sm:mx-0 sm:text-3xl text-2xl font-medium title-font mb-4 text-gray-900 text-left\">\n<h2 class=\"wp-block-heading\" id=\"h-coleta-de-dados-nao-pessoais\">Raccolta di dati non personali&nbsp;<\/h2>\n<\/div><div class=\"mx-5 sm:mx-0 prose leading-relaxed text-lg mb-5 text-left wp-paragraph\">\n<p>Presso Economiza Vuelo, durante la tua interazione sul nostro sito Web, tracciamo e raccogliamo automaticamente dati non personali. Ci\u00f2 comprende una serie di informazioni, come le pagine visualizzate, gli orari di accesso, i collegamenti cliccati e le categorie di contenuti o servizi di tuo interesse. Tali dati, sebbene non ti identifichino direttamente, sono essenziali per comprendere le preferenze del nostro pubblico e migliorare l&#039;esperienza complessiva del sito web.<\/p>\n<\/div><!--advertisement--><div class=\"mx-5 sm:mx-0 sm:text-3xl text-2xl font-medium title-font mb-4 text-gray-900 text-left\">\n<h2 class=\"wp-block-heading\" id=\"h-uso-de-cookies\">Utilizzo dei cookie<\/h2>\n<\/div><div class=\"mx-5 sm:mx-0 prose leading-relaxed text-lg mb-5 text-left wp-paragraph\">\n<p>Economiza Vuelo, in collaborazione con aziende come Google, utilizza i cookie per fornire annunci pi\u00f9 pertinenti ai nostri visitatori. Utilizzando il cookie DART di Google, gli annunci possono essere personalizzati in base alle precedenti visite dell&#039;utente al nostro sito Web o ad altri siti Web di terze parti. Se preferisci non consentire che la tua navigazione venga utilizzata per questo scopo, puoi accedere alla Privacy Policy della rete di contenuti e annunci di Google e disattivare l&#039;uso del cookie DART.<\/p>\n<\/div><div class=\"mx-5 sm:mx-0 prose leading-relaxed text-lg mb-5 text-left wp-paragraph\">\n<p>Inoltre, utilizziamo cookie e altre tecnologie simili per raccogliere dati utilizzati per migliorare la tua esperienza di navigazione su questo sito Web, rafforzare la sicurezza dei dati e verificare l&#039;accuratezza delle informazioni. Questi cookie svolgono un ruolo essenziale nell&#039;identificazione dell&#039;indirizzo IP, del browser utilizzato, della posizione e di altri aspetti tecnici della tua visita, con l&#039;obiettivo di migliorare la presentazione di annunci pubblicitari pertinenti.<\/p>\n<\/div><div class=\"mx-5 sm:mx-0 prose leading-relaxed text-lg mb-5 text-left wp-paragraph\">\n<p>Facciamo inoltre affidamento su inserzionisti di terze parti per contribuire a finanziare la manutenzione del sito. Questa collaborazione pu\u00f2 comportare l&#039;uso di cookie e altre tecnologie per raccogliere determinati dati personali, come indirizzo IP, fornitore di servizi Internet e tipo di browser utilizzato. L&#039;obiettivo principale \u00e8 fornire annunci pubblicitari in linea con la tua posizione geografica o le tue preferenze.<\/p>\n<\/div><div class=\"mx-5 sm:mx-0 prose leading-relaxed text-lg mb-5 text-left wp-paragraph\">\n<p>\u00c8 importante sottolineare che gli utenti sono liberi di gestire le proprie preferenze sui cookie attraverso le impostazioni del proprio browser. Tieni presente, tuttavia, che la disabilitazione completa dei cookie potrebbe compromettere alcune funzionalit\u00e0 di Economiza Vuelo, influenzando di conseguenza la tua esperienza di navigazione.<\/p>\n<\/div><!--advertisement--><div class=\"mx-5 sm:mx-0 sm:text-3xl text-2xl font-medium title-font mb-4 text-gray-900 text-left\">\n<h2 class=\"wp-block-heading\" id=\"h-gerenciamento-de-informacoes-pessoais\">Gestione delle informazioni personali<\/h2>\n<\/div><div class=\"mx-5 sm:mx-0 prose leading-relaxed text-lg mb-5 text-left wp-paragraph\">\n<p>Per godere appieno delle risorse gratuite fornite da Economiza Vuelo, come leggere articoli, scaricare e-book, partecipare a quiz e altro, richiediamo alcuni dati di base. Ad esempio, il tuo nome completo e indirizzo email.<\/p>\n<\/div><div class=\"mx-5 sm:mx-0 prose leading-relaxed text-lg mb-5 text-left wp-paragraph\">\n<p>Il trattamento di queste informazioni personali ha obiettivi chiari e specifici:<\/p>\n<\/div><div class=\"mx-5 sm:mx-0 prose text-left mb-5\">\n<ul><div class=\"mx-5 sm:mx-0 prose text-left mb-5\">\n<li>Garantire l&#039;identificazione accurata e sicura di ciascun utente, mantenendo la sicurezza della piattaforma e di tutti i suoi utenti;<\/li>\n<\/div>\n\n<div class=\"mx-5 sm:mx-0 prose text-left mb-5\">\n<li>Facilitare l&#039;accesso a una variet\u00e0 di servizi e prodotti offerti da Economiza Vuelo;<\/li>\n<\/div>\n\n<div class=\"mx-5 sm:mx-0 prose text-left mb-5\">\n<li>Consentire un&#039;analisi dettagliata del profilo di ciascun utente, al fine di personalizzare e consigliare contenuti, prodotti e servizi mirati a soddisfare le sue esigenze e preferenze individuali.<\/li>\n<\/div><\/ul>\n<\/div><div class=\"mx-5 sm:mx-0 prose leading-relaxed text-lg mb-5 text-left wp-paragraph\">\n<p>Con l&#039;obiettivo di migliorare la personalizzazione e fornire soluzioni pi\u00f9 in linea con gli interessi e le esigenze dei nostri utenti, Economiza Vuelo pu\u00f2 effettuare ricerche in occasioni specifiche. Questi sondaggi sono essenziali per ottenere ulteriori informazioni sugli utenti, consentendo di suggerire prodotti e servizi personalizzati. Pertanto, sia Economiza Vuelo che i nostri partner possono invitare gli utenti a partecipare a sondaggi di soddisfazione. I risultati di queste ricerche sono fondamentali per orientare il miglioramento di sistemi, prodotti, contenuti e servizi.<\/p>\n<\/div><div class=\"mx-5 sm:mx-0 prose leading-relaxed text-lg mb-5 text-left wp-paragraph\">\n<p>Inoltre, ogni volta che un utente ci contatta per segnalare problemi, domande o richiedere supporto, raccoglieremo e archiviamo i dati di contatto forniti insieme ai dettagli della query. Questi dati sono essenziali per rispondere efficacemente alle domande e identificare opportunit\u00e0 di miglioramento nel nostro sistema, offrendo un&#039;esperienza sempre pi\u00f9 soddisfacente su Economiza Vuelo.<\/p>\n<\/div><!--advertisement--><div class=\"mx-5 sm:mx-0 sm:text-3xl text-2xl font-medium title-font mb-4 text-gray-900 text-left\">\n<h2 class=\"wp-block-heading\" id=\"h-praticas-de-compartilhamento-de-dados\">Pratiche di condivisione dei dati<\/h2>\n<\/div><div class=\"mx-5 sm:mx-0 prose leading-relaxed text-lg mb-5 text-left wp-paragraph\">\n<p>Noi di Economiza Vuelo manteniamo il nostro impegno nel proteggere la privacy dei nostri utenti, garantendo che i loro dati siano trattati con la massima cura. \u00c8 fondamentale evidenziare che non vendiamo le informazioni personali dei nostri utenti a terzi. Tuttavia, al fine di migliorare l&#039;esperienza dell&#039;utente e fornire accesso a prodotti e servizi specifici, potremmo condividere informazioni con aziende partner. Questa collaborazione ha l&#039;unico obiettivo di offrire prodotti e servizi in sintonia con le preferenze e le esigenze dei nostri utenti.<\/p>\n<\/div><div class=\"mx-5 sm:mx-0 prose leading-relaxed text-lg mb-5 text-left wp-paragraph\">\n<p>Inoltre, Economiza Vuelo si riserva il diritto di collaborare con autorit\u00e0 giudiziarie o enti governativi e di divulgare i dati personali degli utenti quando necessario per: a) difendere i propri diritti legali; b) tutelare il proprio patrimonio; c) prestare assistenza o collaborare in situazioni che richiedono protezione agli utenti, al personale, ai dirigenti o ai terzi colpiti da azioni o omissioni.<\/p>\n<\/div><!--advertisement--><div class=\"mx-5 sm:mx-0 sm:text-3xl text-2xl font-medium title-font mb-4 text-gray-900 text-left\">\n<h2 class=\"wp-block-heading\" id=\"h-protecao-de-dados-de-menores\"><strong>Protezione dei dati dei minori<\/strong><\/h2>\n<\/div><div class=\"mx-5 sm:mx-0 prose leading-relaxed text-lg mb-5 text-left wp-paragraph\">\n<p>Consapevole della necessit\u00e0 di proteggere la privacy dei bambini, Economiza Vuelo non tratta dati personali di individui di et\u00e0 inferiore a 13 anni senza l&#039;autorizzazione dei genitori o dei tutori legali.&nbsp;<\/p>\n<\/div><div class=\"mx-5 sm:mx-0 prose leading-relaxed text-lg mb-5 text-left wp-paragraph\">\n<p>Qualora, per caso, venissero inavvertitamente raccolti dati personali di minori senza il consenso dei genitori o dei tutori legali, garantiamo l&#039;immediata rimozione di tali dati dai nostri archivi, senza necessit\u00e0 di preavviso.<\/p>\n<\/div><div class=\"mx-5 sm:mx-0 prose leading-relaxed text-lg mb-5 text-left wp-paragraph\">\n<p>Se un utente dovesse venire a conoscenza del fatto che Economiza Vuelo ha raccolto o elaborato per errore dati di persone di et\u00e0 inferiore ai 13 anni, lo preghiamo di contattarci immediatamente tramite il link <a style=\" color:;\" href=\"https:\/\/economizavuelo.com\/it\/contact\/\">https:\/\/economizavuelo.com\/contact\/<\/a>. Agiremo tempestivamente e adotteremo le misure necessarie per correggere la situazione, ribadendo cos\u00ec il nostro impegno per la sicurezza e la protezione dei dati di tutti gli utenti, in particolare dei minori.<\/p>\n<\/div>","protected":false},"excerpt":{"rendered":"<p>Economiza Vuelo Aggiornato il 28 marzo 2025. In Economiza Vuelo, la nostra priorit\u00e0 \u00e8 offrire un&#039;esperienza sicura e rispettosa sulla nostra piattaforma, garantendo che la tua privacy sia sempre protetta. Raccogliamo diverse informazioni, tra cui nome, indirizzo email, numero di telefono, tra gli altri. Questi dati sono essenziali per... <a class=\"more-link\" href=\"https:\/\/economizavuelo.com\/it\/privacy-policy\/\">Continua a leggere <span class=\"screen-reader-text\">politica sulla riservatezza<\/span><\/a><\/p>","protected":false},"author":6,"featured_media":0,"parent":0,"menu_order":0,"comment_status":"closed","ping_status":"closed","template":"","meta":{"footnotes":""},"yoast_head":"<!-- This site is optimized with the Yoast SEO plugin v23.3 - https:\/\/yoast.com\/wordpress\/plugins\/seo\/ -->\n<title>Pol\u00edtica de Privacidade - Economiza Vuelo<\/title>\n<meta name=\"robots\" content=\"index, follow, max-snippet:-1, max-image-preview:large, max-video-preview:-1\" \/>\n<link rel=\"canonical\" href=\"https:\/\/economizavuelo.com\/it\/privacy-policy\/\" \/>\n<meta property=\"og:locale\" content=\"it_IT\" \/>\n<meta property=\"og:type\" content=\"article\" \/>\n<meta property=\"og:title\" content=\"Pol\u00edtica de Privacidade - Economiza Vuelo\" \/>\n<meta property=\"og:description\" content=\"Economiza Vuelo Atualizada em 28 de Mar\u00e7o de 2025. No Economiza Vuelo, nossa prioridade \u00e9 proporcionar uma experi\u00eancia segura e respeitosa em nossa plataforma, garantindo a prote\u00e7\u00e3o de sua privacidade em todos os momentos. Coletamos uma variedade de informa\u00e7\u00f5es, incluindo seu nome, endere\u00e7o de e-mail, n\u00famero de telefone, entre outros. Esses dados s\u00e3o fundamentais para&hellip; Continue reading Pol\u00edtica de Privacidade\" \/>\n<meta property=\"og:url\" content=\"https:\/\/economizavuelo.com\/it\/privacy-policy\/\" \/>\n<meta property=\"og:site_name\" content=\"Economiza Vuelo\" \/>\n<meta property=\"article:modified_time\" content=\"2025-03-28T12:08:44+00:00\" \/>\n<meta name=\"twitter:card\" content=\"summary_large_image\" \/>\n<meta name=\"twitter:label1\" content=\"Est. reading time\" \/>\n\t<meta name=\"twitter:data1\" content=\"10 minuti\" \/>\n<script type=\"application\/ld+json\" class=\"yoast-schema-graph\">{\"@context\":\"https:\/\/schema.org\",\"@graph\":[{\"@type\":\"WebPage\",\"@id\":\"https:\/\/economizavuelo.com\/privacy-policy\/\",\"url\":\"https:\/\/economizavuelo.com\/privacy-policy\/\",\"name\":\"Pol\u00edtica de Privacidade - Economiza Vuelo\",\"isPartOf\":{\"@id\":\"https:\/\/economizavuelo.com\/#website\"},\"datePublished\":\"2024-04-22T13:58:14+00:00\",\"dateModified\":\"2025-03-28T12:08:44+00:00\",\"breadcrumb\":{\"@id\":\"https:\/\/economizavuelo.com\/privacy-policy\/#breadcrumb\"},\"inLanguage\":\"it-IT\",\"potentialAction\":[{\"@type\":\"ReadAction\",\"target\":[\"https:\/\/economizavuelo.com\/privacy-policy\/\"]}]},{\"@type\":\"BreadcrumbList\",\"@id\":\"https:\/\/economizavuelo.com\/privacy-policy\/#breadcrumb\",\"itemListElement\":[{\"@type\":\"ListItem\",\"position\":1,\"name\":\"Home\",\"item\":\"https:\/\/economizavuelo.com\/\"},{\"@type\":\"ListItem\",\"position\":2,\"name\":\"Pol\u00edtica de Privacidade\"}]},{\"@type\":\"WebSite\",\"@id\":\"https:\/\/economizavuelo.com\/#website\",\"url\":\"https:\/\/economizavuelo.com\/\",\"name\":\"Economiza Vuelo\",\"description\":\"\",\"potentialAction\":[{\"@type\":\"SearchAction\",\"target\":{\"@type\":\"EntryPoint\",\"urlTemplate\":\"https:\/\/economizavuelo.com\/?s={search_term_string}\"},\"query-input\":\"required name=search_term_string\"}],\"inLanguage\":\"it-IT\"}]}<\/script>\n<!-- \/ Yoast SEO plugin. -->","yoast_head_json":{"title":"Pol\u00edtica de Privacidade - Economiza Vuelo","robots":{"index":"index","follow":"follow","max-snippet":"max-snippet:-1","max-image-preview":"max-image-preview:large","max-video-preview":"max-video-preview:-1"},"canonical":"https:\/\/economizavuelo.com\/it\/privacy-policy\/","og_locale":"it_IT","og_type":"article","og_title":"Pol\u00edtica de Privacidade - Economiza Vuelo","og_description":"Economiza Vuelo Atualizada em 28 de Mar\u00e7o de 2025. No Economiza Vuelo, nossa prioridade \u00e9 proporcionar uma experi\u00eancia segura e respeitosa em nossa plataforma, garantindo a prote\u00e7\u00e3o de sua privacidade em todos os momentos. Coletamos uma variedade de informa\u00e7\u00f5es, incluindo seu nome, endere\u00e7o de e-mail, n\u00famero de telefone, entre outros. Esses dados s\u00e3o fundamentais para&hellip; Continue reading Pol\u00edtica de Privacidade","og_url":"https:\/\/economizavuelo.com\/it\/privacy-policy\/","og_site_name":"Economiza Vuelo","article_modified_time":"2025-03-28T12:08:44+00:00","twitter_card":"summary_large_image","twitter_misc":{"Est. reading time":"10 minuti"},"schema":{"@context":"https:\/\/schema.org","@graph":[{"@type":"WebPage","@id":"https:\/\/economizavuelo.com\/privacy-policy\/","url":"https:\/\/economizavuelo.com\/privacy-policy\/","name":"Pol\u00edtica de Privacidade - Economiza Vuelo","isPartOf":{"@id":"https:\/\/economizavuelo.com\/#website"},"datePublished":"2024-04-22T13:58:14+00:00","dateModified":"2025-03-28T12:08:44+00:00","breadcrumb":{"@id":"https:\/\/economizavuelo.com\/privacy-policy\/#breadcrumb"},"inLanguage":"it-IT","potentialAction":[{"@type":"ReadAction","target":["https:\/\/economizavuelo.com\/privacy-policy\/"]}]},{"@type":"BreadcrumbList","@id":"https:\/\/economizavuelo.com\/privacy-policy\/#breadcrumb","itemListElement":[{"@type":"ListItem","position":1,"name":"Home","item":"https:\/\/economizavuelo.com\/"},{"@type":"ListItem","position":2,"name":"Pol\u00edtica de Privacidade"}]},{"@type":"WebSite","@id":"https:\/\/economizavuelo.com\/#website","url":"https:\/\/economizavuelo.com\/","name":"Economiza Vuelo","description":"","potentialAction":[{"@type":"SearchAction","target":{"@type":"EntryPoint","urlTemplate":"https:\/\/economizavuelo.com\/?s={search_term_string}"},"query-input":"required name=search_term_string"}],"inLanguage":"it-IT"}]}},"_links":{"self":[{"href":"https:\/\/economizavuelo.com\/it\/wp-json\/wp\/v2\/pages\/184"}],"collection":[{"href":"https:\/\/economizavuelo.com\/it\/wp-json\/wp\/v2\/pages"}],"about":[{"href":"https:\/\/economizavuelo.com\/it\/wp-json\/wp\/v2\/types\/page"}],"author":[{"embeddable":true,"href":"https:\/\/economizavuelo.com\/it\/wp-json\/wp\/v2\/users\/6"}],"replies":[{"embeddable":true,"href":"https:\/\/economizavuelo.com\/it\/wp-json\/wp\/v2\/comments?post=184"}],"version-history":[{"count":4,"href":"https:\/\/economizavuelo.com\/it\/wp-json\/wp\/v2\/pages\/184\/revisions"}],"predecessor-version":[{"id":759,"href":"https:\/\/economizavuelo.com\/it\/wp-json\/wp\/v2\/pages\/184\/revisions\/759"}],"wp:attachment":[{"href":"https:\/\/economizavuelo.com\/it\/wp-json\/wp\/v2\/media?parent=184"}],"curies":[{"name":"wp","href":"https:\/\/api.w.org\/{rel}","templated":true}]}}