{"id":187,"date":"2024-04-22T14:47:16","date_gmt":"2024-04-22T14:47:16","guid":{"rendered":"https:\/\/economizavuelo.com\/?page_id=187"},"modified":"2025-08-29T12:26:51","modified_gmt":"2025-08-29T12:26:51","slug":"terms","status":"publish","type":"page","link":"https:\/\/economizavuelo.com\/fr\/terms\/","title":{"rendered":"Conditions g\u00e9n\u00e9rales d&#039;utilisation"},"content":{"rendered":"<!--advertisement--><div class=\"mx-5 sm:mx-0 sm:text-3xl text-2xl font-medium title-font mb-4 text-gray-900 text-left\">\n<h2 class=\"wp-block-heading\" id=\"h-economiza-vuelo\">R\u00e9server le vol<\/h2>\n<\/div><div class=\"mx-5 sm:mx-0 prose leading-relaxed text-lg mb-5 text-left wp-paragraph\">\n<p>Economiza Vuelo, une soci\u00e9t\u00e9 \u00e0 responsabilit\u00e9 limit\u00e9e estonienne (LLC, \u00e9galement connue sous le nom de MINUTO VIP O\u00dc), enregistr\u00e9e sous le num\u00e9ro 16698741 et dont le si\u00e8ge social est situ\u00e9 \u00e0 Tallinn, rue Rotermanni tn 14-32, code postal 10111, Harju, Estonie, est la cr\u00e9atrice, la propri\u00e9taire et la gestionnaire du site web Economiza Vuelo, accessible via le domaine economizavuelo.com.<\/p>\n<\/div><div class=\"mx-5 sm:mx-0 prose leading-relaxed text-lg mb-5 text-left wp-paragraph\">\n<p>Economiza Vuelo est une plateforme en ligne d\u00e9di\u00e9e \u00e0 la fourniture de contenu informatif et d&#039;analyses sur divers sujets, notamment les \u00e9conomies de voyage, les conseils sur les vols \u00e0 prix r\u00e9duits, les destinations populaires et d&#039;autres sujets li\u00e9s aux voyages.<\/p>\n<\/div><div class=\"mx-5 sm:mx-0 prose leading-relaxed text-lg mb-5 text-left wp-paragraph\">\n<p>Les utilisateurs peuvent consulter nos Conditions g\u00e9n\u00e9rales d&#039;utilisation \u00e0 tout moment via le lien suivant\u00a0: <a style=\" color:;\" href=\"https:\/\/economizavuelo.com\/fr\/terms\/\">https:\/\/economizavuelo.com\/terms\/<\/a>.&nbsp;<\/p>\n<\/div><div class=\"mx-5 sm:mx-0 prose leading-relaxed text-lg mb-5 text-left wp-paragraph\">\n<p>Les pr\u00e9sentes conditions g\u00e9n\u00e9rales, ainsi que l&#039;utilisation du site web, sont compl\u00e9t\u00e9es par les dispositions de la politique de confidentialit\u00e9 d&#039;Economiza Vuelo, accessible \u00e0 l&#039;adresse suivante\u00a0: <a style=\" color:;\" href=\"https:\/\/economizavuelo.com\/fr\/privacy-policy\/\">https:\/\/economizavuelo.com\/privacy-policy\/<\/a>et sont soumis aux lois en vigueur.<\/p>\n<\/div><div class=\"mx-5 sm:mx-0 prose leading-relaxed text-lg mb-5 text-left wp-paragraph\">\n<p>Par cons\u00e9quent, les pr\u00e9sentes Conditions G\u00e9n\u00e9rales d&#039;Utilisation ont pour objet de clarifier les responsabilit\u00e9s, les engagements et les obligations de tous les utilisateurs lorsqu&#039;ils acc\u00e8dent au site web Economiza Vuelo et\/ou l&#039;utilisent, comme indiqu\u00e9 ci-dessous.<\/p>\n<\/div><div class=\"mx-5 sm:mx-0 prose leading-relaxed text-lg mb-5 text-left wp-paragraph\">\n<p>Il est essentiel de souligner que nous n&#039;intervenons pas dans l&#039;analyse et\/ou l&#039;approbation des demandes ou propositions, et que la d\u00e9cision finale en la mati\u00e8re revient exclusivement aux utilisateurs, selon leurs propres crit\u00e8res et politiques.<\/p>\n<\/div><!--advertisement--><div class=\"mx-5 sm:mx-0 sm:text-3xl text-2xl font-medium title-font mb-4 text-gray-900 text-left\">\n<h2 class=\"wp-block-heading\" id=\"h-1-da-aceitacao\">1. ACCEPTATION<\/h2>\n<\/div><div class=\"mx-5 sm:mx-0 prose leading-relaxed text-lg mb-5 text-left wp-paragraph\">\n<p>1.1. En adh\u00e9rant \u00e0 Economiza Vuelo, l&#039;utilisateur EXPRESSE son accord pour adopter les Conditions G\u00e9n\u00e9rales d&#039;Utilisation et les <a style=\" color:;\" href=\"https:\/\/economizavuelo.com\/fr\/privacy-policy\/\">Politique de confidentialit\u00e9 d&#039;Economiza Vuelo.<\/a><\/p>\n<\/div><div class=\"mx-5 sm:mx-0 prose leading-relaxed text-lg mb-5 text-left wp-paragraph\">\n<p>1.2. L&#039;utilisation d&#039;Economiza Vuelo par l&#039;utilisateur implique une d\u00e9claration selon laquelle il est \u00e2g\u00e9 d&#039;au moins 18 ans et a la pleine capacit\u00e9 juridique d&#039;accepter les pr\u00e9sentes Conditions g\u00e9n\u00e9rales d&#039;utilisation \u00e0 toutes fins l\u00e9gales.<\/p>\n<\/div><div class=\"mx-5 sm:mx-0 prose leading-relaxed text-lg mb-5 text-left wp-paragraph\">\n<p>1.3. Si l&#039;utilisateur ne remplit pas les crit\u00e8res mentionn\u00e9s ci-dessus et\/ou n&#039;est pas d&#039;accord, m\u00eame partiellement, avec les conditions pr\u00e9sent\u00e9es, il doit s&#039;abstenir d&#039;acc\u00e9der et\/ou d&#039;utiliser les services et contenus fournis par Economiza Vuelo, ainsi que les sites web et services g\u00e9r\u00e9s par celle-ci.<\/p>\n<\/div><!--advertisement--><div class=\"mx-5 sm:mx-0 sm:text-3xl text-2xl font-medium title-font mb-4 text-gray-900 text-left\">\n<h2 class=\"wp-block-heading\" id=\"h-2-contato\">2. CONTACT<\/h2>\n<\/div><div class=\"mx-5 sm:mx-0 prose leading-relaxed text-lg mb-5 text-left wp-paragraph\">\n<p>2.1. Les utilisateurs sont autoris\u00e9s \u00e0 utiliser ce service pour clarifier leurs doutes, r\u00e9soudre leurs probl\u00e8mes, d\u00e9poser des plaintes ou obtenir plus d&#039;informations sur les produits\/services propos\u00e9s par Economiza Vuelo.<\/p>\n<\/div><div class=\"mx-5 sm:mx-0 prose leading-relaxed text-lg mb-5 text-left wp-paragraph\">\n<p>2.2. Vous pouvez nous contacter via la page de contact.<\/p>\n<\/div><!--advertisement--><div class=\"mx-5 sm:mx-0 sm:text-3xl text-2xl font-medium title-font mb-4 text-gray-900 text-left\">\n<h2 class=\"wp-block-heading\" id=\"h-3-das-responsabilidades-das-partes\">3. RESPONSABILIT\u00c9S DES PARTIES<\/h2>\n<\/div><div class=\"mx-5 sm:mx-0 prose leading-relaxed text-lg mb-5 text-left wp-paragraph\">\n<p>3.1. Il est essentiel que l&#039;utilisateur examine attentivement toutes les clauses contenues dans les pr\u00e9sentes Conditions g\u00e9n\u00e9rales et dans le <a style=\" color:;\" href=\"https:\/\/economizavuelo.com\/fr\/privacy-policy\/\">politique de confidentialit\u00e9<\/a>En utilisant les services et\/ou produits propos\u00e9s par Economiza Vuelo, vous acceptez pleinement toutes les conditions g\u00e9n\u00e9rales d\u00e9crites ici.<\/p>\n<\/div><div class=\"mx-5 sm:mx-0 prose leading-relaxed text-lg mb-5 text-left wp-paragraph\">\n<p>3.2. Economiza Vuelo fournit des liens et\/ou dirige l&#039;utilisateur vers d&#039;autres sites Web o\u00f9 il est possible de contracter des services et\/ou d&#039;acheter des produits aupr\u00e8s de soci\u00e9t\u00e9s tierces, sans aucune intervention d&#039;Economiza Vuelo.<\/p>\n<\/div><div class=\"mx-5 sm:mx-0 prose leading-relaxed text-lg mb-5 text-left wp-paragraph\">\n<p>3.3. Si l&#039;utilisateur est dirig\u00e9 vers le site web d&#039;une soci\u00e9t\u00e9 de publicit\u00e9, il est essentiel qu&#039;il lise et accepte explicitement les conditions g\u00e9n\u00e9rales d&#039;utilisation ainsi que la politique de confidentialit\u00e9 de la soci\u00e9t\u00e9 en question.<\/p>\n<\/div><div class=\"mx-5 sm:mx-0 prose leading-relaxed text-lg mb-5 text-left wp-paragraph\">\n<p>3.4. Economiza Vuelo d\u00e9cline toute responsabilit\u00e9 quant aux conditions d&#039;utilisation et aux politiques de confidentialit\u00e9 des soci\u00e9t\u00e9s annonc\u00e9es, ainsi que quant aux informations sur les services\/produits annonc\u00e9s et aux services\/produits fournis ou contract\u00e9s par ces soci\u00e9t\u00e9s.<\/p>\n<\/div><div class=\"mx-5 sm:mx-0 prose leading-relaxed text-lg mb-5 text-left wp-paragraph\">\n<p>3.5. Economiza Vuelo n&#039;est pas responsable des logiciels malveillants susceptibles de compromettre ou de modifier les param\u00e8tres des appareils des utilisateurs lors de la navigation sur Internet ou du transfert de donn\u00e9es.<\/p>\n<\/div><div class=\"mx-5 sm:mx-0 prose leading-relaxed text-lg mb-5 text-left wp-paragraph\">\n<p>3.6. Il est de la seule responsabilit\u00e9 des utilisateurs de maintenir \u00e0 jour leur syst\u00e8me d&#039;exploitation et leurs programmes antivirus sur leurs appareils.<\/p>\n<\/div><div class=\"mx-5 sm:mx-0 prose leading-relaxed text-lg mb-5 text-left wp-paragraph\">\n<p>3.7. Economiza Vuelo n&#039;est pas responsable des pertes ou dommages r\u00e9sultant d&#039;une utilisation inappropri\u00e9e du site web et\/ou d&#039;\u00e9v\u00e9nements impr\u00e9vus.<\/p>\n<\/div><div class=\"mx-5 sm:mx-0 prose leading-relaxed text-lg mb-5 text-left wp-paragraph\">\n<p>3.8. Economiza Vuelo ne demande pas de d\u00e9p\u00f4ts ou de virements bancaires comme condition d\u2019octroi ou d\u2019approbation de produits financiers.<\/p>\n<\/div><div class=\"mx-5 sm:mx-0 prose leading-relaxed text-lg mb-5 text-left wp-paragraph\">\n<p>3.9. Economiza Vuelo n&#039;envoie jamais d&#039;e-mails de confirmation de donn\u00e9es ou d&#039;inscriptions contenant des pi\u00e8ces jointes ex\u00e9cutables ou des liens de t\u00e9l\u00e9chargement. Si vous recevez une communication suspecte, veuillez nous contacter via la page de contact.<\/p>\n<\/div><div class=\"mx-5 sm:mx-0 prose leading-relaxed text-lg mb-5 text-left wp-paragraph\">\n<p>3.10. Il est de la responsabilit\u00e9 de l&#039;utilisateur de : \u00e9viter de violer les droits des tiers ; ne pas utiliser Economiza Vuelo pour des activit\u00e9s ill\u00e9gales ou inappropri\u00e9es ; et respecter pleinement les Conditions g\u00e9n\u00e9rales et la Politique de confidentialit\u00e9, ainsi que la l\u00e9gislation en vigueur.<\/p>\n<\/div><!--advertisement--><div class=\"mx-5 sm:mx-0 sm:text-3xl text-2xl font-medium title-font mb-4 text-gray-900 text-left\">\n<h2 class=\"wp-block-heading\" id=\"h-4-da-modificacao-dos-termos-e-condicoes\">4. MODIFICATION DES CONDITIONS G\u00c9N\u00c9RALES<\/h2>\n<\/div><div class=\"mx-5 sm:mx-0 prose leading-relaxed text-lg mb-5 text-left wp-paragraph\">\n<p>4.1. Les Conditions G\u00e9n\u00e9rales d\u2019Utilisation d\u2019Economiza Vuelo peuvent \u00eatre modifi\u00e9es, compl\u00e9t\u00e9es ou remplac\u00e9es \u00e0 tout moment, \u00e0 la seule discr\u00e9tion d\u2019Economiza Vuelo, sans qu\u2019il soit n\u00e9cessaire de donner un pr\u00e9avis ou une notification aux utilisateurs.<\/p>\n<\/div><div class=\"mx-5 sm:mx-0 prose leading-relaxed text-lg mb-5 text-left wp-paragraph\">\n<p>4.2. Toute personne qui n\u2019accepte pas ces conditions, qui sont obligatoires et contraignantes, doit \u00e9viter d\u2019utiliser le site web Economiza Vuelo.<\/p>\n<\/div><!--advertisement--><div class=\"mx-5 sm:mx-0 sm:text-3xl text-2xl font-medium title-font mb-4 text-gray-900 text-left\">\n<h2 class=\"wp-block-heading\" id=\"h-5-vigencia-e-prazo-decadencial\">5. VALIDIT\u00c9 ET DATE D&#039;EXPIRATION<\/h2>\n<\/div><div class=\"mx-5 sm:mx-0 prose leading-relaxed text-lg mb-5 text-left wp-paragraph\">\n<p>5.1. Les pr\u00e9sentes Conditions G\u00e9n\u00e9rales d&#039;Utilisation sont valables ind\u00e9finiment. Toute r\u00e9clamation, qu&#039;elle soit l\u00e9gale ou administrative, relative \u00e0 l&#039;utilisation d&#039;Economiza Vuelo doit \u00eatre formul\u00e9e dans un d\u00e9lai de 90 jours \u00e0 compter de l&#039;\u00e9v\u00e9nement qui l&#039;a engendr\u00e9e.<\/p>\n<\/div><!--advertisement--><div class=\"mx-5 sm:mx-0 sm:text-3xl text-2xl font-medium title-font mb-4 text-gray-900 text-left\">\n<h2 class=\"wp-block-heading\" id=\"h-6-da-legislacao-e-foro-de-eleicao\">6. L\u00c9GISLATION ET CHOIX DU TRIBUNAL COMP\u00c9TENT<\/h2>\n<\/div><div class=\"mx-5 sm:mx-0 prose leading-relaxed text-lg mb-5 text-left wp-paragraph\">\n<p>6.1. Les pr\u00e9sentes Conditions G\u00e9n\u00e9rales d\u2019Utilisation, ainsi que la Politique de Confidentialit\u00e9, sont r\u00e9gies par les lois de la R\u00e9publique F\u00e9d\u00e9rale du Br\u00e9sil.<\/p>\n<\/div><div class=\"mx-5 sm:mx-0 prose leading-relaxed text-lg mb-5 text-left wp-paragraph\">\n<p>6.2. En ce qui concerne toute question relative aux pr\u00e9sentes Conditions et \u00e0 la Politique de confidentialit\u00e9, les parties conviennent express\u00e9ment et renoncent \u00e0 tout autre lieu, se soumettant \u00e0 la Cour d&#039;arbitrage de la Chambre de commerce et d&#039;industrie estonienne \u00e0 Tallinn, en Estonie, pour le r\u00e8glement de toutes les questions ou litiges d\u00e9coulant des pr\u00e9sentes conditions d&#039;utilisation.<\/p>\n<\/div>","protected":false},"excerpt":{"rendered":"<p>Economiza Vuelo, soci\u00e9t\u00e9 \u00e0 responsabilit\u00e9 limit\u00e9e estonienne (SARL, \u00e9galement connue sous le nom de MINUTO VIP O\u00dc), immatricul\u00e9e sous le num\u00e9ro 16698741 et dont le si\u00e8ge social est situ\u00e9 \u00e0 Tallinn, rue Rotermanni tn 14-32, code postal 10111, Harju, Estonie, est la cr\u00e9atrice, propri\u00e9taire et gestionnaire du site web Economiza Vuelo, accessible via le domaine economizavuelo.com. Economiza Vuelo est une\u2026 <a class=\"more-link\" href=\"https:\/\/economizavuelo.com\/fr\/terms\/\">Poursuivez votre lecture <span class=\"screen-reader-text\">Conditions g\u00e9n\u00e9rales d&#039;utilisation<\/span><\/a><\/p>","protected":false},"author":6,"featured_media":0,"parent":0,"menu_order":0,"comment_status":"closed","ping_status":"closed","template":"","meta":{"footnotes":""},"yoast_head":"<!-- This site is optimized with the Yoast SEO plugin v23.3 - https:\/\/yoast.com\/wordpress\/plugins\/seo\/ -->\n<title>Termos e Condi\u00e7\u00f5es Gerais de Uso - Economiza Vuelo<\/title>\n<meta name=\"robots\" content=\"index, follow, max-snippet:-1, max-image-preview:large, max-video-preview:-1\" \/>\n<link rel=\"canonical\" href=\"https:\/\/economizavuelo.com\/fr\/terms\/\" \/>\n<meta property=\"og:locale\" content=\"fr_FR\" \/>\n<meta property=\"og:type\" content=\"article\" \/>\n<meta property=\"og:title\" content=\"Termos e Condi\u00e7\u00f5es Gerais de Uso - Economiza Vuelo\" \/>\n<meta property=\"og:description\" content=\"Economiza Vuelo O Economiza Vuelo, uma empresa de responsabilidade limitada estoniana (LLC, tamb\u00e9m conhecida como MINUTO VIP O\u00dc), registrada sob o n\u00famero 16698741 e sediada em Tallinn, na Rua Rotermanni tn 14-32, CEP 10111, Harju, Est\u00f4nia, \u00e9 a criadora, propriet\u00e1ria e mantenedora do site Economiza Vuelo, acess\u00edvel pelo dom\u00ednio economizavuelo.com. O Economiza Vuelo \u00e9 uma&hellip; Continue reading Termos e Condi\u00e7\u00f5es Gerais de Uso\" \/>\n<meta property=\"og:url\" content=\"https:\/\/economizavuelo.com\/fr\/terms\/\" \/>\n<meta property=\"og:site_name\" content=\"Economiza Vuelo\" \/>\n<meta property=\"article:modified_time\" content=\"2025-08-29T12:26:51+00:00\" \/>\n<meta name=\"twitter:card\" content=\"summary_large_image\" \/>\n<meta name=\"twitter:label1\" content=\"Est. reading time\" \/>\n\t<meta name=\"twitter:data1\" content=\"5 minutes\" \/>\n<script type=\"application\/ld+json\" class=\"yoast-schema-graph\">{\"@context\":\"https:\/\/schema.org\",\"@graph\":[{\"@type\":\"WebPage\",\"@id\":\"https:\/\/economizavuelo.com\/terms\/\",\"url\":\"https:\/\/economizavuelo.com\/terms\/\",\"name\":\"Termos e Condi\u00e7\u00f5es Gerais de Uso - Economiza Vuelo\",\"isPartOf\":{\"@id\":\"https:\/\/economizavuelo.com\/#website\"},\"datePublished\":\"2024-04-22T14:47:16+00:00\",\"dateModified\":\"2025-08-29T12:26:51+00:00\",\"breadcrumb\":{\"@id\":\"https:\/\/economizavuelo.com\/terms\/#breadcrumb\"},\"inLanguage\":\"fr-FR\",\"potentialAction\":[{\"@type\":\"ReadAction\",\"target\":[\"https:\/\/economizavuelo.com\/terms\/\"]}]},{\"@type\":\"BreadcrumbList\",\"@id\":\"https:\/\/economizavuelo.com\/terms\/#breadcrumb\",\"itemListElement\":[{\"@type\":\"ListItem\",\"position\":1,\"name\":\"Home\",\"item\":\"https:\/\/economizavuelo.com\/\"},{\"@type\":\"ListItem\",\"position\":2,\"name\":\"Termos e Condi\u00e7\u00f5es Gerais de Uso\"}]},{\"@type\":\"WebSite\",\"@id\":\"https:\/\/economizavuelo.com\/#website\",\"url\":\"https:\/\/economizavuelo.com\/\",\"name\":\"Economiza Vuelo\",\"description\":\"\",\"potentialAction\":[{\"@type\":\"SearchAction\",\"target\":{\"@type\":\"EntryPoint\",\"urlTemplate\":\"https:\/\/economizavuelo.com\/?s={search_term_string}\"},\"query-input\":\"required name=search_term_string\"}],\"inLanguage\":\"fr-FR\"}]}<\/script>\n<!-- \/ Yoast SEO plugin. -->","yoast_head_json":{"title":"Termos e Condi\u00e7\u00f5es Gerais de Uso - Economiza Vuelo","robots":{"index":"index","follow":"follow","max-snippet":"max-snippet:-1","max-image-preview":"max-image-preview:large","max-video-preview":"max-video-preview:-1"},"canonical":"https:\/\/economizavuelo.com\/fr\/terms\/","og_locale":"fr_FR","og_type":"article","og_title":"Termos e Condi\u00e7\u00f5es Gerais de Uso - Economiza Vuelo","og_description":"Economiza Vuelo O Economiza Vuelo, uma empresa de responsabilidade limitada estoniana (LLC, tamb\u00e9m conhecida como MINUTO VIP O\u00dc), registrada sob o n\u00famero 16698741 e sediada em Tallinn, na Rua Rotermanni tn 14-32, CEP 10111, Harju, Est\u00f4nia, \u00e9 a criadora, propriet\u00e1ria e mantenedora do site Economiza Vuelo, acess\u00edvel pelo dom\u00ednio economizavuelo.com. O Economiza Vuelo \u00e9 uma&hellip; Continue reading Termos e Condi\u00e7\u00f5es Gerais de Uso","og_url":"https:\/\/economizavuelo.com\/fr\/terms\/","og_site_name":"Economiza Vuelo","article_modified_time":"2025-08-29T12:26:51+00:00","twitter_card":"summary_large_image","twitter_misc":{"Est. reading time":"5 minutes"},"schema":{"@context":"https:\/\/schema.org","@graph":[{"@type":"WebPage","@id":"https:\/\/economizavuelo.com\/terms\/","url":"https:\/\/economizavuelo.com\/terms\/","name":"Termos e Condi\u00e7\u00f5es Gerais de Uso - Economiza Vuelo","isPartOf":{"@id":"https:\/\/economizavuelo.com\/#website"},"datePublished":"2024-04-22T14:47:16+00:00","dateModified":"2025-08-29T12:26:51+00:00","breadcrumb":{"@id":"https:\/\/economizavuelo.com\/terms\/#breadcrumb"},"inLanguage":"fr-FR","potentialAction":[{"@type":"ReadAction","target":["https:\/\/economizavuelo.com\/terms\/"]}]},{"@type":"BreadcrumbList","@id":"https:\/\/economizavuelo.com\/terms\/#breadcrumb","itemListElement":[{"@type":"ListItem","position":1,"name":"Home","item":"https:\/\/economizavuelo.com\/"},{"@type":"ListItem","position":2,"name":"Termos e Condi\u00e7\u00f5es Gerais de Uso"}]},{"@type":"WebSite","@id":"https:\/\/economizavuelo.com\/#website","url":"https:\/\/economizavuelo.com\/","name":"Economiza Vuelo","description":"","potentialAction":[{"@type":"SearchAction","target":{"@type":"EntryPoint","urlTemplate":"https:\/\/economizavuelo.com\/?s={search_term_string}"},"query-input":"required name=search_term_string"}],"inLanguage":"fr-FR"}]}},"_links":{"self":[{"href":"https:\/\/economizavuelo.com\/fr\/wp-json\/wp\/v2\/pages\/187"}],"collection":[{"href":"https:\/\/economizavuelo.com\/fr\/wp-json\/wp\/v2\/pages"}],"about":[{"href":"https:\/\/economizavuelo.com\/fr\/wp-json\/wp\/v2\/types\/page"}],"author":[{"embeddable":true,"href":"https:\/\/economizavuelo.com\/fr\/wp-json\/wp\/v2\/users\/6"}],"replies":[{"embeddable":true,"href":"https:\/\/economizavuelo.com\/fr\/wp-json\/wp\/v2\/comments?post=187"}],"version-history":[{"count":3,"href":"https:\/\/economizavuelo.com\/fr\/wp-json\/wp\/v2\/pages\/187\/revisions"}],"predecessor-version":[{"id":920,"href":"https:\/\/economizavuelo.com\/fr\/wp-json\/wp\/v2\/pages\/187\/revisions\/920"}],"wp:attachment":[{"href":"https:\/\/economizavuelo.com\/fr\/wp-json\/wp\/v2\/media?parent=187"}],"curies":[{"name":"wp","href":"https:\/\/api.w.org\/{rel}","templated":true}]}}