{"id":189,"date":"2024-04-22T16:52:24","date_gmt":"2024-04-22T16:52:24","guid":{"rendered":"https:\/\/economizavuelo.com\/?page_id=189"},"modified":"2025-06-11T14:10:14","modified_gmt":"2025-06-11T14:10:14","slug":"about","status":"publish","type":"page","link":"https:\/\/economizavuelo.com\/es\/about\/","title":{"rendered":"Acerca de"},"content":{"rendered":"<!--advertisement--><div class=\"mx-5 sm:mx-0 sm:text-3xl text-2xl font-medium title-font mb-4 text-gray-900 text-left\">\n<h2 class=\"wp-block-heading\" id=\"h-o-que-voce-quer-aprender-hoje\">\u00bfQu\u00e9 quieres aprender hoy?<\/h2>\n<\/div><div class=\"mx-5 sm:mx-0 prose leading-relaxed text-lg mb-5 text-left wp-paragraph\">\n<p>Nodo <strong>Guardar Vuelo<\/strong>Nuestra misi\u00f3n es simple: ayudarte a viajar m\u00e1s y gastar menos. Reunimos consejos pr\u00e1cticos, trucos inteligentes e informaci\u00f3n valiosa para que tus viajes \u2014en avi\u00f3n, coche u hotel\u2014 sean m\u00e1s asequibles y gratificantes.<\/p>\n<\/div><div class=\"mx-5 sm:mx-0 prose leading-relaxed text-lg mb-5 text-left wp-paragraph\">\n<p>Aqu\u00ed encontrar\u00e1 <strong>Estrategias para ahorrar en pasajes de avi\u00f3n<\/strong>, <strong>Opciones de arrendamiento, financiaci\u00f3n y suscripci\u00f3n de autom\u00f3viles<\/strong>, adem\u00e1s de <strong>Sugerencias de alquiler de casas de vacaciones<\/strong> Que se ajusten a tu presupuesto. Creemos que explorar el mundo no tiene por qu\u00e9 ser caro: solo necesitas las herramientas adecuadas.<\/p>\n<\/div><div class=\"mx-5 sm:mx-0 prose leading-relaxed text-lg mb-5 text-left wp-paragraph\">\n<p>Nuestro compromiso es mantenerte bien informado sobre <strong>finanzas personales<\/strong>, <strong>Mejores pr\u00e1cticas para la planificaci\u00f3n de viajes<\/strong> y <strong>Recursos para transformar cada viaje en una experiencia m\u00e1s econ\u00f3mica, segura e inolvidable.<\/strong>.<\/p>\n<\/div><!--advertisement--><div class=\"mx-5 sm:mx-0 sm:text-3xl text-2xl font-medium title-font mb-4 text-gray-900 text-left\">\n<h2 class=\"wp-block-heading\" id=\"h-quem-somos\">\u00bfQuienes somos?<\/h2>\n<\/div><div class=\"mx-5 sm:mx-0 prose leading-relaxed text-lg mb-5 text-left wp-paragraph\">\n<p>Minuto Vip es una plataforma de Periodismo y Contenidos, presente tanto en Brasil como en Estonia. Nuestra misi\u00f3n es ofrecer el mejor contenido con frecuencia, sin importar d\u00f3nde se encuentre. Queremos ser tu compa\u00f1ero en el viaje para viajar m\u00e1s barato.<\/p>\n<\/div><!--advertisement--><div class=\"mx-5 sm:mx-0 sm:text-3xl text-2xl font-medium title-font mb-4 text-gray-900 text-left\">\n<h2 class=\"wp-block-heading\" id=\"h-nos-ajude-a-melhorar\">Ay\u00fadanos a mejorar<\/h2>\n<\/div><div class=\"mx-5 sm:mx-0 prose leading-relaxed text-lg mb-5 text-left wp-paragraph\">\n<p>Valoramos mucho sus sugerencias. No dude en enviarnos un mensaje a trav\u00e9s de la p\u00e1gina de contacto.<\/p>\n<\/div>","protected":false},"excerpt":{"rendered":"<p>\u00bfQu\u00e9 quieres aprender hoy? En Economiza Vuelo, nuestra misi\u00f3n es simple: ayudarte a viajar m\u00e1s y gastar menos. Hemos recopilado consejos pr\u00e1cticos, trucos inteligentes e informaci\u00f3n valiosa para que tus viajes (en avi\u00f3n, coche u hotel) sean m\u00e1s asequibles y gratificantes. Aqu\u00ed encontrar\u00e1s estrategias para ahorrar en vuelos, opciones... <a class=\"more-link\" href=\"https:\/\/economizavuelo.com\/es\/about\/\">Sigue leyendo <span class=\"screen-reader-text\">Acerca de<\/span><\/a><\/p>","protected":false},"author":6,"featured_media":0,"parent":0,"menu_order":0,"comment_status":"closed","ping_status":"closed","template":"","meta":{"footnotes":""},"yoast_head":"<!-- This site is optimized with the Yoast SEO plugin v23.3 - https:\/\/yoast.com\/wordpress\/plugins\/seo\/ -->\n<title>Sobre - Economiza Vuelo<\/title>\n<meta name=\"robots\" content=\"index, follow, max-snippet:-1, max-image-preview:large, max-video-preview:-1\" \/>\n<link rel=\"canonical\" href=\"https:\/\/economizavuelo.com\/es\/about\/\" \/>\n<meta property=\"og:locale\" content=\"es_ES\" \/>\n<meta property=\"og:type\" content=\"article\" \/>\n<meta property=\"og:title\" content=\"Sobre - Economiza Vuelo\" \/>\n<meta property=\"og:description\" content=\"O que voc\u00ea quer aprender hoje? No Economiza Vuelo, nossa miss\u00e3o \u00e9 simples: ajudar voc\u00ea a viajar mais e gastar menos. Reunimos dicas pr\u00e1ticas, truques inteligentes e informa\u00e7\u00f5es valiosas para que suas viagens \u2014 de avi\u00e3o, carro ou hospedagem \u2014 sejam mais acess\u00edveis e gratificantes. Aqui voc\u00ea encontra estrat\u00e9gias para economizar em passagens a\u00e9reas, op\u00e7\u00f5es&hellip; Continue reading Sobre\" \/>\n<meta property=\"og:url\" content=\"https:\/\/economizavuelo.com\/es\/about\/\" \/>\n<meta property=\"og:site_name\" content=\"Economiza Vuelo\" \/>\n<meta property=\"article:modified_time\" content=\"2025-06-11T14:10:14+00:00\" \/>\n<meta name=\"twitter:card\" content=\"summary_large_image\" \/>\n<meta name=\"twitter:label1\" content=\"Est. reading time\" \/>\n\t<meta name=\"twitter:data1\" content=\"1 minuto\" \/>\n<script type=\"application\/ld+json\" class=\"yoast-schema-graph\">{\"@context\":\"https:\/\/schema.org\",\"@graph\":[{\"@type\":\"WebPage\",\"@id\":\"https:\/\/economizavuelo.com\/about\/\",\"url\":\"https:\/\/economizavuelo.com\/about\/\",\"name\":\"Sobre - Economiza Vuelo\",\"isPartOf\":{\"@id\":\"https:\/\/economizavuelo.com\/#website\"},\"datePublished\":\"2024-04-22T16:52:24+00:00\",\"dateModified\":\"2025-06-11T14:10:14+00:00\",\"breadcrumb\":{\"@id\":\"https:\/\/economizavuelo.com\/about\/#breadcrumb\"},\"inLanguage\":\"es\",\"potentialAction\":[{\"@type\":\"ReadAction\",\"target\":[\"https:\/\/economizavuelo.com\/about\/\"]}]},{\"@type\":\"BreadcrumbList\",\"@id\":\"https:\/\/economizavuelo.com\/about\/#breadcrumb\",\"itemListElement\":[{\"@type\":\"ListItem\",\"position\":1,\"name\":\"Home\",\"item\":\"https:\/\/economizavuelo.com\/\"},{\"@type\":\"ListItem\",\"position\":2,\"name\":\"Sobre\"}]},{\"@type\":\"WebSite\",\"@id\":\"https:\/\/economizavuelo.com\/#website\",\"url\":\"https:\/\/economizavuelo.com\/\",\"name\":\"Economiza Vuelo\",\"description\":\"\",\"potentialAction\":[{\"@type\":\"SearchAction\",\"target\":{\"@type\":\"EntryPoint\",\"urlTemplate\":\"https:\/\/economizavuelo.com\/?s={search_term_string}\"},\"query-input\":\"required name=search_term_string\"}],\"inLanguage\":\"es\"}]}<\/script>\n<!-- \/ Yoast SEO plugin. -->","yoast_head_json":{"title":"Sobre - Economiza Vuelo","robots":{"index":"index","follow":"follow","max-snippet":"max-snippet:-1","max-image-preview":"max-image-preview:large","max-video-preview":"max-video-preview:-1"},"canonical":"https:\/\/economizavuelo.com\/es\/about\/","og_locale":"es_ES","og_type":"article","og_title":"Sobre - Economiza Vuelo","og_description":"O que voc\u00ea quer aprender hoje? No Economiza Vuelo, nossa miss\u00e3o \u00e9 simples: ajudar voc\u00ea a viajar mais e gastar menos. Reunimos dicas pr\u00e1ticas, truques inteligentes e informa\u00e7\u00f5es valiosas para que suas viagens \u2014 de avi\u00e3o, carro ou hospedagem \u2014 sejam mais acess\u00edveis e gratificantes. Aqui voc\u00ea encontra estrat\u00e9gias para economizar em passagens a\u00e9reas, op\u00e7\u00f5es&hellip; Continue reading Sobre","og_url":"https:\/\/economizavuelo.com\/es\/about\/","og_site_name":"Economiza Vuelo","article_modified_time":"2025-06-11T14:10:14+00:00","twitter_card":"summary_large_image","twitter_misc":{"Est. reading time":"1 minuto"},"schema":{"@context":"https:\/\/schema.org","@graph":[{"@type":"WebPage","@id":"https:\/\/economizavuelo.com\/about\/","url":"https:\/\/economizavuelo.com\/about\/","name":"Sobre - Economiza Vuelo","isPartOf":{"@id":"https:\/\/economizavuelo.com\/#website"},"datePublished":"2024-04-22T16:52:24+00:00","dateModified":"2025-06-11T14:10:14+00:00","breadcrumb":{"@id":"https:\/\/economizavuelo.com\/about\/#breadcrumb"},"inLanguage":"es","potentialAction":[{"@type":"ReadAction","target":["https:\/\/economizavuelo.com\/about\/"]}]},{"@type":"BreadcrumbList","@id":"https:\/\/economizavuelo.com\/about\/#breadcrumb","itemListElement":[{"@type":"ListItem","position":1,"name":"Home","item":"https:\/\/economizavuelo.com\/"},{"@type":"ListItem","position":2,"name":"Sobre"}]},{"@type":"WebSite","@id":"https:\/\/economizavuelo.com\/#website","url":"https:\/\/economizavuelo.com\/","name":"Economiza Vuelo","description":"","potentialAction":[{"@type":"SearchAction","target":{"@type":"EntryPoint","urlTemplate":"https:\/\/economizavuelo.com\/?s={search_term_string}"},"query-input":"required name=search_term_string"}],"inLanguage":"es"}]}},"_links":{"self":[{"href":"https:\/\/economizavuelo.com\/es\/wp-json\/wp\/v2\/pages\/189"}],"collection":[{"href":"https:\/\/economizavuelo.com\/es\/wp-json\/wp\/v2\/pages"}],"about":[{"href":"https:\/\/economizavuelo.com\/es\/wp-json\/wp\/v2\/types\/page"}],"author":[{"embeddable":true,"href":"https:\/\/economizavuelo.com\/es\/wp-json\/wp\/v2\/users\/6"}],"replies":[{"embeddable":true,"href":"https:\/\/economizavuelo.com\/es\/wp-json\/wp\/v2\/comments?post=189"}],"version-history":[{"count":3,"href":"https:\/\/economizavuelo.com\/es\/wp-json\/wp\/v2\/pages\/189\/revisions"}],"predecessor-version":[{"id":806,"href":"https:\/\/economizavuelo.com\/es\/wp-json\/wp\/v2\/pages\/189\/revisions\/806"}],"wp:attachment":[{"href":"https:\/\/economizavuelo.com\/es\/wp-json\/wp\/v2\/media?parent=189"}],"curies":[{"name":"wp","href":"https:\/\/api.w.org\/{rel}","templated":true}]}}