{"id":187,"date":"2024-04-22T14:47:16","date_gmt":"2024-04-22T14:47:16","guid":{"rendered":"https:\/\/economizavuelo.com\/?page_id=187"},"modified":"2025-08-29T12:26:51","modified_gmt":"2025-08-29T12:26:51","slug":"terms","status":"publish","type":"page","link":"https:\/\/economizavuelo.com\/es\/terms\/","title":{"rendered":"T\u00e9rminos y condiciones generales de uso"},"content":{"rendered":"<!--advertisement--><div class=\"mx-5 sm:mx-0 sm:text-3xl text-2xl font-medium title-font mb-4 text-gray-900 text-left\">\n<h2 class=\"wp-block-heading\" id=\"h-economiza-vuelo\">Guardar Vuelo<\/h2>\n<\/div><div class=\"mx-5 sm:mx-0 prose leading-relaxed text-lg mb-5 text-left wp-paragraph\">\n<p>Economiza Vuelo, una sociedad de responsabilidad limitada (LLC, tambi\u00e9n conocida como MINUTO VIP O\u00dc) de Estonia, registrada con el n\u00famero 16698741 y con sede en Tallin, en Rotermanni Street tn 14-32, CEP 10111, Harju, Estonia, es la creadora, propietaria y mantenedora. del sitio web de Economiza Vuelo, accesible a trav\u00e9s del dominio economizavuelo.com.<\/p>\n<\/div><div class=\"mx-5 sm:mx-0 prose leading-relaxed text-lg mb-5 text-left wp-paragraph\">\n<p>Economiza Vuelo es una plataforma en l\u00ednea dedicada a brindar contenido informativo y an\u00e1lisis sobre diversos temas, incluidos, entre otros, ahorros en viajes, consejos sobre boletos con descuento, destinos populares y otros temas relacionados con viajes.<\/p>\n<\/div><div class=\"mx-5 sm:mx-0 prose leading-relaxed text-lg mb-5 text-left wp-paragraph\">\n<p>Los usuarios pueden acceder a nuestros T\u00e9rminos y Condiciones Generales de Uso en cualquier momento a trav\u00e9s del siguiente enlace: <a style=\" color:;\" href=\"https:\/\/economizavuelo.com\/es\/terms\/\">https:\/\/economizavuelo.com\/terms\/<\/a>.&nbsp;<\/p>\n<\/div><div class=\"mx-5 sm:mx-0 prose leading-relaxed text-lg mb-5 text-left wp-paragraph\">\n<p>Estos T\u00e9rminos, junto con el uso del sitio web, se ampl\u00edan con las disposiciones que se encuentran en la Pol\u00edtica de Privacidad de Economiza Vuelo, accesible en: <a style=\" color:;\" href=\"https:\/\/economizavuelo.com\/es\/privacy-policy\/\">https:\/\/economizavuelo.com\/privacy-policy\/<\/a>, y est\u00e1n sujetos a las leyes vigentes.<\/p>\n<\/div><div class=\"mx-5 sm:mx-0 prose leading-relaxed text-lg mb-5 text-left wp-paragraph\">\n<p>Por lo tanto, los T\u00e9rminos y Condiciones Generales de Uso tienen como objetivo aclarar las responsabilidades, compromisos y deberes de todo usuario al acceder y\/o utilizar el sitio web de Economiza Vuelo, tal como se detalla a continuaci\u00f3n.<\/p>\n<\/div><div class=\"mx-5 sm:mx-0 prose leading-relaxed text-lg mb-5 text-left wp-paragraph\">\n<p>Es fundamental resaltar que no nos involucramos en el an\u00e1lisis y\/o aprobaci\u00f3n de solicitudes o propuestas, y la decisi\u00f3n final sobre tales asuntos recae exclusivamente en los usuarios, seg\u00fan sus propios criterios y pol\u00edticas.<\/p>\n<\/div><!--advertisement--><div class=\"mx-5 sm:mx-0 sm:text-3xl text-2xl font-medium title-font mb-4 text-gray-900 text-left\">\n<h2 class=\"wp-block-heading\" id=\"h-1-da-aceitacao\">1. ACEPTACI\u00d3N<\/h2>\n<\/div><div class=\"mx-5 sm:mx-0 prose leading-relaxed text-lg mb-5 text-left wp-paragraph\">\n<p>1.1. Al incorporarse a Economiza Vuelo, el usuario EXPRESA su conformidad con la adopci\u00f3n de los T\u00e9rminos y Condiciones Generales de Uso y las <a style=\" color:;\" href=\"https:\/\/economizavuelo.com\/es\/privacy-policy\/\">Pol\u00edtica de Privacidad de Economiza Vuelo.<\/a><\/p>\n<\/div><div class=\"mx-5 sm:mx-0 prose leading-relaxed text-lg mb-5 text-left wp-paragraph\">\n<p>1.2. El uso de Economiza Vuelo por parte del usuario implica la declaraci\u00f3n de que tiene al menos 18 a\u00f1os y tiene plena capacidad jur\u00eddica para aceptar los presentes T\u00e9rminos y Condiciones de Uso para todos los efectos legales.<\/p>\n<\/div><div class=\"mx-5 sm:mx-0 prose leading-relaxed text-lg mb-5 text-left wp-paragraph\">\n<p>1.3. Si el usuario no cumple los criterios antes mencionados y\/o est\u00e1 en desacuerdo, aunque sea parcialmente, con las condiciones expuestas, deber\u00e1 abstenerse de acceder y\/o utilizar los servicios y contenidos puestos a disposici\u00f3n por Economiza Vuelo, as\u00ed como los sitios web y servicios gestionados. por esto. .<\/p>\n<\/div><!--advertisement--><div class=\"mx-5 sm:mx-0 sm:text-3xl text-2xl font-medium title-font mb-4 text-gray-900 text-left\">\n<h2 class=\"wp-block-heading\" id=\"h-2-contato\">2. CONTACTO<\/h2>\n<\/div><div class=\"mx-5 sm:mx-0 prose leading-relaxed text-lg mb-5 text-left wp-paragraph\">\n<p>2.1. Los usuarios est\u00e1n autorizados a utilizar este servicio para aclarar dudas, resolver problemas, presentar quejas u obtener m\u00e1s informaci\u00f3n sobre los productos\/servicios ofrecidos por Economiza Vuelo.<\/p>\n<\/div><div class=\"mx-5 sm:mx-0 prose leading-relaxed text-lg mb-5 text-left wp-paragraph\">\n<p>2.2. El contacto se podr\u00e1 realizar a trav\u00e9s de la p\u00e1gina de contacto.<\/p>\n<\/div><!--advertisement--><div class=\"mx-5 sm:mx-0 sm:text-3xl text-2xl font-medium title-font mb-4 text-gray-900 text-left\">\n<h2 class=\"wp-block-heading\" id=\"h-3-das-responsabilidades-das-partes\">3. RESPONSABILIDADES DE LAS PARTES<\/h2>\n<\/div><div class=\"mx-5 sm:mx-0 prose leading-relaxed text-lg mb-5 text-left wp-paragraph\">\n<p>3.1. Es fundamental que revise detenidamente todas las cl\u00e1usulas contenidas en estos T\u00e9rminos y <a style=\" color:;\" href=\"https:\/\/economizavuelo.com\/es\/privacy-policy\/\">Pol\u00edtica de privacidad<\/a>. Al utilizar los servicios y\/o productos ofrecidos por Economiza Vuelo, usted acepta plenamente todas las cl\u00e1usulas y condiciones aqu\u00ed descritas.<\/p>\n<\/div><div class=\"mx-5 sm:mx-0 prose leading-relaxed text-lg mb-5 text-left wp-paragraph\">\n<p>3.2. Economiza Vuelo proporciona enlaces y\/o dirige al usuario a otros sitios web, donde es posible contratar servicios y\/o adquirir productos de terceras empresas, sin intervenci\u00f3n alguna de Economiza Vuelo.<\/p>\n<\/div><div class=\"mx-5 sm:mx-0 prose leading-relaxed text-lg mb-5 text-left wp-paragraph\">\n<p>3.3. Si el usuario es dirigido al sitio web de una empresa de publicidad, es imprescindible que lea y acepte expl\u00edcitamente los t\u00e9rminos y condiciones de uso, as\u00ed como la pol\u00edtica de privacidad de la empresa en cuesti\u00f3n.<\/p>\n<\/div><div class=\"mx-5 sm:mx-0 prose leading-relaxed text-lg mb-5 text-left wp-paragraph\">\n<p>3.4. Economiza Vuelo se exime de cualquier responsabilidad respecto de los t\u00e9rminos de uso y pol\u00edticas de privacidad de las empresas anunciadas, as\u00ed como de la informaci\u00f3n sobre los servicios\/productos publicitados, as\u00ed como de los servicios\/productos prestados o contratados por dichas empresas.<\/p>\n<\/div><div class=\"mx-5 sm:mx-0 prose leading-relaxed text-lg mb-5 text-left wp-paragraph\">\n<p>3.5. Economiza Vuelo no es responsable de ning\u00fan software malicioso que pueda comprometer o cambiar la configuraci\u00f3n de los dispositivos de los usuarios mientras navega por Internet o transfiere datos.<\/p>\n<\/div><div class=\"mx-5 sm:mx-0 prose leading-relaxed text-lg mb-5 text-left wp-paragraph\">\n<p>3.6. Corresponde \u00fanicamente a los usuarios mantener actualizados el sistema operativo y los programas antivirus de su dispositivo.<\/p>\n<\/div><div class=\"mx-5 sm:mx-0 prose leading-relaxed text-lg mb-5 text-left wp-paragraph\">\n<p>3.7. Economiza Vuelo no se hace responsable de p\u00e9rdidas o da\u00f1os derivados del uso inadecuado del sitio web y\/o de acontecimientos imprevisibles.<\/p>\n<\/div><div class=\"mx-5 sm:mx-0 prose leading-relaxed text-lg mb-5 text-left wp-paragraph\">\n<p>3.8. No es pr\u00e1ctica de Economiza Vuelo solicitar dep\u00f3sitos o transferencias bancarias como condici\u00f3n para el otorgamiento o aprobaci\u00f3n de productos financieros.<\/p>\n<\/div><div class=\"mx-5 sm:mx-0 prose leading-relaxed text-lg mb-5 text-left wp-paragraph\">\n<p>3.9. Economiza Vuelo no env\u00eda correos electr\u00f3nicos para confirmar datos ni registrarse con archivos adjuntos ejecutables ni enlaces de descarga. Si recibe un correo electr\u00f3nico sospechoso, cont\u00e1ctenos a trav\u00e9s de la p\u00e1gina de contacto.<\/p>\n<\/div><div class=\"mx-5 sm:mx-0 prose leading-relaxed text-lg mb-5 text-left wp-paragraph\">\n<p>3.10. Es responsabilidad del usuario: evitar violar los derechos de terceros; no utilice Economiza Vuelo para actividades il\u00edcitas o inapropiadas; y respetar \u00edntegramente los T\u00e9rminos y Pol\u00edtica de Privacidad, as\u00ed como la legislaci\u00f3n vigente.<\/p>\n<\/div><!--advertisement--><div class=\"mx-5 sm:mx-0 sm:text-3xl text-2xl font-medium title-font mb-4 text-gray-900 text-left\">\n<h2 class=\"wp-block-heading\" id=\"h-4-da-modificacao-dos-termos-e-condicoes\">4. MODIFICACI\u00d3N DE T\u00c9RMINOS Y CONDICIONES<\/h2>\n<\/div><div class=\"mx-5 sm:mx-0 prose leading-relaxed text-lg mb-5 text-left wp-paragraph\">\n<p>4.1. Los T\u00e9rminos y Condiciones Generales de Uso de Economiza Vuelo podr\u00e1n ser modificados, complementados o reemplazados en cualquier momento, a exclusivo criterio de Economiza Vuelo, sin necesidad de previo aviso o notificaci\u00f3n a los usuarios.<\/p>\n<\/div><div class=\"mx-5 sm:mx-0 prose leading-relaxed text-lg mb-5 text-left wp-paragraph\">\n<p>4.2. Cualquier persona que no est\u00e9 de acuerdo con estos T\u00e9rminos, que son obligatorios y vinculantes, debe evitar utilizar el sitio web de Economiza Vuelo.<\/p>\n<\/div><!--advertisement--><div class=\"mx-5 sm:mx-0 sm:text-3xl text-2xl font-medium title-font mb-4 text-gray-900 text-left\">\n<h2 class=\"wp-block-heading\" id=\"h-5-vigencia-e-prazo-decadencial\">5. PLAZO Y PLAZO<\/h2>\n<\/div><div class=\"mx-5 sm:mx-0 prose leading-relaxed text-lg mb-5 text-left wp-paragraph\">\n<p>5.1. Estos T\u00e9rminos y Condiciones Generales de Uso tienen una vigencia indefinida. Las reclamaciones judiciales o administrativas derivadas del uso de Economiza Vuelo deber\u00e1n interponerse en el plazo de 90 d\u00edas desde el hecho que les dio origen.<\/p>\n<\/div><!--advertisement--><div class=\"mx-5 sm:mx-0 sm:text-3xl text-2xl font-medium title-font mb-4 text-gray-900 text-left\">\n<h2 class=\"wp-block-heading\" id=\"h-6-da-legislacao-e-foro-de-eleicao\">6. LEGISLACI\u00d3N Y FORO ELECTORAL<\/h2>\n<\/div><div class=\"mx-5 sm:mx-0 prose leading-relaxed text-lg mb-5 text-left wp-paragraph\">\n<p>6.1. Estos T\u00e9rminos y Condiciones Generales de Uso, junto con la Pol\u00edtica de Privacidad, se rigen por las leyes de la Rep\u00fablica Federativa de Brasil.<\/p>\n<\/div><div class=\"mx-5 sm:mx-0 prose leading-relaxed text-lg mb-5 text-left wp-paragraph\">\n<p>6.2. En relaci\u00f3n con cualquier asunto relacionado con estos T\u00e9rminos y la Pol\u00edtica de Privacidad, las partes acuerdan y renuncian expl\u00edcitamente a cualquier otro lugar someti\u00e9ndose a la C\u00e1mara de Comercio de Tallin, Estonia (El Tribunal de Arbitraje de la C\u00e1mara de Comercio e Industria de Estonia), para resolver todas y cada una de las preguntas o dudas que surjan de este t\u00e9rmino de uso.<\/p>\n<\/div>","protected":false},"excerpt":{"rendered":"<p>Economiza Vuelo Economiza Vuelo, una sociedad de responsabilidad limitada (LLC, tambi\u00e9n conocida como MINUTO VIP O\u00dc) de Estonia, registrada con el n\u00famero 16698741 y con sede en Tallin, en Rotermanni Street tn 14-32, CEP 10111, Harju, Estonia, es la creadora y propietaria. y responsable del sitio web de Economiza Vuelo, accesible a trav\u00e9s del dominio economizavuelo.com. Economiza Vuelo es una\u2026 <a class=\"more-link\" href=\"https:\/\/economizavuelo.com\/es\/terms\/\">Sigue leyendo <span class=\"screen-reader-text\">T\u00e9rminos y condiciones generales de uso<\/span><\/a><\/p>","protected":false},"author":6,"featured_media":0,"parent":0,"menu_order":0,"comment_status":"closed","ping_status":"closed","template":"","meta":{"footnotes":""},"yoast_head":"<!-- This site is optimized with the Yoast SEO plugin v23.3 - https:\/\/yoast.com\/wordpress\/plugins\/seo\/ -->\n<title>Termos e Condi\u00e7\u00f5es Gerais de Uso - Economiza Vuelo<\/title>\n<meta name=\"robots\" content=\"index, follow, max-snippet:-1, max-image-preview:large, max-video-preview:-1\" \/>\n<link rel=\"canonical\" href=\"https:\/\/economizavuelo.com\/es\/terms\/\" \/>\n<meta property=\"og:locale\" content=\"es_ES\" \/>\n<meta property=\"og:type\" content=\"article\" \/>\n<meta property=\"og:title\" content=\"Termos e Condi\u00e7\u00f5es Gerais de Uso - Economiza Vuelo\" \/>\n<meta property=\"og:description\" content=\"Economiza Vuelo O Economiza Vuelo, uma empresa de responsabilidade limitada estoniana (LLC, tamb\u00e9m conhecida como MINUTO VIP O\u00dc), registrada sob o n\u00famero 16698741 e sediada em Tallinn, na Rua Rotermanni tn 14-32, CEP 10111, Harju, Est\u00f4nia, \u00e9 a criadora, propriet\u00e1ria e mantenedora do site Economiza Vuelo, acess\u00edvel pelo dom\u00ednio economizavuelo.com. O Economiza Vuelo \u00e9 uma&hellip; Continue reading Termos e Condi\u00e7\u00f5es Gerais de Uso\" \/>\n<meta property=\"og:url\" content=\"https:\/\/economizavuelo.com\/es\/terms\/\" \/>\n<meta property=\"og:site_name\" content=\"Economiza Vuelo\" \/>\n<meta property=\"article:modified_time\" content=\"2025-08-29T12:26:51+00:00\" \/>\n<meta name=\"twitter:card\" content=\"summary_large_image\" \/>\n<meta name=\"twitter:label1\" content=\"Est. reading time\" \/>\n\t<meta name=\"twitter:data1\" content=\"5 minutos\" \/>\n<script type=\"application\/ld+json\" class=\"yoast-schema-graph\">{\"@context\":\"https:\/\/schema.org\",\"@graph\":[{\"@type\":\"WebPage\",\"@id\":\"https:\/\/economizavuelo.com\/terms\/\",\"url\":\"https:\/\/economizavuelo.com\/terms\/\",\"name\":\"Termos e Condi\u00e7\u00f5es Gerais de Uso - Economiza Vuelo\",\"isPartOf\":{\"@id\":\"https:\/\/economizavuelo.com\/#website\"},\"datePublished\":\"2024-04-22T14:47:16+00:00\",\"dateModified\":\"2025-08-29T12:26:51+00:00\",\"breadcrumb\":{\"@id\":\"https:\/\/economizavuelo.com\/terms\/#breadcrumb\"},\"inLanguage\":\"es\",\"potentialAction\":[{\"@type\":\"ReadAction\",\"target\":[\"https:\/\/economizavuelo.com\/terms\/\"]}]},{\"@type\":\"BreadcrumbList\",\"@id\":\"https:\/\/economizavuelo.com\/terms\/#breadcrumb\",\"itemListElement\":[{\"@type\":\"ListItem\",\"position\":1,\"name\":\"Home\",\"item\":\"https:\/\/economizavuelo.com\/\"},{\"@type\":\"ListItem\",\"position\":2,\"name\":\"Termos e Condi\u00e7\u00f5es Gerais de Uso\"}]},{\"@type\":\"WebSite\",\"@id\":\"https:\/\/economizavuelo.com\/#website\",\"url\":\"https:\/\/economizavuelo.com\/\",\"name\":\"Economiza Vuelo\",\"description\":\"\",\"potentialAction\":[{\"@type\":\"SearchAction\",\"target\":{\"@type\":\"EntryPoint\",\"urlTemplate\":\"https:\/\/economizavuelo.com\/?s={search_term_string}\"},\"query-input\":\"required name=search_term_string\"}],\"inLanguage\":\"es\"}]}<\/script>\n<!-- \/ Yoast SEO plugin. -->","yoast_head_json":{"title":"Termos e Condi\u00e7\u00f5es Gerais de Uso - Economiza Vuelo","robots":{"index":"index","follow":"follow","max-snippet":"max-snippet:-1","max-image-preview":"max-image-preview:large","max-video-preview":"max-video-preview:-1"},"canonical":"https:\/\/economizavuelo.com\/es\/terms\/","og_locale":"es_ES","og_type":"article","og_title":"Termos e Condi\u00e7\u00f5es Gerais de Uso - Economiza Vuelo","og_description":"Economiza Vuelo O Economiza Vuelo, uma empresa de responsabilidade limitada estoniana (LLC, tamb\u00e9m conhecida como MINUTO VIP O\u00dc), registrada sob o n\u00famero 16698741 e sediada em Tallinn, na Rua Rotermanni tn 14-32, CEP 10111, Harju, Est\u00f4nia, \u00e9 a criadora, propriet\u00e1ria e mantenedora do site Economiza Vuelo, acess\u00edvel pelo dom\u00ednio economizavuelo.com. O Economiza Vuelo \u00e9 uma&hellip; Continue reading Termos e Condi\u00e7\u00f5es Gerais de Uso","og_url":"https:\/\/economizavuelo.com\/es\/terms\/","og_site_name":"Economiza Vuelo","article_modified_time":"2025-08-29T12:26:51+00:00","twitter_card":"summary_large_image","twitter_misc":{"Est. reading time":"5 minutos"},"schema":{"@context":"https:\/\/schema.org","@graph":[{"@type":"WebPage","@id":"https:\/\/economizavuelo.com\/terms\/","url":"https:\/\/economizavuelo.com\/terms\/","name":"Termos e Condi\u00e7\u00f5es Gerais de Uso - Economiza Vuelo","isPartOf":{"@id":"https:\/\/economizavuelo.com\/#website"},"datePublished":"2024-04-22T14:47:16+00:00","dateModified":"2025-08-29T12:26:51+00:00","breadcrumb":{"@id":"https:\/\/economizavuelo.com\/terms\/#breadcrumb"},"inLanguage":"es","potentialAction":[{"@type":"ReadAction","target":["https:\/\/economizavuelo.com\/terms\/"]}]},{"@type":"BreadcrumbList","@id":"https:\/\/economizavuelo.com\/terms\/#breadcrumb","itemListElement":[{"@type":"ListItem","position":1,"name":"Home","item":"https:\/\/economizavuelo.com\/"},{"@type":"ListItem","position":2,"name":"Termos e Condi\u00e7\u00f5es Gerais de Uso"}]},{"@type":"WebSite","@id":"https:\/\/economizavuelo.com\/#website","url":"https:\/\/economizavuelo.com\/","name":"Economiza Vuelo","description":"","potentialAction":[{"@type":"SearchAction","target":{"@type":"EntryPoint","urlTemplate":"https:\/\/economizavuelo.com\/?s={search_term_string}"},"query-input":"required name=search_term_string"}],"inLanguage":"es"}]}},"_links":{"self":[{"href":"https:\/\/economizavuelo.com\/es\/wp-json\/wp\/v2\/pages\/187"}],"collection":[{"href":"https:\/\/economizavuelo.com\/es\/wp-json\/wp\/v2\/pages"}],"about":[{"href":"https:\/\/economizavuelo.com\/es\/wp-json\/wp\/v2\/types\/page"}],"author":[{"embeddable":true,"href":"https:\/\/economizavuelo.com\/es\/wp-json\/wp\/v2\/users\/6"}],"replies":[{"embeddable":true,"href":"https:\/\/economizavuelo.com\/es\/wp-json\/wp\/v2\/comments?post=187"}],"version-history":[{"count":3,"href":"https:\/\/economizavuelo.com\/es\/wp-json\/wp\/v2\/pages\/187\/revisions"}],"predecessor-version":[{"id":920,"href":"https:\/\/economizavuelo.com\/es\/wp-json\/wp\/v2\/pages\/187\/revisions\/920"}],"wp:attachment":[{"href":"https:\/\/economizavuelo.com\/es\/wp-json\/wp\/v2\/media?parent=187"}],"curies":[{"name":"wp","href":"https:\/\/api.w.org\/{rel}","templated":true}]}}