{"id":184,"date":"2024-04-22T13:58:14","date_gmt":"2024-04-22T13:58:14","guid":{"rendered":"https:\/\/economizavuelo.com\/?page_id=184"},"modified":"2025-03-28T12:08:44","modified_gmt":"2025-03-28T12:08:44","slug":"privacy-policy","status":"publish","type":"page","link":"https:\/\/economizavuelo.com\/es\/privacy-policy\/","title":{"rendered":"Pol\u00edtica de privacidad"},"content":{"rendered":"<!--advertisement--><div class=\"mx-5 sm:mx-0 sm:text-3xl text-2xl font-medium title-font mb-4 text-gray-900 text-left\">\n<h2 class=\"wp-block-heading\" id=\"h-economiza-vuelo\">Guardar Vuelo<\/h2>\n<\/div><div class=\"mx-5 sm:mx-0 prose leading-relaxed text-lg mb-5 text-left wp-paragraph\">\n<p>Actualizado el 28 de marzo de 2025.<\/p>\n<\/div><div class=\"mx-5 sm:mx-0 prose leading-relaxed text-lg mb-5 text-left wp-paragraph\">\n<p>En Economiza Vuelo nuestra prioridad es brindarte una experiencia segura y respetuosa en nuestra plataforma, asegurando que tu privacidad est\u00e9 protegida en todo momento.<\/p>\n<\/div><div class=\"mx-5 sm:mx-0 prose leading-relaxed text-lg mb-5 text-left wp-paragraph\">\n<p>Recopilamos una variedad de informaci\u00f3n, incluido su nombre, direcci\u00f3n de correo electr\u00f3nico, n\u00famero de tel\u00e9fono y m\u00e1s. Estos datos son esenciales para personalizar y optimizar su interacci\u00f3n en nuestra p\u00e1gina.<\/p>\n<\/div><div class=\"mx-5 sm:mx-0 prose leading-relaxed text-lg mb-5 text-left wp-paragraph\">\n<p>Al utilizar Economiza Vuelo, usted acepta las pr\u00e1cticas descritas en esta Pol\u00edtica de Privacidad. Por lo tanto, si existe desacuerdo total o parcial con alg\u00fan punto expuesto, le solicitamos que evite utilizar nuestros servicios.<\/p>\n<\/div><div class=\"mx-5 sm:mx-0 prose leading-relaxed text-lg mb-5 text-left wp-paragraph\">\n<p>Destacamos que nuestra Pol\u00edtica de Privacidad y nuestros T\u00e9rminos y Condiciones Generales de Uso son documentos que pueden actualizarse sin previo aviso, lo que refleja nuestro compromiso de mantener estos documentos alineados con las necesidades en constante evoluci\u00f3n de nuestros usuarios y la legislaci\u00f3n aplicable.<\/p>\n<\/div><div class=\"mx-5 sm:mx-0 prose leading-relaxed text-lg mb-5 text-left wp-paragraph\">\n<p>Es muy recomendable que revises peri\u00f3dicamente tanto la Pol\u00edtica de Privacidad como los T\u00e9rminos y Condiciones Generales de Uso. De esta forma, te mantendr\u00e1s actualizado sobre la recopilaci\u00f3n y el uso de tus datos en este servicio.<\/p>\n<\/div><div class=\"mx-5 sm:mx-0 prose leading-relaxed text-lg mb-5 text-left wp-paragraph\">\n<p>Es importante resaltar que cualquier cambio realizado en estos t\u00e9rminos entrar\u00e1 en vigor tan pronto como se publiquen en el sitio web. Si hay alg\u00fan cambio en la Pol\u00edtica de Privacidad de este servicio, se le notificar\u00e1 sobre la actualizaci\u00f3n aqu\u00ed en la p\u00e1gina.<\/p>\n<\/div><div class=\"mx-5 sm:mx-0 prose leading-relaxed text-lg mb-5 text-left wp-paragraph\">\n<p>Nuestra prioridad es garantizar la privacidad y transparencia en el tratamiento de tus datos, siempre cumpliendo con la legislaci\u00f3n de protecci\u00f3n de datos aplicable. Es fundamental que lea y comprenda sus derechos y c\u00f3mo se trata su informaci\u00f3n en Economiza Vuelo. Los T\u00e9rminos y Condiciones Generales de Uso est\u00e1n disponibles en: https:\/\/economizavuelo.com\/termos-de-uso&nbsp;<\/p>\n<\/div><!--advertisement--><div class=\"mx-5 sm:mx-0 sm:text-3xl text-2xl font-medium title-font mb-4 text-gray-900 text-left\">\n<h2 class=\"wp-block-heading\" id=\"h-consentimento-e-utilizacao-do-site\">Consentimiento y uso del sitio<\/h2>\n<\/div><div class=\"mx-5 sm:mx-0 prose leading-relaxed text-lg mb-5 text-left wp-paragraph\">\n<p>Al utilizar Economiza Vuelo, usted acepta la Pol\u00edtica de Privacidad aqu\u00ed presentada y los T\u00e9rminos de Uso, los cuales pueden consultarse en: https:\/\/economizavuelo.com\/termos-de-uso&nbsp;<\/p>\n<\/div><div class=\"mx-5 sm:mx-0 prose leading-relaxed text-lg mb-5 text-left wp-paragraph\">\n<p>Es fundamental aceptar esta Pol\u00edtica y los T\u00e9rminos para garantizar una experiencia de navegaci\u00f3n segura y personalizada en este servicio.<\/p>\n<\/div><!--advertisement--><div class=\"mx-5 sm:mx-0 sm:text-3xl text-2xl font-medium title-font mb-4 text-gray-900 text-left\">\n<h3 class=\"wp-block-heading\"><strong>Uso de la Inteligencia Artificial (IA)<\/strong><\/h3>\n<\/div><div class=\"mx-5 sm:mx-0 prose leading-relaxed text-lg mb-5 text-left wp-paragraph\">\n<p>Economiza Vuelo utiliza herramientas avanzadas de Inteligencia Artificial para apoyar la creaci\u00f3n de textos, contenidos informativos y elementos gr\u00e1ficos presentados en nuestro sitio web. <strong>Esta tecnolog\u00eda nos ayuda a producir materiales m\u00e1s r\u00e1pidos, innovadores y personalizados, mejorando continuamente la calidad de tu experiencia al navegar con nosotros.<\/strong><\/p>\n<\/div><div class=\"mx-5 sm:mx-0 prose leading-relaxed text-lg mb-5 text-left wp-paragraph\">\n<p>Toda la informaci\u00f3n generada a trav\u00e9s de Inteligencia Artificial es sometida a un riguroso proceso de verificaci\u00f3n y edici\u00f3n realizado por nuestro equipo especializado. <strong>De esta manera, garantizamos que cada pieza de contenido est\u00e9 alineada con nuestros est\u00e1ndares de claridad, relevancia y precisi\u00f3n.<\/strong><\/p>\n<\/div><div class=\"mx-5 sm:mx-0 prose leading-relaxed text-lg mb-5 text-left wp-paragraph\">\n<p>Estamos comprometidos con el uso responsable de la tecnolog\u00eda, priorizando siempre la transparencia y la seguridad de los datos personales de nuestros usuarios. Si tiene alguna pregunta o desea conocer m\u00e1s detalles sobre c\u00f3mo utilizamos la IA en la producci\u00f3n de contenido o im\u00e1genes espec\u00edficas, no dude en contactarnos. Valoramos su inter\u00e9s y siempre estamos listos para responder.<\/p>\n<\/div><!--advertisement--><div class=\"mx-5 sm:mx-0 sm:text-3xl text-2xl font-medium title-font mb-4 text-gray-900 text-left\">\n<h2 class=\"wp-block-heading\" id=\"h-visao-geral-para-os-usuarios\">Descripci\u00f3n general para usuarios<\/h2>\n<\/div><div class=\"mx-5 sm:mx-0 prose leading-relaxed text-lg mb-5 text-left wp-paragraph\">\n<p>Economiza Vuelo se enfoca en brindar contenido relevante y actualizado para facilitar el acceso al conocimiento. Esto permite a los usuarios navegar y consumir contenidos sin necesidad de registrarse, priorizando una experiencia sencilla y r\u00e1pida.<\/p>\n<\/div><div class=\"mx-5 sm:mx-0 prose leading-relaxed text-lg mb-5 text-left wp-paragraph\">\n<p>Cumplimos con los est\u00e1ndares internacionales para proteger sus datos, reconociendo, sin embargo, que ninguna medida de seguridad es infalible. Mejoramos continuamente nuestras pr\u00e1cticas y tecnolog\u00edas, incluido el cifrado, el control de acceso y el cumplimiento de pol\u00edticas, para garantizar la seguridad de sus datos. Esto incluye protecci\u00f3n contra el uso no autorizado, mal uso o divulgaci\u00f3n de su informaci\u00f3n personal.<\/p>\n<\/div><div class=\"mx-5 sm:mx-0 prose leading-relaxed text-lg mb-5 text-left wp-paragraph\">\n<p>Es importante se\u00f1alar que nunca solicitaremos pagos o montos monetarios para liberar productos o servicios a nombre de Economiza Vuelo. Si recibe alguna solicitud de este tipo en nuestro nombre, le solicitamos que se comunique con nosotros de inmediato.<\/p>\n<\/div><div class=\"mx-5 sm:mx-0 prose leading-relaxed text-lg mb-5 text-left wp-paragraph\">\n<p>Nuestro compromiso es mantener la informaci\u00f3n siempre actualizada y precisa. Sin embargo, es importante se\u00f1alar que no podemos garantizar que toda la informaci\u00f3n disponible aqu\u00ed sea completamente precisa en comparaci\u00f3n con otras fuentes. Por ello, a la hora de realizar pedidos de productos o servicios, es recomendable revisar detenidamente los t\u00e9rminos y condiciones de uso.<\/p>\n<\/div><div class=\"mx-5 sm:mx-0 prose leading-relaxed text-lg mb-5 text-left wp-paragraph\">\n<p>Aunque recibimos recompensas por publicidad y recomendaciones de productos, nuestro equipo se dedica a crear contenido relevante y de alta calidad para los usuarios. Si bien nuestros socios pueden influir en el contenido, nuestro principal objetivo es proporcionar siempre informaci\u00f3n actualizada y confiable.<\/p>\n<\/div><div class=\"mx-5 sm:mx-0 prose leading-relaxed text-lg mb-5 text-left wp-paragraph\">\n<p>Sin embargo, debido a la diversidad de informaci\u00f3n en nuestra plataforma, no podemos garantizar la calidad o actualizaci\u00f3n de toda la misma.<\/p>\n<\/div><div class=\"mx-5 sm:mx-0 prose leading-relaxed text-lg mb-5 text-left wp-paragraph\">\n<p>Para garantizar la seguridad de su informaci\u00f3n personal, utilizamos medidas preventivas y seguimos las mejores pr\u00e1cticas de la industria para evitar da\u00f1os a los datos. Como, por ejemplo, p\u00e9rdida, mal uso, acceso no autorizado, divulgaci\u00f3n, alteraci\u00f3n o destrucci\u00f3n de datos.<\/p>\n<\/div><!--advertisement--><div class=\"mx-5 sm:mx-0 sm:text-3xl text-2xl font-medium title-font mb-4 text-gray-900 text-left\">\n<h2 class=\"wp-block-heading\" id=\"h-conexoes-com-sites-externos\">Conexiones a sitios externos<\/h2>\n<\/div><div class=\"mx-5 sm:mx-0 prose leading-relaxed text-lg mb-5 text-left wp-paragraph\">\n<p>Economiza Vuelo establece conexiones con diversas fuentes externas que, seg\u00fan nuestro an\u00e1lisis, pueden proporcionar informaci\u00f3n o herramientas \u00fatiles a nuestros usuarios. Es importante tener en cuenta, sin embargo, que nuestra Pol\u00edtica de Privacidad no se extiende a estos sitios web externos. Por lo tanto, no asumimos ninguna responsabilidad por las pol\u00edticas de privacidad o el contenido que se encuentre en estos sitios. Esto significa que no ejercemos control sobre dichas fuentes externas y, por lo tanto, no podemos responsabilizarnos de ninguna interacci\u00f3n con productos o servicios de terceros.<\/p>\n<\/div><div class=\"mx-5 sm:mx-0 prose leading-relaxed text-lg mb-5 text-left wp-paragraph\">\n<p>Cuando abandona el sitio web de Economiza Vuelo o es redirigido a un sitio web o aplicaci\u00f3n de terceros, estar\u00e1 sujeto a las pol\u00edticas de privacidad de ese sitio web espec\u00edfico, ya no a las nuestras. Esto implica que nuestra Pol\u00edtica de Privacidad y T\u00e9rminos de Servicio no se aplicar\u00e1n a su experiencia en l\u00ednea en estos casos.<\/p>\n<\/div><div class=\"mx-5 sm:mx-0 prose leading-relaxed text-lg mb-5 text-left wp-paragraph\">\n<p>Adem\u00e1s, queremos destacar que, si usted decide retirar su consentimiento respecto al uso de sus datos \u2014ya sea para contacto, recolecci\u00f3n, uso o divulgaci\u00f3n de su informaci\u00f3n\u2014, usted es completamente libre de hacerlo. Para ello, p\u00f3ngase en contacto con nosotros en <a style=\" color:;\" href=\"https:\/\/economizavuelo.com\/es\/contact\/\">https:\/\/economizavuelo.com\/contact\/<\/a>, y responderemos prontamente a su solicitud.<\/p>\n<\/div><div class=\"mx-5 sm:mx-0 prose leading-relaxed text-lg mb-5 text-left wp-paragraph\">\n<p>Este enfoque flexible tiene como objetivo garantizar que usted mantenga el control sobre todos sus datos personales, de acuerdo con nuestro compromiso con la transparencia y el respeto a su privacidad.<\/p>\n<\/div><!--advertisement--><div class=\"mx-5 sm:mx-0 sm:text-3xl text-2xl font-medium title-font mb-4 text-gray-900 text-left\">\n<h2 class=\"wp-block-heading\" id=\"h-coleta-de-dados-nao-pessoais\">Recopilaci\u00f3n de Datos No Personales&nbsp;<\/h2>\n<\/div><div class=\"mx-5 sm:mx-0 prose leading-relaxed text-lg mb-5 text-left wp-paragraph\">\n<p>En Economiza Vuelo, durante su interacci\u00f3n en nuestro sitio web, rastreamos y recopilamos autom\u00e1ticamente datos no personales. Esto abarca una variedad de informaci\u00f3n, como p\u00e1ginas visitadas, tiempos de acceso, enlaces en los que se hizo clic y categor\u00edas de contenido o servicios de su inter\u00e9s. Dichos datos, aunque no lo identifican directamente, son esenciales para comprender las preferencias de nuestra audiencia y mejorar la experiencia general del sitio web.<\/p>\n<\/div><!--advertisement--><div class=\"mx-5 sm:mx-0 sm:text-3xl text-2xl font-medium title-font mb-4 text-gray-900 text-left\">\n<h2 class=\"wp-block-heading\" id=\"h-uso-de-cookies\">Uso de cookies<\/h2>\n<\/div><div class=\"mx-5 sm:mx-0 prose leading-relaxed text-lg mb-5 text-left wp-paragraph\">\n<p>Economiza Vuelo, en asociaci\u00f3n con empresas como Google, utiliza cookies para ofrecer anuncios m\u00e1s relevantes a nuestros visitantes. Al utilizar la cookie DART de Google, los anuncios se pueden personalizar en funci\u00f3n de las visitas anteriores de un usuario a nuestro sitio web o a otros sitios web de terceros. Si prefiere no permitir que su navegaci\u00f3n se utilice con este fin, puede acceder a la Pol\u00edtica de Privacidad de la red de anuncios y contenidos de Google y desactivar el uso de la cookie DART.<\/p>\n<\/div><div class=\"mx-5 sm:mx-0 prose leading-relaxed text-lg mb-5 text-left wp-paragraph\">\n<p>Adem\u00e1s, utilizamos cookies y otras tecnolog\u00edas similares para recopilar datos que se utilizan para mejorar su experiencia de navegaci\u00f3n en este sitio web, reforzar la seguridad de los datos y verificar la exactitud de la informaci\u00f3n. Estas cookies desempe\u00f1an un papel esencial en la identificaci\u00f3n de la direcci\u00f3n IP, el navegador utilizado, la ubicaci\u00f3n y otros aspectos t\u00e9cnicos de su visita, con el objetivo de mejorar la presentaci\u00f3n de anuncios relevantes.<\/p>\n<\/div><div class=\"mx-5 sm:mx-0 prose leading-relaxed text-lg mb-5 text-left wp-paragraph\">\n<p>Tambi\u00e9n dependemos de anunciantes externos para ayudar a financiar el mantenimiento del sitio. Esta colaboraci\u00f3n puede implicar el uso de cookies y otras tecnolog\u00edas para recopilar ciertos datos personales, como la direcci\u00f3n IP, el proveedor de servicios de Internet y el tipo de navegador utilizado. El objetivo principal es proporcionar anuncios que est\u00e9n alineados con su ubicaci\u00f3n geogr\u00e1fica o sus preferencias.<\/p>\n<\/div><div class=\"mx-5 sm:mx-0 prose leading-relaxed text-lg mb-5 text-left wp-paragraph\">\n<p>Es importante destacar que los usuarios son libres de administrar sus preferencias de cookies a trav\u00e9s de la configuraci\u00f3n de su navegador. Sin embargo, cabe se\u00f1alar que deshabilitar completamente las cookies puede afectar algunas caracter\u00edsticas de Economiza Vuelo, impactando as\u00ed su experiencia de navegaci\u00f3n.<\/p>\n<\/div><!--advertisement--><div class=\"mx-5 sm:mx-0 sm:text-3xl text-2xl font-medium title-font mb-4 text-gray-900 text-left\">\n<h2 class=\"wp-block-heading\" id=\"h-gerenciamento-de-informacoes-pessoais\">Gesti\u00f3n de informaci\u00f3n personal<\/h2>\n<\/div><div class=\"mx-5 sm:mx-0 prose leading-relaxed text-lg mb-5 text-left wp-paragraph\">\n<p>Para disfrutar plenamente de los recursos gratuitos que brinda Economiza Vuelo, como leer art\u00edculos, descargar libros electr\u00f3nicos, participar en cuestionarios y otros, solicitamos algunos datos b\u00e1sicos. Por ejemplo, su nombre completo y direcci\u00f3n de correo electr\u00f3nico.<\/p>\n<\/div><div class=\"mx-5 sm:mx-0 prose leading-relaxed text-lg mb-5 text-left wp-paragraph\">\n<p>El tratamiento de estos datos personales tiene objetivos claros y espec\u00edficos:<\/p>\n<\/div><div class=\"mx-5 sm:mx-0 prose text-left mb-5\">\n<ul><div class=\"mx-5 sm:mx-0 prose text-left mb-5\">\n<li>Garantizar la identificaci\u00f3n precisa y segura de cada usuario, manteniendo la seguridad de la plataforma y de todos sus usuarios;<\/li>\n<\/div>\n\n<div class=\"mx-5 sm:mx-0 prose text-left mb-5\">\n<li>Facilitar el acceso a una variedad de servicios y productos ofrecidos por Economiza Vuelo;<\/li>\n<\/div>\n\n<div class=\"mx-5 sm:mx-0 prose text-left mb-5\">\n<li>Permitir un an\u00e1lisis detallado del perfil de cada usuario, con el fin de personalizar y recomendar contenidos, productos y servicios orientados a satisfacer sus necesidades y preferencias individuales.<\/li>\n<\/div><\/ul>\n<\/div><div class=\"mx-5 sm:mx-0 prose leading-relaxed text-lg mb-5 text-left wp-paragraph\">\n<p>Con el objetivo de mejorar la personalizaci\u00f3n y aportar soluciones m\u00e1s alineadas con los intereses y necesidades de nuestros usuarios, Economiza Vuelo puede realizar b\u00fasquedas en ocasiones concretas. Estas encuestas son fundamentales para obtener informaci\u00f3n adicional sobre los usuarios, permitiendo sugerir productos y servicios personalizados. As\u00ed, tanto Economiza Vuelo como nuestros socios pueden invitar a los usuarios a participar en encuestas de satisfacci\u00f3n. Los resultados de estas investigaciones son fundamentales para orientar la mejora de sistemas, productos, contenidos y servicios.<\/p>\n<\/div><div class=\"mx-5 sm:mx-0 prose leading-relaxed text-lg mb-5 text-left wp-paragraph\">\n<p>Adem\u00e1s, cada vez que un usuario se comunique con nosotros para informar problemas, realizar consultas o solicitar soporte, recopilaremos y almacenaremos los datos de contacto proporcionados junto con los detalles de la consulta. Estos datos son fundamentales para responder eficazmente a las consultas e identificar oportunidades de mejora en nuestro sistema, ofreciendo una experiencia cada vez m\u00e1s satisfactoria en Economiza Vuelo.<\/p>\n<\/div><!--advertisement--><div class=\"mx-5 sm:mx-0 sm:text-3xl text-2xl font-medium title-font mb-4 text-gray-900 text-left\">\n<h2 class=\"wp-block-heading\" id=\"h-praticas-de-compartilhamento-de-dados\">Pr\u00e1cticas de intercambio de datos<\/h2>\n<\/div><div class=\"mx-5 sm:mx-0 prose leading-relaxed text-lg mb-5 text-left wp-paragraph\">\n<p>En Economiza Vuelo mantenemos nuestro compromiso de proteger la privacidad de nuestros usuarios, asegurando que sus datos son tratados con el m\u00e1ximo cuidado. Es crucial resaltar que no vendemos la informaci\u00f3n personal de nuestros usuarios a terceros. Sin embargo, para mejorar la experiencia del usuario y brindar acceso a productos y servicios espec\u00edficos, podemos compartir informaci\u00f3n con empresas asociadas. Esta colaboraci\u00f3n tiene como \u00fanico objetivo ofrecer productos y servicios que est\u00e9n en sinton\u00eda con las preferencias y necesidades de nuestros usuarios.<\/p>\n<\/div><div class=\"mx-5 sm:mx-0 prose leading-relaxed text-lg mb-5 text-left wp-paragraph\">\n<p>Adem\u00e1s, Economiza Vuelo se reserva el derecho de colaborar con autoridades judiciales u organismos gubernamentales y revelar informaci\u00f3n personal de los usuarios cuando sea necesario para: a) defender sus derechos legales; b) proteger sus bienes; c) prestar asistencia o cooperar en situaciones que requieran protecci\u00f3n a los usuarios, personal, directivos o terceros afectados por acciones u omisiones.<\/p>\n<\/div><!--advertisement--><div class=\"mx-5 sm:mx-0 sm:text-3xl text-2xl font-medium title-font mb-4 text-gray-900 text-left\">\n<h2 class=\"wp-block-heading\" id=\"h-protecao-de-dados-de-menores\"><strong>Protecci\u00f3n de Datos de Menores<\/strong><\/h2>\n<\/div><div class=\"mx-5 sm:mx-0 prose leading-relaxed text-lg mb-5 text-left wp-paragraph\">\n<p>Consciente de la necesidad de proteger la privacidad de los ni\u00f1os, Economiza Vuelo no trata datos personales de personas menores de 13 a\u00f1os sin la autorizaci\u00f3n de sus padres o tutores legales.&nbsp;<\/p>\n<\/div><div class=\"mx-5 sm:mx-0 prose leading-relaxed text-lg mb-5 text-left wp-paragraph\">\n<p>Si por casualidad se recabaran datos personales de menores de edad sin darse cuenta y sin el consentimiento de sus padres o tutores legales, garantizamos la eliminaci\u00f3n inmediata de dichos datos de nuestros registros, sin necesidad de notificaci\u00f3n previa.<\/p>\n<\/div><div class=\"mx-5 sm:mx-0 prose leading-relaxed text-lg mb-5 text-left wp-paragraph\">\n<p>Si alg\u00fan usuario tiene conocimiento de que Economiza Vuelo ha recopilado o tratado datos de personas menores de 13 a\u00f1os por error, le rogamos que se ponga en contacto con nosotros inmediatamente a trav\u00e9s del enlace <a style=\" color:;\" href=\"https:\/\/economizavuelo.com\/es\/contact\/\">https:\/\/economizavuelo.com\/contact\/<\/a>. Actuaremos con prontitud y tomaremos las medidas necesarias para corregir la situaci\u00f3n, reafirmando as\u00ed nuestro compromiso con la seguridad y protecci\u00f3n de los datos de todos los usuarios, especialmente de los menores.<\/p>\n<\/div>","protected":false},"excerpt":{"rendered":"<p>Economiza Vuelo. Actualizado el 28 de marzo de 2025. En Economiza Vuelo, nuestra prioridad es brindar una experiencia segura y respetuosa en nuestra plataforma, garantizando la protecci\u00f3n de su privacidad en todo momento. Recopilamos informaci\u00f3n diversa, como su nombre, correo electr\u00f3nico y n\u00famero de tel\u00e9fono, entre otros. Estos datos son esenciales para\u2026 <a class=\"more-link\" href=\"https:\/\/economizavuelo.com\/es\/privacy-policy\/\">Sigue leyendo <span class=\"screen-reader-text\">Pol\u00edtica de privacidad<\/span><\/a><\/p>","protected":false},"author":6,"featured_media":0,"parent":0,"menu_order":0,"comment_status":"closed","ping_status":"closed","template":"","meta":{"footnotes":""},"yoast_head":"<!-- This site is optimized with the Yoast SEO plugin v23.3 - https:\/\/yoast.com\/wordpress\/plugins\/seo\/ -->\n<title>Pol\u00edtica de Privacidade - Economiza Vuelo<\/title>\n<meta name=\"robots\" content=\"index, follow, max-snippet:-1, max-image-preview:large, max-video-preview:-1\" \/>\n<link rel=\"canonical\" href=\"https:\/\/economizavuelo.com\/es\/privacy-policy\/\" \/>\n<meta property=\"og:locale\" content=\"es_ES\" \/>\n<meta property=\"og:type\" content=\"article\" \/>\n<meta property=\"og:title\" content=\"Pol\u00edtica de Privacidade - Economiza Vuelo\" \/>\n<meta property=\"og:description\" content=\"Economiza Vuelo Atualizada em 28 de Mar\u00e7o de 2025. No Economiza Vuelo, nossa prioridade \u00e9 proporcionar uma experi\u00eancia segura e respeitosa em nossa plataforma, garantindo a prote\u00e7\u00e3o de sua privacidade em todos os momentos. Coletamos uma variedade de informa\u00e7\u00f5es, incluindo seu nome, endere\u00e7o de e-mail, n\u00famero de telefone, entre outros. Esses dados s\u00e3o fundamentais para&hellip; Continue reading Pol\u00edtica de Privacidade\" \/>\n<meta property=\"og:url\" content=\"https:\/\/economizavuelo.com\/es\/privacy-policy\/\" \/>\n<meta property=\"og:site_name\" content=\"Economiza Vuelo\" \/>\n<meta property=\"article:modified_time\" content=\"2025-03-28T12:08:44+00:00\" \/>\n<meta name=\"twitter:card\" content=\"summary_large_image\" \/>\n<meta name=\"twitter:label1\" content=\"Est. reading time\" \/>\n\t<meta name=\"twitter:data1\" content=\"10 minutos\" \/>\n<script type=\"application\/ld+json\" class=\"yoast-schema-graph\">{\"@context\":\"https:\/\/schema.org\",\"@graph\":[{\"@type\":\"WebPage\",\"@id\":\"https:\/\/economizavuelo.com\/privacy-policy\/\",\"url\":\"https:\/\/economizavuelo.com\/privacy-policy\/\",\"name\":\"Pol\u00edtica de Privacidade - Economiza Vuelo\",\"isPartOf\":{\"@id\":\"https:\/\/economizavuelo.com\/#website\"},\"datePublished\":\"2024-04-22T13:58:14+00:00\",\"dateModified\":\"2025-03-28T12:08:44+00:00\",\"breadcrumb\":{\"@id\":\"https:\/\/economizavuelo.com\/privacy-policy\/#breadcrumb\"},\"inLanguage\":\"es\",\"potentialAction\":[{\"@type\":\"ReadAction\",\"target\":[\"https:\/\/economizavuelo.com\/privacy-policy\/\"]}]},{\"@type\":\"BreadcrumbList\",\"@id\":\"https:\/\/economizavuelo.com\/privacy-policy\/#breadcrumb\",\"itemListElement\":[{\"@type\":\"ListItem\",\"position\":1,\"name\":\"Home\",\"item\":\"https:\/\/economizavuelo.com\/\"},{\"@type\":\"ListItem\",\"position\":2,\"name\":\"Pol\u00edtica de Privacidade\"}]},{\"@type\":\"WebSite\",\"@id\":\"https:\/\/economizavuelo.com\/#website\",\"url\":\"https:\/\/economizavuelo.com\/\",\"name\":\"Economiza Vuelo\",\"description\":\"\",\"potentialAction\":[{\"@type\":\"SearchAction\",\"target\":{\"@type\":\"EntryPoint\",\"urlTemplate\":\"https:\/\/economizavuelo.com\/?s={search_term_string}\"},\"query-input\":\"required name=search_term_string\"}],\"inLanguage\":\"es\"}]}<\/script>\n<!-- \/ Yoast SEO plugin. -->","yoast_head_json":{"title":"Pol\u00edtica de Privacidade - Economiza Vuelo","robots":{"index":"index","follow":"follow","max-snippet":"max-snippet:-1","max-image-preview":"max-image-preview:large","max-video-preview":"max-video-preview:-1"},"canonical":"https:\/\/economizavuelo.com\/es\/privacy-policy\/","og_locale":"es_ES","og_type":"article","og_title":"Pol\u00edtica de Privacidade - Economiza Vuelo","og_description":"Economiza Vuelo Atualizada em 28 de Mar\u00e7o de 2025. No Economiza Vuelo, nossa prioridade \u00e9 proporcionar uma experi\u00eancia segura e respeitosa em nossa plataforma, garantindo a prote\u00e7\u00e3o de sua privacidade em todos os momentos. Coletamos uma variedade de informa\u00e7\u00f5es, incluindo seu nome, endere\u00e7o de e-mail, n\u00famero de telefone, entre outros. Esses dados s\u00e3o fundamentais para&hellip; Continue reading Pol\u00edtica de Privacidade","og_url":"https:\/\/economizavuelo.com\/es\/privacy-policy\/","og_site_name":"Economiza Vuelo","article_modified_time":"2025-03-28T12:08:44+00:00","twitter_card":"summary_large_image","twitter_misc":{"Est. reading time":"10 minutos"},"schema":{"@context":"https:\/\/schema.org","@graph":[{"@type":"WebPage","@id":"https:\/\/economizavuelo.com\/privacy-policy\/","url":"https:\/\/economizavuelo.com\/privacy-policy\/","name":"Pol\u00edtica de Privacidade - Economiza Vuelo","isPartOf":{"@id":"https:\/\/economizavuelo.com\/#website"},"datePublished":"2024-04-22T13:58:14+00:00","dateModified":"2025-03-28T12:08:44+00:00","breadcrumb":{"@id":"https:\/\/economizavuelo.com\/privacy-policy\/#breadcrumb"},"inLanguage":"es","potentialAction":[{"@type":"ReadAction","target":["https:\/\/economizavuelo.com\/privacy-policy\/"]}]},{"@type":"BreadcrumbList","@id":"https:\/\/economizavuelo.com\/privacy-policy\/#breadcrumb","itemListElement":[{"@type":"ListItem","position":1,"name":"Home","item":"https:\/\/economizavuelo.com\/"},{"@type":"ListItem","position":2,"name":"Pol\u00edtica de Privacidade"}]},{"@type":"WebSite","@id":"https:\/\/economizavuelo.com\/#website","url":"https:\/\/economizavuelo.com\/","name":"Economiza Vuelo","description":"","potentialAction":[{"@type":"SearchAction","target":{"@type":"EntryPoint","urlTemplate":"https:\/\/economizavuelo.com\/?s={search_term_string}"},"query-input":"required name=search_term_string"}],"inLanguage":"es"}]}},"_links":{"self":[{"href":"https:\/\/economizavuelo.com\/es\/wp-json\/wp\/v2\/pages\/184"}],"collection":[{"href":"https:\/\/economizavuelo.com\/es\/wp-json\/wp\/v2\/pages"}],"about":[{"href":"https:\/\/economizavuelo.com\/es\/wp-json\/wp\/v2\/types\/page"}],"author":[{"embeddable":true,"href":"https:\/\/economizavuelo.com\/es\/wp-json\/wp\/v2\/users\/6"}],"replies":[{"embeddable":true,"href":"https:\/\/economizavuelo.com\/es\/wp-json\/wp\/v2\/comments?post=184"}],"version-history":[{"count":4,"href":"https:\/\/economizavuelo.com\/es\/wp-json\/wp\/v2\/pages\/184\/revisions"}],"predecessor-version":[{"id":759,"href":"https:\/\/economizavuelo.com\/es\/wp-json\/wp\/v2\/pages\/184\/revisions\/759"}],"wp:attachment":[{"href":"https:\/\/economizavuelo.com\/es\/wp-json\/wp\/v2\/media?parent=184"}],"curies":[{"name":"wp","href":"https:\/\/api.w.org\/{rel}","templated":true}]}}