{"id":189,"date":"2024-04-22T16:52:24","date_gmt":"2024-04-22T16:52:24","guid":{"rendered":"https:\/\/economizavuelo.com\/?page_id=189"},"modified":"2026-05-05T22:17:10","modified_gmt":"2026-05-05T22:17:10","slug":"about","status":"publish","type":"page","link":"https:\/\/economizavuelo.com\/en\/about\/","title":{"rendered":"About"},"content":{"rendered":"<!--advertisement--><div class=\"mx-5 sm:mx-0 sm:text-3xl text-2xl font-medium title-font mb-4 text-gray-900 text-left\">\n<h2 class=\"wp-block-heading\" id=\"h-o-que-voce-quer-aprender-hoje\">What do you want to learn today?<\/h2>\n<\/div><div class=\"mx-5 sm:mx-0 prose leading-relaxed text-lg mb-5 text-left wp-paragraph\">\n<p>Node <strong>Save Vuelo<\/strong>, nossa miss\u00e3o \u00e9 simples: ajudar voc\u00ea com dicas de entretenimento e jogos, al\u00e9m de ajudar a viajar mais e gastar menos. Reunimos dicas pr\u00e1ticas, truques inteligentes e informa\u00e7\u00f5es valiosas sobre jogos, finan\u00e7as e viagens para que sejam mais acess\u00edveis e gratificantes.<\/p>\n<\/div><div class=\"mx-5 sm:mx-0 prose leading-relaxed text-lg mb-5 text-left wp-paragraph\">\n<p>Here you find <strong>strategies to save on airfare<\/strong>, <strong>car rental, financing, game tricks, and subscription options<\/strong>, in addition to <strong>vacation home rental suggestions<\/strong> that fit your budget. We believe that exploring the world doesn\u2019t have to be expensive \u2014 you just need the right tools.<\/p>\n<\/div><div class=\"mx-5 sm:mx-0 prose leading-relaxed text-lg mb-5 text-left wp-paragraph\">\n<p>Our commitment is to keep you well informed about <strong>personal finances<\/strong>, <strong>travel planning best practices<\/strong> and <strong>Resources to transform every journey or gameplay into a more economical, safe, and unforgettable experience.<\/strong>.<\/p>\n<\/div><!--advertisement--><div class=\"mx-5 sm:mx-0 sm:text-3xl text-2xl font-medium title-font mb-4 text-gray-900 text-left\">\n<h2 class=\"wp-block-heading\" id=\"h-quem-somos\">Who we are?<\/h2>\n<\/div><div class=\"mx-5 sm:mx-0 prose leading-relaxed text-lg mb-5 text-left wp-paragraph\">\n<p>Minuto Vip is a Journalism and Content platform, present in both Brazil and Estonia. Our mission is to deliver the best content frequently, no matter where you are. We want to be your companion on the journey to travel more cheaply.<\/p>\n<\/div><!--advertisement--><div class=\"mx-5 sm:mx-0 sm:text-3xl text-2xl font-medium title-font mb-4 text-gray-900 text-left\">\n<h2 class=\"wp-block-heading\" id=\"h-nos-ajude-a-melhorar\">Help us improve<\/h2>\n<\/div><div class=\"mx-5 sm:mx-0 prose leading-relaxed text-lg mb-5 text-left wp-paragraph\">\n<p>We highly value your suggestions. Feel free to send us a message on the contact page.<\/p>\n<\/div>","protected":false},"excerpt":{"rendered":"<p>O que voc\u00ea quer aprender hoje? No Economiza Vuelo, nossa miss\u00e3o \u00e9 simples: ajudar voc\u00ea com dicas de entretenimento e jogos, al\u00e9m de ajudar a viajar mais e gastar menos. Reunimos dicas pr\u00e1ticas, truques inteligentes e informa\u00e7\u00f5es valiosas sobre jogos, finan\u00e7as e viagens para que sejam mais acess\u00edveis e gratificantes. Aqui voc\u00ea encontra estrat\u00e9gias para&hellip; <a class=\"more-link\" href=\"https:\/\/economizavuelo.com\/en\/about\/\">Continue reading <span class=\"screen-reader-text\">About<\/span><\/a><\/p>","protected":false},"author":6,"featured_media":0,"parent":0,"menu_order":0,"comment_status":"closed","ping_status":"closed","template":"","meta":{"footnotes":""},"yoast_head":"<!-- This site is optimized with the Yoast SEO plugin v23.3 - https:\/\/yoast.com\/wordpress\/plugins\/seo\/ -->\n<title>Sobre - Economiza Vuelo<\/title>\n<meta name=\"robots\" content=\"index, follow, max-snippet:-1, max-image-preview:large, max-video-preview:-1\" \/>\n<link rel=\"canonical\" href=\"https:\/\/economizavuelo.com\/en\/about\/\" \/>\n<meta property=\"og:locale\" content=\"en_US\" \/>\n<meta property=\"og:type\" content=\"article\" \/>\n<meta property=\"og:title\" content=\"Sobre - Economiza Vuelo\" \/>\n<meta property=\"og:description\" content=\"O que voc\u00ea quer aprender hoje? No Economiza Vuelo, nossa miss\u00e3o \u00e9 simples: ajudar voc\u00ea com dicas de entretenimento e jogos, al\u00e9m de ajudar a viajar mais e gastar menos. Reunimos dicas pr\u00e1ticas, truques inteligentes e informa\u00e7\u00f5es valiosas sobre jogos, finan\u00e7as e viagens para que sejam mais acess\u00edveis e gratificantes. Aqui voc\u00ea encontra estrat\u00e9gias para&hellip; Continue reading Sobre\" \/>\n<meta property=\"og:url\" content=\"https:\/\/economizavuelo.com\/en\/about\/\" \/>\n<meta property=\"og:site_name\" content=\"Economiza Vuelo\" \/>\n<meta property=\"article:modified_time\" content=\"2026-05-05T22:17:10+00:00\" \/>\n<meta name=\"twitter:card\" content=\"summary_large_image\" \/>\n<meta name=\"twitter:label1\" content=\"Est. reading time\" \/>\n\t<meta name=\"twitter:data1\" content=\"2 minutes\" \/>\n<script type=\"application\/ld+json\" class=\"yoast-schema-graph\">{\"@context\":\"https:\/\/schema.org\",\"@graph\":[{\"@type\":\"WebPage\",\"@id\":\"https:\/\/economizavuelo.com\/about\/\",\"url\":\"https:\/\/economizavuelo.com\/about\/\",\"name\":\"Sobre - Economiza Vuelo\",\"isPartOf\":{\"@id\":\"https:\/\/economizavuelo.com\/#website\"},\"datePublished\":\"2024-04-22T16:52:24+00:00\",\"dateModified\":\"2026-05-05T22:17:10+00:00\",\"breadcrumb\":{\"@id\":\"https:\/\/economizavuelo.com\/about\/#breadcrumb\"},\"inLanguage\":\"en-US\",\"potentialAction\":[{\"@type\":\"ReadAction\",\"target\":[\"https:\/\/economizavuelo.com\/about\/\"]}]},{\"@type\":\"BreadcrumbList\",\"@id\":\"https:\/\/economizavuelo.com\/about\/#breadcrumb\",\"itemListElement\":[{\"@type\":\"ListItem\",\"position\":1,\"name\":\"Home\",\"item\":\"https:\/\/economizavuelo.com\/\"},{\"@type\":\"ListItem\",\"position\":2,\"name\":\"Sobre\"}]},{\"@type\":\"WebSite\",\"@id\":\"https:\/\/economizavuelo.com\/#website\",\"url\":\"https:\/\/economizavuelo.com\/\",\"name\":\"Economiza Vuelo\",\"description\":\"\",\"potentialAction\":[{\"@type\":\"SearchAction\",\"target\":{\"@type\":\"EntryPoint\",\"urlTemplate\":\"https:\/\/economizavuelo.com\/?s={search_term_string}\"},\"query-input\":\"required name=search_term_string\"}],\"inLanguage\":\"en-US\"}]}<\/script>\n<!-- \/ Yoast SEO plugin. -->","yoast_head_json":{"title":"Sobre - Economiza Vuelo","robots":{"index":"index","follow":"follow","max-snippet":"max-snippet:-1","max-image-preview":"max-image-preview:large","max-video-preview":"max-video-preview:-1"},"canonical":"https:\/\/economizavuelo.com\/en\/about\/","og_locale":"en_US","og_type":"article","og_title":"Sobre - Economiza Vuelo","og_description":"O que voc\u00ea quer aprender hoje? No Economiza Vuelo, nossa miss\u00e3o \u00e9 simples: ajudar voc\u00ea com dicas de entretenimento e jogos, al\u00e9m de ajudar a viajar mais e gastar menos. Reunimos dicas pr\u00e1ticas, truques inteligentes e informa\u00e7\u00f5es valiosas sobre jogos, finan\u00e7as e viagens para que sejam mais acess\u00edveis e gratificantes. Aqui voc\u00ea encontra estrat\u00e9gias para&hellip; Continue reading Sobre","og_url":"https:\/\/economizavuelo.com\/en\/about\/","og_site_name":"Economiza Vuelo","article_modified_time":"2026-05-05T22:17:10+00:00","twitter_card":"summary_large_image","twitter_misc":{"Est. reading time":"2 minutes"},"schema":{"@context":"https:\/\/schema.org","@graph":[{"@type":"WebPage","@id":"https:\/\/economizavuelo.com\/about\/","url":"https:\/\/economizavuelo.com\/about\/","name":"Sobre - Economiza Vuelo","isPartOf":{"@id":"https:\/\/economizavuelo.com\/#website"},"datePublished":"2024-04-22T16:52:24+00:00","dateModified":"2026-05-05T22:17:10+00:00","breadcrumb":{"@id":"https:\/\/economizavuelo.com\/about\/#breadcrumb"},"inLanguage":"en-US","potentialAction":[{"@type":"ReadAction","target":["https:\/\/economizavuelo.com\/about\/"]}]},{"@type":"BreadcrumbList","@id":"https:\/\/economizavuelo.com\/about\/#breadcrumb","itemListElement":[{"@type":"ListItem","position":1,"name":"Home","item":"https:\/\/economizavuelo.com\/"},{"@type":"ListItem","position":2,"name":"Sobre"}]},{"@type":"WebSite","@id":"https:\/\/economizavuelo.com\/#website","url":"https:\/\/economizavuelo.com\/","name":"Economiza Vuelo","description":"","potentialAction":[{"@type":"SearchAction","target":{"@type":"EntryPoint","urlTemplate":"https:\/\/economizavuelo.com\/?s={search_term_string}"},"query-input":"required name=search_term_string"}],"inLanguage":"en-US"}]}},"_links":{"self":[{"href":"https:\/\/economizavuelo.com\/en\/wp-json\/wp\/v2\/pages\/189"}],"collection":[{"href":"https:\/\/economizavuelo.com\/en\/wp-json\/wp\/v2\/pages"}],"about":[{"href":"https:\/\/economizavuelo.com\/en\/wp-json\/wp\/v2\/types\/page"}],"author":[{"embeddable":true,"href":"https:\/\/economizavuelo.com\/en\/wp-json\/wp\/v2\/users\/6"}],"replies":[{"embeddable":true,"href":"https:\/\/economizavuelo.com\/en\/wp-json\/wp\/v2\/comments?post=189"}],"version-history":[{"count":7,"href":"https:\/\/economizavuelo.com\/en\/wp-json\/wp\/v2\/pages\/189\/revisions"}],"predecessor-version":[{"id":4984,"href":"https:\/\/economizavuelo.com\/en\/wp-json\/wp\/v2\/pages\/189\/revisions\/4984"}],"wp:attachment":[{"href":"https:\/\/economizavuelo.com\/en\/wp-json\/wp\/v2\/media?parent=189"}],"curies":[{"name":"wp","href":"https:\/\/api.w.org\/{rel}","templated":true}]}}